{"id":580,"date":"2025-12-23T12:30:08","date_gmt":"2025-12-23T12:30:08","guid":{"rendered":"https:\/\/ef.bardziejkreatywnie.pl\/?page_id=580"},"modified":"2026-01-14T10:57:40","modified_gmt":"2026-01-14T10:57:40","slug":"vertical","status":"publish","type":"page","link":"https:\/\/ef.bardziejkreatywnie.pl\/index.php\/vertical\/","title":{"rendered":"Vertical"},"content":{"rendered":"\t\t<div data-elementor-type=\"wp-page\" data-elementor-id=\"580\" class=\"elementor elementor-580\" data-elementor-settings=\"{&quot;ha_cmc_init_switcher&quot;:&quot;no&quot;}\">\n\t\t\t\t<div class=\"elementor-element elementor-element-50c822a e-flex e-con-boxed e-con e-parent\" data-id=\"50c822a\" data-element_type=\"container\" data-e-type=\"container\" data-settings=\"{&quot;background_background&quot;:&quot;classic&quot;,&quot;_ha_eqh_enable&quot;:false}\">\n\t\t\t\t\t<div class=\"e-con-inner\">\n\t\t<div class=\"elementor-element elementor-element-219e230 e-con-full e-flex e-con e-child\" data-id=\"219e230\" data-element_type=\"container\" data-e-type=\"container\" data-settings=\"{&quot;_ha_eqh_enable&quot;:false}\">\n\t\t\t\t<div class=\"elementor-element elementor-element-3964506 elementor-widget elementor-widget-heading\" data-id=\"3964506\" data-element_type=\"widget\" data-e-type=\"widget\" data-widget_type=\"heading.default\">\n\t\t\t\t\t<h2 class=\"elementor-heading-title elementor-size-default\">Model VERTICAL<\/h2>\t\t\t\t<\/div>\n\t\t\t\t<\/div>\n\t\t\t\t\t<\/div>\n\t\t\t\t<\/div>\n\t\t<div class=\"elementor-element elementor-element-92dae52 e-flex e-con-boxed e-con e-parent\" data-id=\"92dae52\" data-element_type=\"container\" data-e-type=\"container\" data-settings=\"{&quot;_ha_eqh_enable&quot;:false}\">\n\t\t\t\t\t<div class=\"e-con-inner\">\n\t\t<div class=\"elementor-element elementor-element-6f42587 e-con-full e-flex e-con e-child\" data-id=\"6f42587\" data-element_type=\"container\" data-e-type=\"container\" data-settings=\"{&quot;_ha_eqh_enable&quot;:false}\">\n\t\t\t\t<div class=\"elementor-element elementor-element-24737f3 elementor-widget elementor-widget-image\" data-id=\"24737f3\" data-element_type=\"widget\" data-e-type=\"widget\" data-widget_type=\"image.default\">\n\t\t\t\t\t\t\t\t\t\t\t\t\t\t\t<img fetchpriority=\"high\" decoding=\"async\" width=\"1024\" height=\"768\" src=\"https:\/\/ef.bardziejkreatywnie.pl\/wp-content\/uploads\/2025\/12\/VERTICAL-2-1-1024x768.jpeg\" class=\"attachment-large size-large wp-image-582\" alt=\"\" srcset=\"https:\/\/ef.bardziejkreatywnie.pl\/wp-content\/uploads\/2025\/12\/VERTICAL-2-1-1024x768.jpeg 1024w, https:\/\/ef.bardziejkreatywnie.pl\/wp-content\/uploads\/2025\/12\/VERTICAL-2-1-300x225.jpeg 300w, https:\/\/ef.bardziejkreatywnie.pl\/wp-content\/uploads\/2025\/12\/VERTICAL-2-1-768x576.jpeg 768w, https:\/\/ef.bardziejkreatywnie.pl\/wp-content\/uploads\/2025\/12\/VERTICAL-2-1.jpeg 1080w\" sizes=\"(max-width: 1024px) 100vw, 1024px\" \/>\t\t\t\t\t\t\t\t\t\t\t\t\t\t\t<\/div>\n\t\t\t\t<\/div>\n\t\t<div class=\"elementor-element elementor-element-6639a07 e-con-full e-flex e-con e-child\" data-id=\"6639a07\" data-element_type=\"container\" data-e-type=\"container\" data-settings=\"{&quot;_ha_eqh_enable&quot;:false}\">\n\t\t\t\t<div class=\"elementor-element elementor-element-642d8fd elementor-widget elementor-widget-text-editor\" data-id=\"642d8fd\" data-element_type=\"widget\" data-e-type=\"widget\" data-widget_type=\"text-editor.default\">\n\t\t\t\t\t\t\t\t\t<p>Model VERTICAL wykonany z profili 78 x 19 w uk\u0142adzie pionowym. Odst\u0119p pomi\u0119dzy profilami standardowo wynosi 40mm i mo\u017ce by\u0107 dowolnie modyfikowany. Profile zako\u0144czone s\u0105 okr\u0105g\u0142\u0105 kap\u0105, z mo\u017cliwo\u015bci\u0105 wyko\u0144czenia g\u00f3ry prz\u0119s\u0142a po \u0142uku lub w linii prostej.<\/p>\t\t\t\t\t\t\t\t<\/div>\n\t\t\t\t<\/div>\n\t\t\t\t\t<\/div>\n\t\t\t\t<\/div>\n\t\t<div class=\"elementor-element elementor-element-eb2df7a e-flex e-con-boxed e-con e-parent\" data-id=\"eb2df7a\" data-element_type=\"container\" data-e-type=\"container\" data-settings=\"{&quot;_ha_eqh_enable&quot;:false}\">\n\t\t\t\t\t<div class=\"e-con-inner\">\n\t\t\t\t<div class=\"elementor-element elementor-element-87b5f3c ha-image-grid--masonry elementor-widget elementor-widget-ha-image-grid happy-addon ha-image-grid\" data-id=\"87b5f3c\" data-element_type=\"widget\" data-e-type=\"widget\" data-settings=\"{&quot;disable_lightbox_on_tablet&quot;:&quot;yes&quot;,&quot;disable_lightbox_on_mobile&quot;:&quot;yes&quot;,&quot;layout&quot;:&quot;masonry&quot;,&quot;enable_popup&quot;:&quot;yes&quot;}\" data-widget_type=\"ha-image-grid.default\">\n\t\t\t\t\t\n\t\t<div class=\"ha-image-grid__wrap hajs-isotope ha-lightbox--has\">\n\t\t\t\t\t\t\t\n\t\t\t\t<a href=\"#\" data-mfp-src=\"https:\/\/ef.bardziejkreatywnie.pl\/wp-content\/uploads\/2025\/12\/VERTICAL-1-768x576.webp\" class=\"ha-image-grid__item ha-js-lightbox __fltr-1\">\n\t\t\t\t\t<img decoding=\"async\" width=\"1600\" height=\"1201\" src=\"https:\/\/ef.bardziejkreatywnie.pl\/wp-content\/uploads\/2025\/12\/VERTICAL-1.webp\" class=\"elementor-animation-grow\" alt=\"\" srcset=\"https:\/\/ef.bardziejkreatywnie.pl\/wp-content\/uploads\/2025\/12\/VERTICAL-1.webp 1600w, https:\/\/ef.bardziejkreatywnie.pl\/wp-content\/uploads\/2025\/12\/VERTICAL-1-300x225.webp 300w, https:\/\/ef.bardziejkreatywnie.pl\/wp-content\/uploads\/2025\/12\/VERTICAL-1-1024x769.webp 1024w, https:\/\/ef.bardziejkreatywnie.pl\/wp-content\/uploads\/2025\/12\/VERTICAL-1-768x576.webp 768w, https:\/\/ef.bardziejkreatywnie.pl\/wp-content\/uploads\/2025\/12\/VERTICAL-1-1536x1153.webp 1536w\" sizes=\"(max-width: 1600px) 100vw, 1600px\" \/>\t\t\t\t<\/a>\n\t\t\t\t\t\t\t\n\t\t\t\t<a href=\"#\" data-mfp-src=\"https:\/\/ef.bardziejkreatywnie.pl\/wp-content\/uploads\/2025\/12\/VERTICAL-1-1-768x1024.jpeg\" class=\"ha-image-grid__item ha-js-lightbox __fltr-1\">\n\t\t\t\t\t<img decoding=\"async\" width=\"1080\" height=\"1440\" src=\"https:\/\/ef.bardziejkreatywnie.pl\/wp-content\/uploads\/2025\/12\/VERTICAL-1-1.jpeg\" class=\"elementor-animation-grow\" alt=\"\" srcset=\"https:\/\/ef.bardziejkreatywnie.pl\/wp-content\/uploads\/2025\/12\/VERTICAL-1-1.jpeg 1080w, https:\/\/ef.bardziejkreatywnie.pl\/wp-content\/uploads\/2025\/12\/VERTICAL-1-1-225x300.jpeg 225w, https:\/\/ef.bardziejkreatywnie.pl\/wp-content\/uploads\/2025\/12\/VERTICAL-1-1-768x1024.jpeg 768w\" sizes=\"(max-width: 1080px) 100vw, 1080px\" \/>\t\t\t\t<\/a>\n\t\t\t\t\t\t\t\n\t\t\t\t<a href=\"#\" data-mfp-src=\"https:\/\/ef.bardziejkreatywnie.pl\/wp-content\/uploads\/2025\/12\/VERTICAL-2-768x576.webp\" class=\"ha-image-grid__item ha-js-lightbox __fltr-1\">\n\t\t\t\t\t<img loading=\"lazy\" decoding=\"async\" width=\"1600\" height=\"1201\" src=\"https:\/\/ef.bardziejkreatywnie.pl\/wp-content\/uploads\/2025\/12\/VERTICAL-2.webp\" class=\"elementor-animation-grow\" alt=\"\" srcset=\"https:\/\/ef.bardziejkreatywnie.pl\/wp-content\/uploads\/2025\/12\/VERTICAL-2.webp 1600w, https:\/\/ef.bardziejkreatywnie.pl\/wp-content\/uploads\/2025\/12\/VERTICAL-2-300x225.webp 300w, https:\/\/ef.bardziejkreatywnie.pl\/wp-content\/uploads\/2025\/12\/VERTICAL-2-1024x769.webp 1024w, https:\/\/ef.bardziejkreatywnie.pl\/wp-content\/uploads\/2025\/12\/VERTICAL-2-768x576.webp 768w, https:\/\/ef.bardziejkreatywnie.pl\/wp-content\/uploads\/2025\/12\/VERTICAL-2-1536x1153.webp 1536w\" sizes=\"(max-width: 1600px) 100vw, 1600px\" \/>\t\t\t\t<\/a>\n\t\t\t\t\t\t\t\n\t\t\t\t<a href=\"#\" data-mfp-src=\"https:\/\/ef.bardziejkreatywnie.pl\/wp-content\/uploads\/2025\/12\/VERTICAL-2-1-1-768x576.jpeg\" class=\"ha-image-grid__item ha-js-lightbox __fltr-1\">\n\t\t\t\t\t<img loading=\"lazy\" decoding=\"async\" width=\"1080\" height=\"810\" src=\"https:\/\/ef.bardziejkreatywnie.pl\/wp-content\/uploads\/2025\/12\/VERTICAL-2-1-1.jpeg\" class=\"elementor-animation-grow\" alt=\"\" srcset=\"https:\/\/ef.bardziejkreatywnie.pl\/wp-content\/uploads\/2025\/12\/VERTICAL-2-1-1.jpeg 1080w, https:\/\/ef.bardziejkreatywnie.pl\/wp-content\/uploads\/2025\/12\/VERTICAL-2-1-1-300x225.jpeg 300w, https:\/\/ef.bardziejkreatywnie.pl\/wp-content\/uploads\/2025\/12\/VERTICAL-2-1-1-1024x768.jpeg 1024w, https:\/\/ef.bardziejkreatywnie.pl\/wp-content\/uploads\/2025\/12\/VERTICAL-2-1-1-768x576.jpeg 768w\" sizes=\"(max-width: 1080px) 100vw, 1080px\" \/>\t\t\t\t<\/a>\n\t\t\t\t\t\t\t\n\t\t\t\t<a href=\"#\" data-mfp-src=\"https:\/\/ef.bardziejkreatywnie.pl\/wp-content\/uploads\/2025\/12\/VERTICAL-3-1-768x576.jpeg\" class=\"ha-image-grid__item ha-js-lightbox __fltr-1\">\n\t\t\t\t\t<img loading=\"lazy\" decoding=\"async\" width=\"1080\" height=\"810\" src=\"https:\/\/ef.bardziejkreatywnie.pl\/wp-content\/uploads\/2025\/12\/VERTICAL-3-1.jpeg\" class=\"elementor-animation-grow\" alt=\"\" srcset=\"https:\/\/ef.bardziejkreatywnie.pl\/wp-content\/uploads\/2025\/12\/VERTICAL-3-1.jpeg 1080w, https:\/\/ef.bardziejkreatywnie.pl\/wp-content\/uploads\/2025\/12\/VERTICAL-3-1-300x225.jpeg 300w, https:\/\/ef.bardziejkreatywnie.pl\/wp-content\/uploads\/2025\/12\/VERTICAL-3-1-1024x768.jpeg 1024w, https:\/\/ef.bardziejkreatywnie.pl\/wp-content\/uploads\/2025\/12\/VERTICAL-3-1-768x576.jpeg 768w\" sizes=\"(max-width: 1080px) 100vw, 1080px\" \/>\t\t\t\t<\/a>\n\t\t\t\t\t\t\t\n\t\t\t\t<a href=\"#\" data-mfp-src=\"https:\/\/ef.bardziejkreatywnie.pl\/wp-content\/uploads\/2025\/12\/VERTICAL-3-1-1024x768-1-768x576.webp\" class=\"ha-image-grid__item ha-js-lightbox __fltr-1\">\n\t\t\t\t\t<img loading=\"lazy\" decoding=\"async\" width=\"1024\" height=\"768\" src=\"https:\/\/ef.bardziejkreatywnie.pl\/wp-content\/uploads\/2025\/12\/VERTICAL-3-1-1024x768-1.webp\" class=\"elementor-animation-grow\" alt=\"\" srcset=\"https:\/\/ef.bardziejkreatywnie.pl\/wp-content\/uploads\/2025\/12\/VERTICAL-3-1-1024x768-1.webp 1024w, https:\/\/ef.bardziejkreatywnie.pl\/wp-content\/uploads\/2025\/12\/VERTICAL-3-1-1024x768-1-300x225.webp 300w, https:\/\/ef.bardziejkreatywnie.pl\/wp-content\/uploads\/2025\/12\/VERTICAL-3-1-1024x768-1-768x576.webp 768w\" sizes=\"(max-width: 1024px) 100vw, 1024px\" \/>\t\t\t\t<\/a>\n\t\t\t\t\t\t\t\n\t\t\t\t<a href=\"#\" data-mfp-src=\"https:\/\/ef.bardziejkreatywnie.pl\/wp-content\/uploads\/2025\/12\/VERTICAL-4-768x576.jpg\" class=\"ha-image-grid__item ha-js-lightbox __fltr-1\">\n\t\t\t\t\t<img loading=\"lazy\" decoding=\"async\" width=\"1600\" height=\"1201\" src=\"https:\/\/ef.bardziejkreatywnie.pl\/wp-content\/uploads\/2025\/12\/VERTICAL-4.jpg\" class=\"elementor-animation-grow\" alt=\"\" srcset=\"https:\/\/ef.bardziejkreatywnie.pl\/wp-content\/uploads\/2025\/12\/VERTICAL-4.jpg 1600w, https:\/\/ef.bardziejkreatywnie.pl\/wp-content\/uploads\/2025\/12\/VERTICAL-4-300x225.jpg 300w, https:\/\/ef.bardziejkreatywnie.pl\/wp-content\/uploads\/2025\/12\/VERTICAL-4-1024x769.jpg 1024w, https:\/\/ef.bardziejkreatywnie.pl\/wp-content\/uploads\/2025\/12\/VERTICAL-4-768x576.jpg 768w, https:\/\/ef.bardziejkreatywnie.pl\/wp-content\/uploads\/2025\/12\/VERTICAL-4-1536x1153.jpg 1536w\" sizes=\"(max-width: 1600px) 100vw, 1600px\" \/>\t\t\t\t<\/a>\n\t\t\t\t\t\t\t\n\t\t\t\t<a href=\"#\" data-mfp-src=\"https:\/\/ef.bardziejkreatywnie.pl\/wp-content\/uploads\/2025\/12\/VERTICAL-6-768x576.jpg\" class=\"ha-image-grid__item ha-js-lightbox __fltr-1\">\n\t\t\t\t\t<img loading=\"lazy\" decoding=\"async\" width=\"1600\" height=\"1201\" src=\"https:\/\/ef.bardziejkreatywnie.pl\/wp-content\/uploads\/2025\/12\/VERTICAL-6.jpg\" class=\"elementor-animation-grow\" alt=\"\" srcset=\"https:\/\/ef.bardziejkreatywnie.pl\/wp-content\/uploads\/2025\/12\/VERTICAL-6.jpg 1600w, https:\/\/ef.bardziejkreatywnie.pl\/wp-content\/uploads\/2025\/12\/VERTICAL-6-300x225.jpg 300w, https:\/\/ef.bardziejkreatywnie.pl\/wp-content\/uploads\/2025\/12\/VERTICAL-6-1024x769.jpg 1024w, https:\/\/ef.bardziejkreatywnie.pl\/wp-content\/uploads\/2025\/12\/VERTICAL-6-768x576.jpg 768w, https:\/\/ef.bardziejkreatywnie.pl\/wp-content\/uploads\/2025\/12\/VERTICAL-6-1536x1153.jpg 1536w\" sizes=\"(max-width: 1600px) 100vw, 1600px\" \/>\t\t\t\t<\/a>\n\t\t\t\t\t\t\t\n\t\t\t\t<a href=\"#\" data-mfp-src=\"https:\/\/ef.bardziejkreatywnie.pl\/wp-content\/uploads\/2025\/12\/VERTICAL-7-768x576.jpg\" class=\"ha-image-grid__item ha-js-lightbox __fltr-1\">\n\t\t\t\t\t<img loading=\"lazy\" decoding=\"async\" width=\"1600\" height=\"1200\" src=\"https:\/\/ef.bardziejkreatywnie.pl\/wp-content\/uploads\/2025\/12\/VERTICAL-7.jpg\" class=\"elementor-animation-grow\" alt=\"\" srcset=\"https:\/\/ef.bardziejkreatywnie.pl\/wp-content\/uploads\/2025\/12\/VERTICAL-7.jpg 1600w, https:\/\/ef.bardziejkreatywnie.pl\/wp-content\/uploads\/2025\/12\/VERTICAL-7-300x225.jpg 300w, https:\/\/ef.bardziejkreatywnie.pl\/wp-content\/uploads\/2025\/12\/VERTICAL-7-1024x768.jpg 1024w, https:\/\/ef.bardziejkreatywnie.pl\/wp-content\/uploads\/2025\/12\/VERTICAL-7-768x576.jpg 768w, https:\/\/ef.bardziejkreatywnie.pl\/wp-content\/uploads\/2025\/12\/VERTICAL-7-1536x1152.jpg 1536w\" sizes=\"(max-width: 1600px) 100vw, 1600px\" \/>\t\t\t\t<\/a>\n\t\t\t\t\t\t\t\n\t\t\t\t<a href=\"#\" data-mfp-src=\"https:\/\/ef.bardziejkreatywnie.pl\/wp-content\/uploads\/2025\/12\/VERTICAL-7-1-768x576.jpeg\" class=\"ha-image-grid__item ha-js-lightbox __fltr-1\">\n\t\t\t\t\t<img loading=\"lazy\" decoding=\"async\" width=\"2040\" height=\"1530\" src=\"https:\/\/ef.bardziejkreatywnie.pl\/wp-content\/uploads\/2025\/12\/VERTICAL-7-1.jpeg\" class=\"elementor-animation-grow\" alt=\"\" srcset=\"https:\/\/ef.bardziejkreatywnie.pl\/wp-content\/uploads\/2025\/12\/VERTICAL-7-1.jpeg 2040w, https:\/\/ef.bardziejkreatywnie.pl\/wp-content\/uploads\/2025\/12\/VERTICAL-7-1-300x225.jpeg 300w, https:\/\/ef.bardziejkreatywnie.pl\/wp-content\/uploads\/2025\/12\/VERTICAL-7-1-1024x768.jpeg 1024w, https:\/\/ef.bardziejkreatywnie.pl\/wp-content\/uploads\/2025\/12\/VERTICAL-7-1-768x576.jpeg 768w, https:\/\/ef.bardziejkreatywnie.pl\/wp-content\/uploads\/2025\/12\/VERTICAL-7-1-1536x1152.jpeg 1536w\" sizes=\"(max-width: 2040px) 100vw, 2040px\" \/>\t\t\t\t<\/a>\n\t\t\t\t\t\t\t\n\t\t\t\t<a href=\"#\" data-mfp-src=\"https:\/\/ef.bardziejkreatywnie.pl\/wp-content\/uploads\/2025\/12\/VERTICAL-8-768x576.jpg\" class=\"ha-image-grid__item ha-js-lightbox __fltr-1\">\n\t\t\t\t\t<img loading=\"lazy\" decoding=\"async\" width=\"1600\" height=\"1201\" src=\"https:\/\/ef.bardziejkreatywnie.pl\/wp-content\/uploads\/2025\/12\/VERTICAL-8.jpg\" class=\"elementor-animation-grow\" alt=\"\" srcset=\"https:\/\/ef.bardziejkreatywnie.pl\/wp-content\/uploads\/2025\/12\/VERTICAL-8.jpg 1600w, https:\/\/ef.bardziejkreatywnie.pl\/wp-content\/uploads\/2025\/12\/VERTICAL-8-300x225.jpg 300w, https:\/\/ef.bardziejkreatywnie.pl\/wp-content\/uploads\/2025\/12\/VERTICAL-8-1024x769.jpg 1024w, https:\/\/ef.bardziejkreatywnie.pl\/wp-content\/uploads\/2025\/12\/VERTICAL-8-768x576.jpg 768w, https:\/\/ef.bardziejkreatywnie.pl\/wp-content\/uploads\/2025\/12\/VERTICAL-8-1536x1153.jpg 1536w\" sizes=\"(max-width: 1600px) 100vw, 1600px\" \/>\t\t\t\t<\/a>\n\t\t\t\t\t\t\t\n\t\t\t\t<a href=\"#\" data-mfp-src=\"https:\/\/ef.bardziejkreatywnie.pl\/wp-content\/uploads\/2025\/12\/VERTICAL-8-1-768x1024.jpeg\" class=\"ha-image-grid__item ha-js-lightbox __fltr-1\">\n\t\t\t\t\t<img loading=\"lazy\" decoding=\"async\" width=\"1530\" height=\"2040\" src=\"https:\/\/ef.bardziejkreatywnie.pl\/wp-content\/uploads\/2025\/12\/VERTICAL-8-1.jpeg\" class=\"elementor-animation-grow\" alt=\"\" srcset=\"https:\/\/ef.bardziejkreatywnie.pl\/wp-content\/uploads\/2025\/12\/VERTICAL-8-1.jpeg 1530w, https:\/\/ef.bardziejkreatywnie.pl\/wp-content\/uploads\/2025\/12\/VERTICAL-8-1-225x300.jpeg 225w, https:\/\/ef.bardziejkreatywnie.pl\/wp-content\/uploads\/2025\/12\/VERTICAL-8-1-768x1024.jpeg 768w, https:\/\/ef.bardziejkreatywnie.pl\/wp-content\/uploads\/2025\/12\/VERTICAL-8-1-1152x1536.jpeg 1152w\" sizes=\"(max-width: 1530px) 100vw, 1530px\" \/>\t\t\t\t<\/a>\n\t\t\t\t\t\t\t\n\t\t\t\t<a href=\"#\" data-mfp-src=\"https:\/\/ef.bardziejkreatywnie.pl\/wp-content\/uploads\/2025\/12\/VERTICAL-9-768x576.jpg\" class=\"ha-image-grid__item ha-js-lightbox __fltr-1\">\n\t\t\t\t\t<img loading=\"lazy\" decoding=\"async\" width=\"1600\" height=\"1201\" src=\"https:\/\/ef.bardziejkreatywnie.pl\/wp-content\/uploads\/2025\/12\/VERTICAL-9.jpg\" class=\"elementor-animation-grow\" alt=\"\" srcset=\"https:\/\/ef.bardziejkreatywnie.pl\/wp-content\/uploads\/2025\/12\/VERTICAL-9.jpg 1600w, https:\/\/ef.bardziejkreatywnie.pl\/wp-content\/uploads\/2025\/12\/VERTICAL-9-300x225.jpg 300w, https:\/\/ef.bardziejkreatywnie.pl\/wp-content\/uploads\/2025\/12\/VERTICAL-9-1024x769.jpg 1024w, https:\/\/ef.bardziejkreatywnie.pl\/wp-content\/uploads\/2025\/12\/VERTICAL-9-768x576.jpg 768w, https:\/\/ef.bardziejkreatywnie.pl\/wp-content\/uploads\/2025\/12\/VERTICAL-9-1536x1153.jpg 1536w\" sizes=\"(max-width: 1600px) 100vw, 1600px\" \/>\t\t\t\t<\/a>\n\t\t\t\t\t<\/div>\n\n\t\t\t\t\t\t<\/div>\n\t\t\t\t\t<\/div>\n\t\t\t\t<\/div>\n\t\t\t\t<\/div>\n\t\t","protected":false},"excerpt":{"rendered":"<p>Model VERTICAL Model VERTICAL wykonany z profili 78 x 19 w uk\u0142adzie pionowym. Odst\u0119p pomi\u0119dzy profilami standardowo wynosi 40mm i [&hellip;]<\/p>\n","protected":false},"author":1,"featured_media":0,"parent":0,"menu_order":0,"comment_status":"closed","ping_status":"closed","template":"","meta":{"site-sidebar-layout":"no-sidebar","site-content-layout":"","ast-site-content-layout":"full-width-container","site-content-style":"default","site-sidebar-style":"default","ast-global-header-display":"","ast-banner-title-visibility":"","ast-main-header-display":"","ast-hfb-above-header-display":"","ast-hfb-below-header-display":"","ast-hfb-mobile-header-display":"","site-post-title":"disabled","ast-breadcrumbs-content":"","ast-featured-img":"disabled","footer-sml-layout":"","ast-disable-related-posts":"","theme-transparent-header-meta":"","adv-header-id-meta":"","stick-header-meta":"","header-above-stick-meta":"","header-main-stick-meta":"","header-below-stick-meta":"","astra-migrate-meta-layouts":"default","ast-page-background-enabled":"default","ast-page-background-meta":{"desktop":{"background-color":"var(--ast-global-color-5)","background-image":"","background-repeat":"repeat","background-position":"center center","background-size":"auto","background-attachment":"scroll","background-type":"","background-media":"","overlay-type":"","overlay-color":"","overlay-opacity":"","overlay-gradient":""},"tablet":{"background-color":"","background-image":"","background-repeat":"repeat","background-position":"center center","background-size":"auto","background-attachment":"scroll","background-type":"","background-media":"","overlay-type":"","overlay-color":"","overlay-opacity":"","overlay-gradient":""},"mobile":{"background-color":"","background-image":"","background-repeat":"repeat","background-position":"center center","background-size":"auto","background-attachment":"scroll","background-type":"","background-media":"","overlay-type":"","overlay-color":"","overlay-opacity":"","overlay-gradient":""}},"ast-content-background-meta":{"desktop":{"background-color":"var(--ast-global-color-4)","background-image":"","background-repeat":"repeat","background-position":"center center","background-size":"auto","background-attachment":"scroll","background-type":"","background-media":"","overlay-type":"","overlay-color":"","overlay-opacity":"","overlay-gradient":""},"tablet":{"background-color":"var(--ast-global-color-4)","background-image":"","background-repeat":"repeat","background-position":"center center","background-size":"auto","background-attachment":"scroll","background-type":"","background-media":"","overlay-type":"","overlay-color":"","overlay-opacity":"","overlay-gradient":""},"mobile":{"background-color":"var(--ast-global-color-4)","background-image":"","background-repeat":"repeat","background-position":"center center","background-size":"auto","background-attachment":"scroll","background-type":"","background-media":"","overlay-type":"","overlay-color":"","overlay-opacity":"","overlay-gradient":""}},"footnotes":""},"class_list":["post-580","page","type-page","status-publish","hentry"],"_links":{"self":[{"href":"https:\/\/ef.bardziejkreatywnie.pl\/index.php\/wp-json\/wp\/v2\/pages\/580","targetHints":{"allow":["GET"]}}],"collection":[{"href":"https:\/\/ef.bardziejkreatywnie.pl\/index.php\/wp-json\/wp\/v2\/pages"}],"about":[{"href":"https:\/\/ef.bardziejkreatywnie.pl\/index.php\/wp-json\/wp\/v2\/types\/page"}],"author":[{"embeddable":true,"href":"https:\/\/ef.bardziejkreatywnie.pl\/index.php\/wp-json\/wp\/v2\/users\/1"}],"replies":[{"embeddable":true,"href":"https:\/\/ef.bardziejkreatywnie.pl\/index.php\/wp-json\/wp\/v2\/comments?post=580"}],"version-history":[{"count":7,"href":"https:\/\/ef.bardziejkreatywnie.pl\/index.php\/wp-json\/wp\/v2\/pages\/580\/revisions"}],"predecessor-version":[{"id":1298,"href":"https:\/\/ef.bardziejkreatywnie.pl\/index.php\/wp-json\/wp\/v2\/pages\/580\/revisions\/1298"}],"wp:attachment":[{"href":"https:\/\/ef.bardziejkreatywnie.pl\/index.php\/wp-json\/wp\/v2\/media?parent=580"}],"curies":[{"name":"wp","href":"https:\/\/api.w.org\/{rel}","templated":true}]}}