{"id":57,"date":"2025-12-22T09:50:38","date_gmt":"2025-12-22T09:50:38","guid":{"rendered":"https:\/\/ef.bardziejkreatywnie.pl\/?page_id=57"},"modified":"2026-01-14T10:58:14","modified_gmt":"2026-01-14T10:58:14","slug":"wideodomofony","status":"publish","type":"page","link":"https:\/\/ef.bardziejkreatywnie.pl\/index.php\/wideodomofony\/","title":{"rendered":"WIDEODOMOFONY"},"content":{"rendered":"\t\t<div data-elementor-type=\"wp-page\" data-elementor-id=\"57\" class=\"elementor elementor-57\" data-elementor-settings=\"{&quot;ha_cmc_init_switcher&quot;:&quot;no&quot;}\">\n\t\t\t\t<div class=\"elementor-element elementor-element-073bd85 e-flex e-con-boxed e-con e-parent\" data-id=\"073bd85\" data-element_type=\"container\" data-e-type=\"container\" data-settings=\"{&quot;background_background&quot;:&quot;classic&quot;,&quot;_ha_eqh_enable&quot;:false}\">\n\t\t\t\t\t<div class=\"e-con-inner\">\n\t\t<div class=\"elementor-element elementor-element-6de3bda e-con-full e-flex e-con e-child\" data-id=\"6de3bda\" data-element_type=\"container\" data-e-type=\"container\" data-settings=\"{&quot;_ha_eqh_enable&quot;:false}\">\n\t\t\t\t<div class=\"elementor-element elementor-element-21b0870 elementor-widget elementor-widget-heading\" data-id=\"21b0870\" data-element_type=\"widget\" data-e-type=\"widget\" data-widget_type=\"heading.default\">\n\t\t\t\t\t<h2 class=\"elementor-heading-title elementor-size-default\">WIDEODOMOFONY<\/h2>\t\t\t\t<\/div>\n\t\t\t\t<\/div>\n\t\t\t\t\t<\/div>\n\t\t\t\t<\/div>\n\t\t<div class=\"elementor-element elementor-element-f81c8e0 e-flex e-con-boxed e-con e-parent\" data-id=\"f81c8e0\" data-element_type=\"container\" data-e-type=\"container\" data-settings=\"{&quot;_ha_eqh_enable&quot;:false}\">\n\t\t\t\t\t<div class=\"e-con-inner\">\n\t\t<div class=\"elementor-element elementor-element-f532dfd e-con-full e-flex e-con e-child\" data-id=\"f532dfd\" data-element_type=\"container\" data-e-type=\"container\" data-settings=\"{&quot;_ha_eqh_enable&quot;:false}\">\n\t\t\t\t<div class=\"elementor-element elementor-element-fcac418 elementor-widget elementor-widget-image\" data-id=\"fcac418\" data-element_type=\"widget\" data-e-type=\"widget\" data-widget_type=\"image.default\">\n\t\t\t\t\t\t\t\t\t\t\t\t\t\t\t<img fetchpriority=\"high\" decoding=\"async\" width=\"1024\" height=\"768\" src=\"https:\/\/ef.bardziejkreatywnie.pl\/wp-content\/uploads\/2025\/12\/wideodomofony-1024x768-1.webp\" class=\"attachment-large size-large wp-image-700\" alt=\"\" srcset=\"https:\/\/ef.bardziejkreatywnie.pl\/wp-content\/uploads\/2025\/12\/wideodomofony-1024x768-1.webp 1024w, https:\/\/ef.bardziejkreatywnie.pl\/wp-content\/uploads\/2025\/12\/wideodomofony-1024x768-1-300x225.webp 300w, https:\/\/ef.bardziejkreatywnie.pl\/wp-content\/uploads\/2025\/12\/wideodomofony-1024x768-1-768x576.webp 768w\" sizes=\"(max-width: 1024px) 100vw, 1024px\" \/>\t\t\t\t\t\t\t\t\t\t\t\t\t\t\t<\/div>\n\t\t\t\t<\/div>\n\t\t<div class=\"elementor-element elementor-element-f5241c7 e-con-full e-flex e-con e-child\" data-id=\"f5241c7\" data-element_type=\"container\" data-e-type=\"container\" data-settings=\"{&quot;_ha_eqh_enable&quot;:false}\">\n\t\t\t\t<div class=\"elementor-element elementor-element-3673892 elementor-widget elementor-widget-text-editor\" data-id=\"3673892\" data-element_type=\"widget\" data-e-type=\"widget\" data-widget_type=\"text-editor.default\">\n\t\t\t\t\t\t\t\t\t<p>W dope\u0142nieniu do naszych nowoczesnych ogrodze\u0144 aluminiowych oferujemy Pa\u0144stwu r\u00f3wnie\u017c wideo domofony renomowanej firmy 5TECH.<\/p>\t\t\t\t\t\t\t\t<\/div>\n\t\t\t\t<\/div>\n\t\t\t\t\t<\/div>\n\t\t\t\t<\/div>\n\t\t<div class=\"elementor-element elementor-element-db5558d e-flex e-con-boxed e-con e-parent\" data-id=\"db5558d\" data-element_type=\"container\" data-e-type=\"container\" data-settings=\"{&quot;_ha_eqh_enable&quot;:false}\">\n\t\t\t\t\t<div class=\"e-con-inner\">\n\t\t\t\t<div class=\"elementor-element elementor-element-3e2f4d7 ha-image-grid--masonry elementor-widget elementor-widget-ha-image-grid happy-addon ha-image-grid\" data-id=\"3e2f4d7\" data-element_type=\"widget\" data-e-type=\"widget\" data-settings=\"{&quot;disable_lightbox_on_tablet&quot;:&quot;yes&quot;,&quot;disable_lightbox_on_mobile&quot;:&quot;yes&quot;,&quot;layout&quot;:&quot;masonry&quot;,&quot;enable_popup&quot;:&quot;yes&quot;}\" data-widget_type=\"ha-image-grid.default\">\n\t\t\t\t\t\n\t\t<div class=\"ha-image-grid__wrap hajs-isotope ha-lightbox--has\">\n\t\t\t\t\t\t\t\n\t\t\t\t<a href=\"#\" data-mfp-src=\"https:\/\/ef.bardziejkreatywnie.pl\/wp-content\/uploads\/2025\/12\/wideodomofony-1.webp\" class=\"ha-image-grid__item ha-js-lightbox __fltr-1\">\n\t\t\t\t\t<img decoding=\"async\" width=\"2215\" height=\"1601\" src=\"https:\/\/ef.bardziejkreatywnie.pl\/wp-content\/uploads\/2025\/12\/wideodomofony-1.webp\" class=\"elementor-animation-grow\" alt=\"\" srcset=\"https:\/\/ef.bardziejkreatywnie.pl\/wp-content\/uploads\/2025\/12\/wideodomofony-1.webp 2215w, https:\/\/ef.bardziejkreatywnie.pl\/wp-content\/uploads\/2025\/12\/wideodomofony-1-300x217.webp 300w, https:\/\/ef.bardziejkreatywnie.pl\/wp-content\/uploads\/2025\/12\/wideodomofony-1-1024x740.webp 1024w, https:\/\/ef.bardziejkreatywnie.pl\/wp-content\/uploads\/2025\/12\/wideodomofony-1-768x555.webp 768w, https:\/\/ef.bardziejkreatywnie.pl\/wp-content\/uploads\/2025\/12\/wideodomofony-1-1536x1110.webp 1536w, https:\/\/ef.bardziejkreatywnie.pl\/wp-content\/uploads\/2025\/12\/wideodomofony-1-2048x1480.webp 2048w\" sizes=\"(max-width: 2215px) 100vw, 2215px\" \/>\t\t\t\t<\/a>\n\t\t\t\t\t\t\t\n\t\t\t\t<a href=\"#\" data-mfp-src=\"https:\/\/ef.bardziejkreatywnie.pl\/wp-content\/uploads\/2025\/12\/wideodomofony-1024x768-2.webp\" class=\"ha-image-grid__item ha-js-lightbox __fltr-1\">\n\t\t\t\t\t<img decoding=\"async\" width=\"1024\" height=\"768\" src=\"https:\/\/ef.bardziejkreatywnie.pl\/wp-content\/uploads\/2025\/12\/wideodomofony-1024x768-2.webp\" class=\"elementor-animation-grow\" alt=\"\" srcset=\"https:\/\/ef.bardziejkreatywnie.pl\/wp-content\/uploads\/2025\/12\/wideodomofony-1024x768-2.webp 1024w, https:\/\/ef.bardziejkreatywnie.pl\/wp-content\/uploads\/2025\/12\/wideodomofony-1024x768-2-300x225.webp 300w, https:\/\/ef.bardziejkreatywnie.pl\/wp-content\/uploads\/2025\/12\/wideodomofony-1024x768-2-768x576.webp 768w\" sizes=\"(max-width: 1024px) 100vw, 1024px\" \/>\t\t\t\t<\/a>\n\t\t\t\t\t<\/div>\n\n\t\t\t\t\t\t<\/div>\n\t\t\t\t\t<\/div>\n\t\t\t\t<\/div>\n\t\t\t\t<\/div>\n\t\t","protected":false},"excerpt":{"rendered":"<p>WIDEODOMOFONY W dope\u0142nieniu do naszych nowoczesnych ogrodze\u0144 aluminiowych oferujemy Pa\u0144stwu r\u00f3wnie\u017c wideo domofony renomowanej firmy 5TECH.<\/p>\n","protected":false},"author":1,"featured_media":0,"parent":0,"menu_order":0,"comment_status":"closed","ping_status":"closed","template":"","meta":{"site-sidebar-layout":"no-sidebar","site-content-layout":"","ast-site-content-layout":"full-width-container","site-content-style":"default","site-sidebar-style":"default","ast-global-header-display":"","ast-banner-title-visibility":"","ast-main-header-display":"","ast-hfb-above-header-display":"","ast-hfb-below-header-display":"","ast-hfb-mobile-header-display":"","site-post-title":"disabled","ast-breadcrumbs-content":"","ast-featured-img":"disabled","footer-sml-layout":"","ast-disable-related-posts":"","theme-transparent-header-meta":"","adv-header-id-meta":"","stick-header-meta":"","header-above-stick-meta":"","header-main-stick-meta":"","header-below-stick-meta":"","astra-migrate-meta-layouts":"default","ast-page-background-enabled":"default","ast-page-background-meta":{"desktop":{"background-color":"var(--ast-global-color-5)","background-image":"","background-repeat":"repeat","background-position":"center center","background-size":"auto","background-attachment":"scroll","background-type":"","background-media":"","overlay-type":"","overlay-color":"","overlay-opacity":"","overlay-gradient":""},"tablet":{"background-color":"","background-image":"","background-repeat":"repeat","background-position":"center center","background-size":"auto","background-attachment":"scroll","background-type":"","background-media":"","overlay-type":"","overlay-color":"","overlay-opacity":"","overlay-gradient":""},"mobile":{"background-color":"","background-image":"","background-repeat":"repeat","background-position":"center center","background-size":"auto","background-attachment":"scroll","background-type":"","background-media":"","overlay-type":"","overlay-color":"","overlay-opacity":"","overlay-gradient":""}},"ast-content-background-meta":{"desktop":{"background-color":"var(--ast-global-color-4)","background-image":"","background-repeat":"repeat","background-position":"center center","background-size":"auto","background-attachment":"scroll","background-type":"","background-media":"","overlay-type":"","overlay-color":"","overlay-opacity":"","overlay-gradient":""},"tablet":{"background-color":"var(--ast-global-color-4)","background-image":"","background-repeat":"repeat","background-position":"center center","background-size":"auto","background-attachment":"scroll","background-type":"","background-media":"","overlay-type":"","overlay-color":"","overlay-opacity":"","overlay-gradient":""},"mobile":{"background-color":"var(--ast-global-color-4)","background-image":"","background-repeat":"repeat","background-position":"center center","background-size":"auto","background-attachment":"scroll","background-type":"","background-media":"","overlay-type":"","overlay-color":"","overlay-opacity":"","overlay-gradient":""}},"footnotes":""},"class_list":["post-57","page","type-page","status-publish","hentry"],"_links":{"self":[{"href":"https:\/\/ef.bardziejkreatywnie.pl\/index.php\/wp-json\/wp\/v2\/pages\/57","targetHints":{"allow":["GET"]}}],"collection":[{"href":"https:\/\/ef.bardziejkreatywnie.pl\/index.php\/wp-json\/wp\/v2\/pages"}],"about":[{"href":"https:\/\/ef.bardziejkreatywnie.pl\/index.php\/wp-json\/wp\/v2\/types\/page"}],"author":[{"embeddable":true,"href":"https:\/\/ef.bardziejkreatywnie.pl\/index.php\/wp-json\/wp\/v2\/users\/1"}],"replies":[{"embeddable":true,"href":"https:\/\/ef.bardziejkreatywnie.pl\/index.php\/wp-json\/wp\/v2\/comments?post=57"}],"version-history":[{"count":7,"href":"https:\/\/ef.bardziejkreatywnie.pl\/index.php\/wp-json\/wp\/v2\/pages\/57\/revisions"}],"predecessor-version":[{"id":1304,"href":"https:\/\/ef.bardziejkreatywnie.pl\/index.php\/wp-json\/wp\/v2\/pages\/57\/revisions\/1304"}],"wp:attachment":[{"href":"https:\/\/ef.bardziejkreatywnie.pl\/index.php\/wp-json\/wp\/v2\/media?parent=57"}],"curies":[{"name":"wp","href":"https:\/\/api.w.org\/{rel}","templated":true}]}}