{"id":560,"date":"2025-12-23T12:26:36","date_gmt":"2025-12-23T12:26:36","guid":{"rendered":"https:\/\/ef.bardziejkreatywnie.pl\/?page_id=560"},"modified":"2026-01-14T10:56:32","modified_gmt":"2026-01-14T10:56:32","slug":"termodruk-2","status":"publish","type":"page","link":"https:\/\/ef.bardziejkreatywnie.pl\/index.php\/termodruk-2\/","title":{"rendered":"TERMODRUK"},"content":{"rendered":"\t\t<div data-elementor-type=\"wp-page\" data-elementor-id=\"560\" class=\"elementor elementor-560\" data-elementor-settings=\"{&quot;ha_cmc_init_switcher&quot;:&quot;no&quot;}\">\n\t\t\t\t<div class=\"elementor-element elementor-element-50c822a e-flex e-con-boxed e-con e-parent\" data-id=\"50c822a\" data-element_type=\"container\" data-e-type=\"container\" data-settings=\"{&quot;background_background&quot;:&quot;classic&quot;,&quot;_ha_eqh_enable&quot;:false}\">\n\t\t\t\t\t<div class=\"e-con-inner\">\n\t\t<div class=\"elementor-element elementor-element-219e230 e-con-full e-flex e-con e-child\" data-id=\"219e230\" data-element_type=\"container\" data-e-type=\"container\" data-settings=\"{&quot;_ha_eqh_enable&quot;:false}\">\n\t\t\t\t<div class=\"elementor-element elementor-element-3964506 elementor-widget elementor-widget-heading\" data-id=\"3964506\" data-element_type=\"widget\" data-e-type=\"widget\" data-widget_type=\"heading.default\">\n\t\t\t\t\t<h2 class=\"elementor-heading-title elementor-size-default\">TERMODRUK <\/h2>\t\t\t\t<\/div>\n\t\t\t\t<\/div>\n\t\t\t\t\t<\/div>\n\t\t\t\t<\/div>\n\t\t<div class=\"elementor-element elementor-element-92dae52 e-flex e-con-boxed e-con e-parent\" data-id=\"92dae52\" data-element_type=\"container\" data-e-type=\"container\" data-settings=\"{&quot;_ha_eqh_enable&quot;:false}\">\n\t\t\t\t\t<div class=\"e-con-inner\">\n\t\t<div class=\"elementor-element elementor-element-6f42587 e-con-full e-flex e-con e-child\" data-id=\"6f42587\" data-element_type=\"container\" data-e-type=\"container\" data-settings=\"{&quot;_ha_eqh_enable&quot;:false}\">\n\t\t\t\t<div class=\"elementor-element elementor-element-24737f3 elementor-widget elementor-widget-image\" data-id=\"24737f3\" data-element_type=\"widget\" data-e-type=\"widget\" data-widget_type=\"image.default\">\n\t\t\t\t\t\t\t\t\t\t\t\t\t\t\t<img fetchpriority=\"high\" decoding=\"async\" width=\"768\" height=\"1024\" src=\"https:\/\/ef.bardziejkreatywnie.pl\/wp-content\/uploads\/2026\/01\/TERMODRUK-768x1024.webp\" class=\"attachment-large size-large wp-image-988\" alt=\"\" srcset=\"https:\/\/ef.bardziejkreatywnie.pl\/wp-content\/uploads\/2026\/01\/TERMODRUK-768x1024.webp 768w, https:\/\/ef.bardziejkreatywnie.pl\/wp-content\/uploads\/2026\/01\/TERMODRUK-225x300.webp 225w, https:\/\/ef.bardziejkreatywnie.pl\/wp-content\/uploads\/2026\/01\/TERMODRUK-1152x1536.webp 1152w, https:\/\/ef.bardziejkreatywnie.pl\/wp-content\/uploads\/2026\/01\/TERMODRUK.webp 1200w\" sizes=\"(max-width: 768px) 100vw, 768px\" \/>\t\t\t\t\t\t\t\t\t\t\t\t\t\t\t<\/div>\n\t\t\t\t<\/div>\n\t\t<div class=\"elementor-element elementor-element-6639a07 e-con-full e-flex e-con e-child\" data-id=\"6639a07\" data-element_type=\"container\" data-e-type=\"container\" data-settings=\"{&quot;_ha_eqh_enable&quot;:false}\">\n\t\t\t\t<div class=\"elementor-element elementor-element-642d8fd elementor-widget elementor-widget-text-editor\" data-id=\"642d8fd\" data-element_type=\"widget\" data-e-type=\"widget\" data-widget_type=\"text-editor.default\">\n\t\t\t\t\t\t\t\t\t<p>Pow\u0142oka lakiernicza w imitacji drewna.<\/p><p>TERMODRUK to solidnie wykonana warstwa lakieru, na kt\u00f3ry udzielamy a\u017c 10 LAT GWARANCJI!<\/p><p>ZREALIZUJ OGRODZENIE SWOICH MARZE\u0143 JU\u017b DZI\u015a!<br \/>Zapraszamy do zapoznania si\u0119 z nasz\u0105 ofert\u0105 oraz kontaktu w celu ustalenia dalszych szczeg\u00f3\u0142\u00f3w.<\/p>\t\t\t\t\t\t\t\t<\/div>\n\t\t\t\t<\/div>\n\t\t\t\t\t<\/div>\n\t\t\t\t<\/div>\n\t\t<div class=\"elementor-element elementor-element-eb2df7a e-flex e-con-boxed e-con e-parent\" data-id=\"eb2df7a\" data-element_type=\"container\" data-e-type=\"container\" data-settings=\"{&quot;_ha_eqh_enable&quot;:false}\">\n\t\t\t\t\t<div class=\"e-con-inner\">\n\t\t\t\t<div class=\"elementor-element elementor-element-87b5f3c ha-image-grid--masonry elementor-widget elementor-widget-ha-image-grid happy-addon ha-image-grid\" data-id=\"87b5f3c\" data-element_type=\"widget\" data-e-type=\"widget\" data-settings=\"{&quot;disable_lightbox_on_tablet&quot;:&quot;yes&quot;,&quot;disable_lightbox_on_mobile&quot;:&quot;yes&quot;,&quot;layout&quot;:&quot;masonry&quot;,&quot;enable_popup&quot;:&quot;yes&quot;}\" data-widget_type=\"ha-image-grid.default\">\n\t\t\t\t\t\n\t\t<div class=\"ha-image-grid__wrap hajs-isotope ha-lightbox--has\">\n\t\t\t\t\t\t\t\n\t\t\t\t<a href=\"#\" data-mfp-src=\"https:\/\/ef.bardziejkreatywnie.pl\/wp-content\/uploads\/2026\/01\/aluminiowa-brama-przesuwna-model-friz-termodruk-euro-fences-ogrodzenia-borne-sulinowo.jpg\" class=\"ha-image-grid__item ha-js-lightbox __fltr-1\">\n\t\t\t\t\t<img decoding=\"async\" width=\"576\" height=\"1024\" src=\"https:\/\/ef.bardziejkreatywnie.pl\/wp-content\/uploads\/2026\/01\/aluminiowa-brama-przesuwna-model-friz-termodruk-euro-fences-ogrodzenia-borne-sulinowo-576x1024.jpg\" class=\"elementor-animation-grow\" alt=\"\" srcset=\"https:\/\/ef.bardziejkreatywnie.pl\/wp-content\/uploads\/2026\/01\/aluminiowa-brama-przesuwna-model-friz-termodruk-euro-fences-ogrodzenia-borne-sulinowo-576x1024.jpg 576w, https:\/\/ef.bardziejkreatywnie.pl\/wp-content\/uploads\/2026\/01\/aluminiowa-brama-przesuwna-model-friz-termodruk-euro-fences-ogrodzenia-borne-sulinowo-169x300.jpg 169w, https:\/\/ef.bardziejkreatywnie.pl\/wp-content\/uploads\/2026\/01\/aluminiowa-brama-przesuwna-model-friz-termodruk-euro-fences-ogrodzenia-borne-sulinowo-768x1365.jpg 768w, https:\/\/ef.bardziejkreatywnie.pl\/wp-content\/uploads\/2026\/01\/aluminiowa-brama-przesuwna-model-friz-termodruk-euro-fences-ogrodzenia-borne-sulinowo-864x1536.jpg 864w, https:\/\/ef.bardziejkreatywnie.pl\/wp-content\/uploads\/2026\/01\/aluminiowa-brama-przesuwna-model-friz-termodruk-euro-fences-ogrodzenia-borne-sulinowo.jpg 900w\" sizes=\"(max-width: 576px) 100vw, 576px\" \/>\t\t\t\t<\/a>\n\t\t\t\t\t\t\t\n\t\t\t\t<a href=\"#\" data-mfp-src=\"https:\/\/ef.bardziejkreatywnie.pl\/wp-content\/uploads\/2026\/01\/CASTLE-1.webp\" class=\"ha-image-grid__item ha-js-lightbox __fltr-1\">\n\t\t\t\t\t<img decoding=\"async\" width=\"1024\" height=\"576\" src=\"https:\/\/ef.bardziejkreatywnie.pl\/wp-content\/uploads\/2026\/01\/CASTLE-1-1024x576.webp\" class=\"elementor-animation-grow\" alt=\"\" srcset=\"https:\/\/ef.bardziejkreatywnie.pl\/wp-content\/uploads\/2026\/01\/CASTLE-1-1024x576.webp 1024w, https:\/\/ef.bardziejkreatywnie.pl\/wp-content\/uploads\/2026\/01\/CASTLE-1-300x169.webp 300w, https:\/\/ef.bardziejkreatywnie.pl\/wp-content\/uploads\/2026\/01\/CASTLE-1-768x432.webp 768w, https:\/\/ef.bardziejkreatywnie.pl\/wp-content\/uploads\/2026\/01\/CASTLE-1.webp 1232w\" sizes=\"(max-width: 1024px) 100vw, 1024px\" \/>\t\t\t\t<\/a>\n\t\t\t\t\t\t\t\n\t\t\t\t<a href=\"#\" data-mfp-src=\"https:\/\/ef.bardziejkreatywnie.pl\/wp-content\/uploads\/2026\/01\/CASTLE-2.webp\" class=\"ha-image-grid__item ha-js-lightbox __fltr-1\">\n\t\t\t\t\t<img loading=\"lazy\" decoding=\"async\" width=\"1024\" height=\"768\" src=\"https:\/\/ef.bardziejkreatywnie.pl\/wp-content\/uploads\/2026\/01\/CASTLE-2-1024x768.webp\" class=\"elementor-animation-grow\" alt=\"\" srcset=\"https:\/\/ef.bardziejkreatywnie.pl\/wp-content\/uploads\/2026\/01\/CASTLE-2-1024x768.webp 1024w, https:\/\/ef.bardziejkreatywnie.pl\/wp-content\/uploads\/2026\/01\/CASTLE-2-300x225.webp 300w, https:\/\/ef.bardziejkreatywnie.pl\/wp-content\/uploads\/2026\/01\/CASTLE-2-768x576.webp 768w, https:\/\/ef.bardziejkreatywnie.pl\/wp-content\/uploads\/2026\/01\/CASTLE-2.webp 1308w\" sizes=\"(max-width: 1024px) 100vw, 1024px\" \/>\t\t\t\t<\/a>\n\t\t\t\t\t\t\t\n\t\t\t\t<a href=\"#\" data-mfp-src=\"https:\/\/ef.bardziejkreatywnie.pl\/wp-content\/uploads\/2026\/01\/CASTLE-3.webp\" class=\"ha-image-grid__item ha-js-lightbox __fltr-1\">\n\t\t\t\t\t<img loading=\"lazy\" decoding=\"async\" width=\"1024\" height=\"576\" src=\"https:\/\/ef.bardziejkreatywnie.pl\/wp-content\/uploads\/2026\/01\/CASTLE-3-1024x576.webp\" class=\"elementor-animation-grow\" alt=\"\" srcset=\"https:\/\/ef.bardziejkreatywnie.pl\/wp-content\/uploads\/2026\/01\/CASTLE-3-1024x576.webp 1024w, https:\/\/ef.bardziejkreatywnie.pl\/wp-content\/uploads\/2026\/01\/CASTLE-3-300x169.webp 300w, https:\/\/ef.bardziejkreatywnie.pl\/wp-content\/uploads\/2026\/01\/CASTLE-3-768x432.webp 768w, https:\/\/ef.bardziejkreatywnie.pl\/wp-content\/uploads\/2026\/01\/CASTLE-3.webp 1132w\" sizes=\"(max-width: 1024px) 100vw, 1024px\" \/>\t\t\t\t<\/a>\n\t\t\t\t\t\t\t\n\t\t\t\t<a href=\"#\" data-mfp-src=\"https:\/\/ef.bardziejkreatywnie.pl\/wp-content\/uploads\/2026\/01\/CASTLE-4.webp\" class=\"ha-image-grid__item ha-js-lightbox __fltr-1\">\n\t\t\t\t\t<img loading=\"lazy\" decoding=\"async\" width=\"472\" height=\"1024\" src=\"https:\/\/ef.bardziejkreatywnie.pl\/wp-content\/uploads\/2026\/01\/CASTLE-4-472x1024.webp\" class=\"elementor-animation-grow\" alt=\"\" srcset=\"https:\/\/ef.bardziejkreatywnie.pl\/wp-content\/uploads\/2026\/01\/CASTLE-4-472x1024.webp 472w, https:\/\/ef.bardziejkreatywnie.pl\/wp-content\/uploads\/2026\/01\/CASTLE-4-138x300.webp 138w, https:\/\/ef.bardziejkreatywnie.pl\/wp-content\/uploads\/2026\/01\/CASTLE-4-707x1536.webp 707w, https:\/\/ef.bardziejkreatywnie.pl\/wp-content\/uploads\/2026\/01\/CASTLE-4.webp 760w\" sizes=\"(max-width: 472px) 100vw, 472px\" \/>\t\t\t\t<\/a>\n\t\t\t\t\t\t\t\n\t\t\t\t<a href=\"#\" data-mfp-src=\"https:\/\/ef.bardziejkreatywnie.pl\/wp-content\/uploads\/2026\/01\/CASTLE-5.webp\" class=\"ha-image-grid__item ha-js-lightbox __fltr-1\">\n\t\t\t\t\t<img loading=\"lazy\" decoding=\"async\" width=\"1024\" height=\"472\" src=\"https:\/\/ef.bardziejkreatywnie.pl\/wp-content\/uploads\/2026\/01\/CASTLE-5-1024x472.webp\" class=\"elementor-animation-grow\" alt=\"\" srcset=\"https:\/\/ef.bardziejkreatywnie.pl\/wp-content\/uploads\/2026\/01\/CASTLE-5-1024x472.webp 1024w, https:\/\/ef.bardziejkreatywnie.pl\/wp-content\/uploads\/2026\/01\/CASTLE-5-300x138.webp 300w, https:\/\/ef.bardziejkreatywnie.pl\/wp-content\/uploads\/2026\/01\/CASTLE-5-768x354.webp 768w, https:\/\/ef.bardziejkreatywnie.pl\/wp-content\/uploads\/2026\/01\/CASTLE-5.webp 1148w\" sizes=\"(max-width: 1024px) 100vw, 1024px\" \/>\t\t\t\t<\/a>\n\t\t\t\t\t\t\t\n\t\t\t\t<a href=\"#\" data-mfp-src=\"https:\/\/ef.bardziejkreatywnie.pl\/wp-content\/uploads\/2026\/01\/CASTLE-6.webp\" class=\"ha-image-grid__item ha-js-lightbox __fltr-1\">\n\t\t\t\t\t<img loading=\"lazy\" decoding=\"async\" width=\"1024\" height=\"472\" src=\"https:\/\/ef.bardziejkreatywnie.pl\/wp-content\/uploads\/2026\/01\/CASTLE-6-1024x472.webp\" class=\"elementor-animation-grow\" alt=\"\" srcset=\"https:\/\/ef.bardziejkreatywnie.pl\/wp-content\/uploads\/2026\/01\/CASTLE-6-1024x472.webp 1024w, https:\/\/ef.bardziejkreatywnie.pl\/wp-content\/uploads\/2026\/01\/CASTLE-6-300x138.webp 300w, https:\/\/ef.bardziejkreatywnie.pl\/wp-content\/uploads\/2026\/01\/CASTLE-6-768x354.webp 768w, https:\/\/ef.bardziejkreatywnie.pl\/wp-content\/uploads\/2026\/01\/CASTLE-6.webp 1048w\" sizes=\"(max-width: 1024px) 100vw, 1024px\" \/>\t\t\t\t<\/a>\n\t\t\t\t\t\t\t\n\t\t\t\t<a href=\"#\" data-mfp-src=\"https:\/\/ef.bardziejkreatywnie.pl\/wp-content\/uploads\/2026\/01\/CASTLE-7.webp\" class=\"ha-image-grid__item ha-js-lightbox __fltr-1\">\n\t\t\t\t\t<img loading=\"lazy\" decoding=\"async\" width=\"1024\" height=\"472\" src=\"https:\/\/ef.bardziejkreatywnie.pl\/wp-content\/uploads\/2026\/01\/CASTLE-7-1024x472.webp\" class=\"elementor-animation-grow\" alt=\"\" srcset=\"https:\/\/ef.bardziejkreatywnie.pl\/wp-content\/uploads\/2026\/01\/CASTLE-7-1024x472.webp 1024w, https:\/\/ef.bardziejkreatywnie.pl\/wp-content\/uploads\/2026\/01\/CASTLE-7-300x138.webp 300w, https:\/\/ef.bardziejkreatywnie.pl\/wp-content\/uploads\/2026\/01\/CASTLE-7-768x354.webp 768w, https:\/\/ef.bardziejkreatywnie.pl\/wp-content\/uploads\/2026\/01\/CASTLE-7.webp 1148w\" sizes=\"(max-width: 1024px) 100vw, 1024px\" \/>\t\t\t\t<\/a>\n\t\t\t\t\t\t\t\n\t\t\t\t<a href=\"#\" data-mfp-src=\"https:\/\/ef.bardziejkreatywnie.pl\/wp-content\/uploads\/2026\/01\/CASTLE-8.webp\" class=\"ha-image-grid__item ha-js-lightbox __fltr-1\">\n\t\t\t\t\t<img loading=\"lazy\" decoding=\"async\" width=\"1024\" height=\"472\" src=\"https:\/\/ef.bardziejkreatywnie.pl\/wp-content\/uploads\/2026\/01\/CASTLE-8-1024x472.webp\" class=\"elementor-animation-grow\" alt=\"\" srcset=\"https:\/\/ef.bardziejkreatywnie.pl\/wp-content\/uploads\/2026\/01\/CASTLE-8-1024x472.webp 1024w, https:\/\/ef.bardziejkreatywnie.pl\/wp-content\/uploads\/2026\/01\/CASTLE-8-300x138.webp 300w, https:\/\/ef.bardziejkreatywnie.pl\/wp-content\/uploads\/2026\/01\/CASTLE-8-768x354.webp 768w, https:\/\/ef.bardziejkreatywnie.pl\/wp-content\/uploads\/2026\/01\/CASTLE-8.webp 1148w\" sizes=\"(max-width: 1024px) 100vw, 1024px\" \/>\t\t\t\t<\/a>\n\t\t\t\t\t\t\t\n\t\t\t\t<a href=\"#\" data-mfp-src=\"https:\/\/ef.bardziejkreatywnie.pl\/wp-content\/uploads\/2026\/01\/FRIZ-TERMODRUK-10-BRAMA-FURTKA-2021-1024x576-2.webp\" class=\"ha-image-grid__item ha-js-lightbox __fltr-1\">\n\t\t\t\t\t<img loading=\"lazy\" decoding=\"async\" width=\"1024\" height=\"576\" src=\"https:\/\/ef.bardziejkreatywnie.pl\/wp-content\/uploads\/2026\/01\/FRIZ-TERMODRUK-10-BRAMA-FURTKA-2021-1024x576-2.webp\" class=\"elementor-animation-grow\" alt=\"\" srcset=\"https:\/\/ef.bardziejkreatywnie.pl\/wp-content\/uploads\/2026\/01\/FRIZ-TERMODRUK-10-BRAMA-FURTKA-2021-1024x576-2.webp 1024w, https:\/\/ef.bardziejkreatywnie.pl\/wp-content\/uploads\/2026\/01\/FRIZ-TERMODRUK-10-BRAMA-FURTKA-2021-1024x576-2-300x169.webp 300w, https:\/\/ef.bardziejkreatywnie.pl\/wp-content\/uploads\/2026\/01\/FRIZ-TERMODRUK-10-BRAMA-FURTKA-2021-1024x576-2-768x432.webp 768w\" sizes=\"(max-width: 1024px) 100vw, 1024px\" \/>\t\t\t\t<\/a>\n\t\t\t\t\t\t\t\n\t\t\t\t<a href=\"#\" data-mfp-src=\"https:\/\/ef.bardziejkreatywnie.pl\/wp-content\/uploads\/2026\/01\/FRIZ-TERMODRUK-FURTKA-2021-15.webp\" class=\"ha-image-grid__item ha-js-lightbox __fltr-1\">\n\t\t\t\t\t<img loading=\"lazy\" decoding=\"async\" width=\"576\" height=\"1024\" src=\"https:\/\/ef.bardziejkreatywnie.pl\/wp-content\/uploads\/2026\/01\/FRIZ-TERMODRUK-FURTKA-2021-15-576x1024.webp\" class=\"elementor-animation-grow\" alt=\"\" srcset=\"https:\/\/ef.bardziejkreatywnie.pl\/wp-content\/uploads\/2026\/01\/FRIZ-TERMODRUK-FURTKA-2021-15-576x1024.webp 576w, https:\/\/ef.bardziejkreatywnie.pl\/wp-content\/uploads\/2026\/01\/FRIZ-TERMODRUK-FURTKA-2021-15-169x300.webp 169w, https:\/\/ef.bardziejkreatywnie.pl\/wp-content\/uploads\/2026\/01\/FRIZ-TERMODRUK-FURTKA-2021-15-768x1365.webp 768w, https:\/\/ef.bardziejkreatywnie.pl\/wp-content\/uploads\/2026\/01\/FRIZ-TERMODRUK-FURTKA-2021-15-864x1536.webp 864w, https:\/\/ef.bardziejkreatywnie.pl\/wp-content\/uploads\/2026\/01\/FRIZ-TERMODRUK-FURTKA-2021-15.webp 988w\" sizes=\"(max-width: 576px) 100vw, 576px\" \/>\t\t\t\t<\/a>\n\t\t\t\t\t\t\t\n\t\t\t\t<a href=\"#\" data-mfp-src=\"https:\/\/ef.bardziejkreatywnie.pl\/wp-content\/uploads\/2026\/01\/furtka-aluminiowa-model-friz-termodruk-euro-fences-ogrodzenia-borne-sulinowo.jpg\" class=\"ha-image-grid__item ha-js-lightbox __fltr-1\">\n\t\t\t\t\t<img loading=\"lazy\" decoding=\"async\" width=\"576\" height=\"1024\" src=\"https:\/\/ef.bardziejkreatywnie.pl\/wp-content\/uploads\/2026\/01\/furtka-aluminiowa-model-friz-termodruk-euro-fences-ogrodzenia-borne-sulinowo-576x1024.jpg\" class=\"elementor-animation-grow\" alt=\"\" srcset=\"https:\/\/ef.bardziejkreatywnie.pl\/wp-content\/uploads\/2026\/01\/furtka-aluminiowa-model-friz-termodruk-euro-fences-ogrodzenia-borne-sulinowo-576x1024.jpg 576w, https:\/\/ef.bardziejkreatywnie.pl\/wp-content\/uploads\/2026\/01\/furtka-aluminiowa-model-friz-termodruk-euro-fences-ogrodzenia-borne-sulinowo-169x300.jpg 169w, https:\/\/ef.bardziejkreatywnie.pl\/wp-content\/uploads\/2026\/01\/furtka-aluminiowa-model-friz-termodruk-euro-fences-ogrodzenia-borne-sulinowo-768x1365.jpg 768w, https:\/\/ef.bardziejkreatywnie.pl\/wp-content\/uploads\/2026\/01\/furtka-aluminiowa-model-friz-termodruk-euro-fences-ogrodzenia-borne-sulinowo-864x1536.jpg 864w, https:\/\/ef.bardziejkreatywnie.pl\/wp-content\/uploads\/2026\/01\/furtka-aluminiowa-model-friz-termodruk-euro-fences-ogrodzenia-borne-sulinowo.jpg 900w\" sizes=\"(max-width: 576px) 100vw, 576px\" \/>\t\t\t\t<\/a>\n\t\t\t\t\t\t\t\n\t\t\t\t<a href=\"#\" data-mfp-src=\"https:\/\/ef.bardziejkreatywnie.pl\/wp-content\/uploads\/2026\/01\/ogrodzenie-aluminiowe-termodruk-friz-euro-fences-borne-sulinowo.jpg\" class=\"ha-image-grid__item ha-js-lightbox __fltr-1\">\n\t\t\t\t\t<img loading=\"lazy\" decoding=\"async\" width=\"1024\" height=\"576\" src=\"https:\/\/ef.bardziejkreatywnie.pl\/wp-content\/uploads\/2026\/01\/ogrodzenie-aluminiowe-termodruk-friz-euro-fences-borne-sulinowo-1024x576.jpg\" class=\"elementor-animation-grow\" alt=\"\" srcset=\"https:\/\/ef.bardziejkreatywnie.pl\/wp-content\/uploads\/2026\/01\/ogrodzenie-aluminiowe-termodruk-friz-euro-fences-borne-sulinowo-1024x576.jpg 1024w, https:\/\/ef.bardziejkreatywnie.pl\/wp-content\/uploads\/2026\/01\/ogrodzenie-aluminiowe-termodruk-friz-euro-fences-borne-sulinowo-300x169.jpg 300w, https:\/\/ef.bardziejkreatywnie.pl\/wp-content\/uploads\/2026\/01\/ogrodzenie-aluminiowe-termodruk-friz-euro-fences-borne-sulinowo-768x432.jpg 768w, https:\/\/ef.bardziejkreatywnie.pl\/wp-content\/uploads\/2026\/01\/ogrodzenie-aluminiowe-termodruk-friz-euro-fences-borne-sulinowo-1536x864.jpg 1536w, https:\/\/ef.bardziejkreatywnie.pl\/wp-content\/uploads\/2026\/01\/ogrodzenie-aluminiowe-termodruk-friz-euro-fences-borne-sulinowo.jpg 1600w\" sizes=\"(max-width: 1024px) 100vw, 1024px\" \/>\t\t\t\t<\/a>\n\t\t\t\t\t\t\t\n\t\t\t\t<a href=\"#\" data-mfp-src=\"https:\/\/ef.bardziejkreatywnie.pl\/wp-content\/uploads\/2026\/01\/TERMODRUK-2.webp\" class=\"ha-image-grid__item ha-js-lightbox __fltr-1\">\n\t\t\t\t\t<img loading=\"lazy\" decoding=\"async\" width=\"768\" height=\"1024\" src=\"https:\/\/ef.bardziejkreatywnie.pl\/wp-content\/uploads\/2026\/01\/TERMODRUK-2-768x1024.webp\" class=\"elementor-animation-grow\" alt=\"\" srcset=\"https:\/\/ef.bardziejkreatywnie.pl\/wp-content\/uploads\/2026\/01\/TERMODRUK-2-768x1024.webp 768w, https:\/\/ef.bardziejkreatywnie.pl\/wp-content\/uploads\/2026\/01\/TERMODRUK-2-225x300.webp 225w, https:\/\/ef.bardziejkreatywnie.pl\/wp-content\/uploads\/2026\/01\/TERMODRUK-2-1152x1536.webp 1152w, https:\/\/ef.bardziejkreatywnie.pl\/wp-content\/uploads\/2026\/01\/TERMODRUK-2.webp 1200w\" sizes=\"(max-width: 768px) 100vw, 768px\" \/>\t\t\t\t<\/a>\n\t\t\t\t\t\t\t\n\t\t\t\t<a href=\"#\" data-mfp-src=\"https:\/\/ef.bardziejkreatywnie.pl\/wp-content\/uploads\/2026\/01\/termodruk-1-1.webp\" class=\"ha-image-grid__item ha-js-lightbox __fltr-1\">\n\t\t\t\t\t<img loading=\"lazy\" decoding=\"async\" width=\"814\" height=\"1024\" src=\"https:\/\/ef.bardziejkreatywnie.pl\/wp-content\/uploads\/2026\/01\/termodruk-1-1-814x1024.webp\" class=\"elementor-animation-grow\" alt=\"\" srcset=\"https:\/\/ef.bardziejkreatywnie.pl\/wp-content\/uploads\/2026\/01\/termodruk-1-1-814x1024.webp 814w, https:\/\/ef.bardziejkreatywnie.pl\/wp-content\/uploads\/2026\/01\/termodruk-1-1-238x300.webp 238w, https:\/\/ef.bardziejkreatywnie.pl\/wp-content\/uploads\/2026\/01\/termodruk-1-1-768x967.webp 768w, https:\/\/ef.bardziejkreatywnie.pl\/wp-content\/uploads\/2026\/01\/termodruk-1-1.webp 1002w\" sizes=\"(max-width: 814px) 100vw, 814px\" \/>\t\t\t\t<\/a>\n\t\t\t\t\t\t\t\n\t\t\t\t<a href=\"#\" data-mfp-src=\"https:\/\/ef.bardziejkreatywnie.pl\/wp-content\/uploads\/2026\/01\/wz1.webp\" class=\"ha-image-grid__item ha-js-lightbox __fltr-1\">\n\t\t\t\t\t<img loading=\"lazy\" decoding=\"async\" width=\"461\" height=\"1024\" src=\"https:\/\/ef.bardziejkreatywnie.pl\/wp-content\/uploads\/2026\/01\/wz1-461x1024.webp\" class=\"elementor-animation-grow\" alt=\"\" srcset=\"https:\/\/ef.bardziejkreatywnie.pl\/wp-content\/uploads\/2026\/01\/wz1-461x1024.webp 461w, https:\/\/ef.bardziejkreatywnie.pl\/wp-content\/uploads\/2026\/01\/wz1-135x300.webp 135w, https:\/\/ef.bardziejkreatywnie.pl\/wp-content\/uploads\/2026\/01\/wz1-691x1536.webp 691w, https:\/\/ef.bardziejkreatywnie.pl\/wp-content\/uploads\/2026\/01\/wz1.webp 720w\" sizes=\"(max-width: 461px) 100vw, 461px\" \/>\t\t\t\t<\/a>\n\t\t\t\t\t\t\t\n\t\t\t\t<a href=\"#\" data-mfp-src=\"https:\/\/ef.bardziejkreatywnie.pl\/wp-content\/uploads\/2026\/01\/wzornik.webp\" class=\"ha-image-grid__item ha-js-lightbox __fltr-1\">\n\t\t\t\t\t<img loading=\"lazy\" decoding=\"async\" width=\"722\" height=\"1024\" src=\"https:\/\/ef.bardziejkreatywnie.pl\/wp-content\/uploads\/2026\/01\/wzornik-722x1024.webp\" class=\"elementor-animation-grow\" alt=\"\" srcset=\"https:\/\/ef.bardziejkreatywnie.pl\/wp-content\/uploads\/2026\/01\/wzornik-722x1024.webp 722w, https:\/\/ef.bardziejkreatywnie.pl\/wp-content\/uploads\/2026\/01\/wzornik-212x300.webp 212w, https:\/\/ef.bardziejkreatywnie.pl\/wp-content\/uploads\/2026\/01\/wzornik-768x1089.webp 768w, https:\/\/ef.bardziejkreatywnie.pl\/wp-content\/uploads\/2026\/01\/wzornik-1083x1536.webp 1083w, https:\/\/ef.bardziejkreatywnie.pl\/wp-content\/uploads\/2026\/01\/wzornik.webp 1128w\" sizes=\"(max-width: 722px) 100vw, 722px\" \/>\t\t\t\t<\/a>\n\t\t\t\t\t<\/div>\n\n\t\t\t\t\t\t<\/div>\n\t\t\t\t\t<\/div>\n\t\t\t\t<\/div>\n\t\t\t\t<\/div>\n\t\t","protected":false},"excerpt":{"rendered":"<p>TERMODRUK Pow\u0142oka lakiernicza w imitacji drewna. TERMODRUK to solidnie wykonana warstwa lakieru, na kt\u00f3ry udzielamy a\u017c 10 LAT GWARANCJI! ZREALIZUJ [&hellip;]<\/p>\n","protected":false},"author":1,"featured_media":0,"parent":0,"menu_order":0,"comment_status":"closed","ping_status":"closed","template":"","meta":{"site-sidebar-layout":"no-sidebar","site-content-layout":"","ast-site-content-layout":"full-width-container","site-content-style":"default","site-sidebar-style":"default","ast-global-header-display":"","ast-banner-title-visibility":"","ast-main-header-display":"","ast-hfb-above-header-display":"","ast-hfb-below-header-display":"","ast-hfb-mobile-header-display":"","site-post-title":"disabled","ast-breadcrumbs-content":"","ast-featured-img":"disabled","footer-sml-layout":"","ast-disable-related-posts":"","theme-transparent-header-meta":"","adv-header-id-meta":"","stick-header-meta":"","header-above-stick-meta":"","header-main-stick-meta":"","header-below-stick-meta":"","astra-migrate-meta-layouts":"default","ast-page-background-enabled":"default","ast-page-background-meta":{"desktop":{"background-color":"var(--ast-global-color-5)","background-image":"","background-repeat":"repeat","background-position":"center center","background-size":"auto","background-attachment":"scroll","background-type":"","background-media":"","overlay-type":"","overlay-color":"","overlay-opacity":"","overlay-gradient":""},"tablet":{"background-color":"","background-image":"","background-repeat":"repeat","background-position":"center center","background-size":"auto","background-attachment":"scroll","background-type":"","background-media":"","overlay-type":"","overlay-color":"","overlay-opacity":"","overlay-gradient":""},"mobile":{"background-color":"","background-image":"","background-repeat":"repeat","background-position":"center center","background-size":"auto","background-attachment":"scroll","background-type":"","background-media":"","overlay-type":"","overlay-color":"","overlay-opacity":"","overlay-gradient":""}},"ast-content-background-meta":{"desktop":{"background-color":"var(--ast-global-color-4)","background-image":"","background-repeat":"repeat","background-position":"center center","background-size":"auto","background-attachment":"scroll","background-type":"","background-media":"","overlay-type":"","overlay-color":"","overlay-opacity":"","overlay-gradient":""},"tablet":{"background-color":"var(--ast-global-color-4)","background-image":"","background-repeat":"repeat","background-position":"center center","background-size":"auto","background-attachment":"scroll","background-type":"","background-media":"","overlay-type":"","overlay-color":"","overlay-opacity":"","overlay-gradient":""},"mobile":{"background-color":"var(--ast-global-color-4)","background-image":"","background-repeat":"repeat","background-position":"center center","background-size":"auto","background-attachment":"scroll","background-type":"","background-media":"","overlay-type":"","overlay-color":"","overlay-opacity":"","overlay-gradient":""}},"footnotes":""},"class_list":["post-560","page","type-page","status-publish","hentry"],"_links":{"self":[{"href":"https:\/\/ef.bardziejkreatywnie.pl\/index.php\/wp-json\/wp\/v2\/pages\/560","targetHints":{"allow":["GET"]}}],"collection":[{"href":"https:\/\/ef.bardziejkreatywnie.pl\/index.php\/wp-json\/wp\/v2\/pages"}],"about":[{"href":"https:\/\/ef.bardziejkreatywnie.pl\/index.php\/wp-json\/wp\/v2\/types\/page"}],"author":[{"embeddable":true,"href":"https:\/\/ef.bardziejkreatywnie.pl\/index.php\/wp-json\/wp\/v2\/users\/1"}],"replies":[{"embeddable":true,"href":"https:\/\/ef.bardziejkreatywnie.pl\/index.php\/wp-json\/wp\/v2\/comments?post=560"}],"version-history":[{"count":10,"href":"https:\/\/ef.bardziejkreatywnie.pl\/index.php\/wp-json\/wp\/v2\/pages\/560\/revisions"}],"predecessor-version":[{"id":1292,"href":"https:\/\/ef.bardziejkreatywnie.pl\/index.php\/wp-json\/wp\/v2\/pages\/560\/revisions\/1292"}],"wp:attachment":[{"href":"https:\/\/ef.bardziejkreatywnie.pl\/index.php\/wp-json\/wp\/v2\/media?parent=560"}],"curies":[{"name":"wp","href":"https:\/\/api.w.org\/{rel}","templated":true}]}}