{"id":559,"date":"2025-12-23T12:27:32","date_gmt":"2025-12-23T12:27:32","guid":{"rendered":"https:\/\/ef.bardziejkreatywnie.pl\/?page_id=559"},"modified":"2026-01-14T10:57:00","modified_gmt":"2026-01-14T10:57:00","slug":"v-form","status":"publish","type":"page","link":"https:\/\/ef.bardziejkreatywnie.pl\/index.php\/v-form\/","title":{"rendered":"V-form"},"content":{"rendered":"\t\t<div data-elementor-type=\"wp-page\" data-elementor-id=\"559\" class=\"elementor elementor-559\" data-elementor-settings=\"{&quot;ha_cmc_init_switcher&quot;:&quot;no&quot;}\">\n\t\t\t\t<div class=\"elementor-element elementor-element-50c822a e-flex e-con-boxed e-con e-parent\" data-id=\"50c822a\" data-element_type=\"container\" data-e-type=\"container\" data-settings=\"{&quot;background_background&quot;:&quot;classic&quot;,&quot;_ha_eqh_enable&quot;:false}\">\n\t\t\t\t\t<div class=\"e-con-inner\">\n\t\t<div class=\"elementor-element elementor-element-219e230 e-con-full e-flex e-con e-child\" data-id=\"219e230\" data-element_type=\"container\" data-e-type=\"container\" data-settings=\"{&quot;_ha_eqh_enable&quot;:false}\">\n\t\t\t\t<div class=\"elementor-element elementor-element-3964506 elementor-widget elementor-widget-heading\" data-id=\"3964506\" data-element_type=\"widget\" data-e-type=\"widget\" data-widget_type=\"heading.default\">\n\t\t\t\t\t<h2 class=\"elementor-heading-title elementor-size-default\">Model V-FORM<\/h2>\t\t\t\t<\/div>\n\t\t\t\t<\/div>\n\t\t\t\t\t<\/div>\n\t\t\t\t<\/div>\n\t\t<div class=\"elementor-element elementor-element-92dae52 e-flex e-con-boxed e-con e-parent\" data-id=\"92dae52\" data-element_type=\"container\" data-e-type=\"container\" data-settings=\"{&quot;_ha_eqh_enable&quot;:false}\">\n\t\t\t\t\t<div class=\"e-con-inner\">\n\t\t<div class=\"elementor-element elementor-element-6f42587 e-con-full e-flex e-con e-child\" data-id=\"6f42587\" data-element_type=\"container\" data-e-type=\"container\" data-settings=\"{&quot;_ha_eqh_enable&quot;:false}\">\n\t\t\t\t<div class=\"elementor-element elementor-element-24737f3 elementor-widget elementor-widget-image\" data-id=\"24737f3\" data-element_type=\"widget\" data-e-type=\"widget\" data-widget_type=\"image.default\">\n\t\t\t\t\t\t\t\t\t\t\t\t\t\t\t<img fetchpriority=\"high\" decoding=\"async\" width=\"1024\" height=\"768\" src=\"https:\/\/ef.bardziejkreatywnie.pl\/wp-content\/uploads\/2025\/12\/V-FORM-8-1024x768.jpeg\" class=\"attachment-large size-large wp-image-563\" alt=\"\" srcset=\"https:\/\/ef.bardziejkreatywnie.pl\/wp-content\/uploads\/2025\/12\/V-FORM-8-1024x768.jpeg 1024w, https:\/\/ef.bardziejkreatywnie.pl\/wp-content\/uploads\/2025\/12\/V-FORM-8-300x225.jpeg 300w, https:\/\/ef.bardziejkreatywnie.pl\/wp-content\/uploads\/2025\/12\/V-FORM-8-768x576.jpeg 768w, https:\/\/ef.bardziejkreatywnie.pl\/wp-content\/uploads\/2025\/12\/V-FORM-8-1536x1152.jpeg 1536w, https:\/\/ef.bardziejkreatywnie.pl\/wp-content\/uploads\/2025\/12\/V-FORM-8.jpeg 2000w\" sizes=\"(max-width: 1024px) 100vw, 1024px\" \/>\t\t\t\t\t\t\t\t\t\t\t\t\t\t\t<\/div>\n\t\t\t\t<\/div>\n\t\t<div class=\"elementor-element elementor-element-6639a07 e-con-full e-flex e-con e-child\" data-id=\"6639a07\" data-element_type=\"container\" data-e-type=\"container\" data-settings=\"{&quot;_ha_eqh_enable&quot;:false}\">\n\t\t\t\t<div class=\"elementor-element elementor-element-642d8fd elementor-widget elementor-widget-text-editor\" data-id=\"642d8fd\" data-element_type=\"widget\" data-e-type=\"widget\" data-widget_type=\"text-editor.default\">\n\t\t\t\t\t\t\t\t\t<p>Model V \u2013 FORM wykonany z \u0142at aluminiowych o wymiarach 80 x 20 oraz 100 x 20. Ogrodzenie aluminowe V \u2013 FORM jest dost\u0119pne w dw\u00f3ch wariantach: z prze\u015bwitami 30 mm lub bez. W przypadku braku prze\u015bwitu, pomi\u0119dzy \u0142aty umieszczone zostan\u0105 sztabki 15\u00d715, daj\u0105c tym samym efekt wg\u0142\u0119bienia tworz\u0105cego rowki. Rama no\u015bna Exlabesa 40 x 40<\/p>\t\t\t\t\t\t\t\t<\/div>\n\t\t\t\t<\/div>\n\t\t\t\t\t<\/div>\n\t\t\t\t<\/div>\n\t\t<div class=\"elementor-element elementor-element-eb2df7a e-flex e-con-boxed e-con e-parent\" data-id=\"eb2df7a\" data-element_type=\"container\" data-e-type=\"container\" data-settings=\"{&quot;_ha_eqh_enable&quot;:false}\">\n\t\t\t\t\t<div class=\"e-con-inner\">\n\t\t\t\t<div class=\"elementor-element elementor-element-87b5f3c ha-image-grid--masonry elementor-widget elementor-widget-ha-image-grid happy-addon ha-image-grid\" data-id=\"87b5f3c\" data-element_type=\"widget\" data-e-type=\"widget\" data-settings=\"{&quot;disable_lightbox_on_tablet&quot;:&quot;yes&quot;,&quot;disable_lightbox_on_mobile&quot;:&quot;yes&quot;,&quot;layout&quot;:&quot;masonry&quot;,&quot;enable_popup&quot;:&quot;yes&quot;}\" data-widget_type=\"ha-image-grid.default\">\n\t\t\t\t\t\n\t\t<div class=\"ha-image-grid__wrap hajs-isotope ha-lightbox--has\">\n\t\t\t\t\t\t\t\n\t\t\t\t<a href=\"#\" data-mfp-src=\"https:\/\/ef.bardziejkreatywnie.pl\/wp-content\/uploads\/2025\/12\/ogrodzenie-aluminiowe-v-form-euro-fences-austria-768x576.jpg\" class=\"ha-image-grid__item ha-js-lightbox __fltr-1\">\n\t\t\t\t\t<img decoding=\"async\" width=\"2048\" height=\"1536\" src=\"https:\/\/ef.bardziejkreatywnie.pl\/wp-content\/uploads\/2025\/12\/ogrodzenie-aluminiowe-v-form-euro-fences-austria.jpg\" class=\"elementor-animation-grow\" alt=\"\" srcset=\"https:\/\/ef.bardziejkreatywnie.pl\/wp-content\/uploads\/2025\/12\/ogrodzenie-aluminiowe-v-form-euro-fences-austria.jpg 2048w, https:\/\/ef.bardziejkreatywnie.pl\/wp-content\/uploads\/2025\/12\/ogrodzenie-aluminiowe-v-form-euro-fences-austria-300x225.jpg 300w, https:\/\/ef.bardziejkreatywnie.pl\/wp-content\/uploads\/2025\/12\/ogrodzenie-aluminiowe-v-form-euro-fences-austria-1024x768.jpg 1024w, https:\/\/ef.bardziejkreatywnie.pl\/wp-content\/uploads\/2025\/12\/ogrodzenie-aluminiowe-v-form-euro-fences-austria-768x576.jpg 768w, https:\/\/ef.bardziejkreatywnie.pl\/wp-content\/uploads\/2025\/12\/ogrodzenie-aluminiowe-v-form-euro-fences-austria-1536x1152.jpg 1536w\" sizes=\"(max-width: 2048px) 100vw, 2048px\" \/>\t\t\t\t<\/a>\n\t\t\t\t\t\t\t\n\t\t\t\t<a href=\"#\" data-mfp-src=\"https:\/\/ef.bardziejkreatywnie.pl\/wp-content\/uploads\/2025\/12\/ogrodzenie-z-aluminium-euro-fences-austria-model-v-form-768x576.jpg\" class=\"ha-image-grid__item ha-js-lightbox __fltr-1\">\n\t\t\t\t\t<img decoding=\"async\" width=\"2048\" height=\"1536\" src=\"https:\/\/ef.bardziejkreatywnie.pl\/wp-content\/uploads\/2025\/12\/ogrodzenie-z-aluminium-euro-fences-austria-model-v-form.jpg\" class=\"elementor-animation-grow\" alt=\"\" srcset=\"https:\/\/ef.bardziejkreatywnie.pl\/wp-content\/uploads\/2025\/12\/ogrodzenie-z-aluminium-euro-fences-austria-model-v-form.jpg 2048w, https:\/\/ef.bardziejkreatywnie.pl\/wp-content\/uploads\/2025\/12\/ogrodzenie-z-aluminium-euro-fences-austria-model-v-form-300x225.jpg 300w, https:\/\/ef.bardziejkreatywnie.pl\/wp-content\/uploads\/2025\/12\/ogrodzenie-z-aluminium-euro-fences-austria-model-v-form-1024x768.jpg 1024w, https:\/\/ef.bardziejkreatywnie.pl\/wp-content\/uploads\/2025\/12\/ogrodzenie-z-aluminium-euro-fences-austria-model-v-form-768x576.jpg 768w, https:\/\/ef.bardziejkreatywnie.pl\/wp-content\/uploads\/2025\/12\/ogrodzenie-z-aluminium-euro-fences-austria-model-v-form-1536x1152.jpg 1536w\" sizes=\"(max-width: 2048px) 100vw, 2048px\" \/>\t\t\t\t<\/a>\n\t\t\t\t\t\t\t\n\t\t\t\t<a href=\"#\" data-mfp-src=\"https:\/\/ef.bardziejkreatywnie.pl\/wp-content\/uploads\/2025\/12\/przesla-aluminium-v-form-euro-fences-austria-768x576.jpg\" class=\"ha-image-grid__item ha-js-lightbox __fltr-1\">\n\t\t\t\t\t<img loading=\"lazy\" decoding=\"async\" width=\"2048\" height=\"1536\" src=\"https:\/\/ef.bardziejkreatywnie.pl\/wp-content\/uploads\/2025\/12\/przesla-aluminium-v-form-euro-fences-austria.jpg\" class=\"elementor-animation-grow\" alt=\"\" srcset=\"https:\/\/ef.bardziejkreatywnie.pl\/wp-content\/uploads\/2025\/12\/przesla-aluminium-v-form-euro-fences-austria.jpg 2048w, https:\/\/ef.bardziejkreatywnie.pl\/wp-content\/uploads\/2025\/12\/przesla-aluminium-v-form-euro-fences-austria-300x225.jpg 300w, https:\/\/ef.bardziejkreatywnie.pl\/wp-content\/uploads\/2025\/12\/przesla-aluminium-v-form-euro-fences-austria-1024x768.jpg 1024w, https:\/\/ef.bardziejkreatywnie.pl\/wp-content\/uploads\/2025\/12\/przesla-aluminium-v-form-euro-fences-austria-768x576.jpg 768w, https:\/\/ef.bardziejkreatywnie.pl\/wp-content\/uploads\/2025\/12\/przesla-aluminium-v-form-euro-fences-austria-1536x1152.jpg 1536w\" sizes=\"(max-width: 2048px) 100vw, 2048px\" \/>\t\t\t\t<\/a>\n\t\t\t\t\t\t\t\n\t\t\t\t<a href=\"#\" data-mfp-src=\"https:\/\/ef.bardziejkreatywnie.pl\/wp-content\/uploads\/2025\/12\/V-FORM-1-768x294.webp\" class=\"ha-image-grid__item ha-js-lightbox __fltr-1\">\n\t\t\t\t\t<img loading=\"lazy\" decoding=\"async\" width=\"1603\" height=\"613\" src=\"https:\/\/ef.bardziejkreatywnie.pl\/wp-content\/uploads\/2025\/12\/V-FORM-1.webp\" class=\"elementor-animation-grow\" alt=\"\" srcset=\"https:\/\/ef.bardziejkreatywnie.pl\/wp-content\/uploads\/2025\/12\/V-FORM-1.webp 1603w, https:\/\/ef.bardziejkreatywnie.pl\/wp-content\/uploads\/2025\/12\/V-FORM-1-300x115.webp 300w, https:\/\/ef.bardziejkreatywnie.pl\/wp-content\/uploads\/2025\/12\/V-FORM-1-1024x392.webp 1024w, https:\/\/ef.bardziejkreatywnie.pl\/wp-content\/uploads\/2025\/12\/V-FORM-1-768x294.webp 768w, https:\/\/ef.bardziejkreatywnie.pl\/wp-content\/uploads\/2025\/12\/V-FORM-1-1536x587.webp 1536w\" sizes=\"(max-width: 1603px) 100vw, 1603px\" \/>\t\t\t\t<\/a>\n\t\t\t\t\t\t\t\n\t\t\t\t<a href=\"#\" data-mfp-src=\"https:\/\/ef.bardziejkreatywnie.pl\/wp-content\/uploads\/2025\/12\/V-FORM-1-1-768x576.jpeg\" class=\"ha-image-grid__item ha-js-lightbox __fltr-1\">\n\t\t\t\t\t<img loading=\"lazy\" decoding=\"async\" width=\"2000\" height=\"1500\" src=\"https:\/\/ef.bardziejkreatywnie.pl\/wp-content\/uploads\/2025\/12\/V-FORM-1-1.jpeg\" class=\"elementor-animation-grow\" alt=\"\" srcset=\"https:\/\/ef.bardziejkreatywnie.pl\/wp-content\/uploads\/2025\/12\/V-FORM-1-1.jpeg 2000w, https:\/\/ef.bardziejkreatywnie.pl\/wp-content\/uploads\/2025\/12\/V-FORM-1-1-300x225.jpeg 300w, https:\/\/ef.bardziejkreatywnie.pl\/wp-content\/uploads\/2025\/12\/V-FORM-1-1-1024x768.jpeg 1024w, https:\/\/ef.bardziejkreatywnie.pl\/wp-content\/uploads\/2025\/12\/V-FORM-1-1-768x576.jpeg 768w, https:\/\/ef.bardziejkreatywnie.pl\/wp-content\/uploads\/2025\/12\/V-FORM-1-1-1536x1152.jpeg 1536w\" sizes=\"(max-width: 2000px) 100vw, 2000px\" \/>\t\t\t\t<\/a>\n\t\t\t\t\t\t\t\n\t\t\t\t<a href=\"#\" data-mfp-src=\"https:\/\/ef.bardziejkreatywnie.pl\/wp-content\/uploads\/2025\/12\/V-FORM-2-768x576.jpeg\" class=\"ha-image-grid__item ha-js-lightbox __fltr-1\">\n\t\t\t\t\t<img loading=\"lazy\" decoding=\"async\" width=\"2000\" height=\"1500\" src=\"https:\/\/ef.bardziejkreatywnie.pl\/wp-content\/uploads\/2025\/12\/V-FORM-2.jpeg\" class=\"elementor-animation-grow\" alt=\"\" srcset=\"https:\/\/ef.bardziejkreatywnie.pl\/wp-content\/uploads\/2025\/12\/V-FORM-2.jpeg 2000w, https:\/\/ef.bardziejkreatywnie.pl\/wp-content\/uploads\/2025\/12\/V-FORM-2-300x225.jpeg 300w, https:\/\/ef.bardziejkreatywnie.pl\/wp-content\/uploads\/2025\/12\/V-FORM-2-1024x768.jpeg 1024w, https:\/\/ef.bardziejkreatywnie.pl\/wp-content\/uploads\/2025\/12\/V-FORM-2-768x576.jpeg 768w, https:\/\/ef.bardziejkreatywnie.pl\/wp-content\/uploads\/2025\/12\/V-FORM-2-1536x1152.jpeg 1536w\" sizes=\"(max-width: 2000px) 100vw, 2000px\" \/>\t\t\t\t<\/a>\n\t\t\t\t\t\t\t\n\t\t\t\t<a href=\"#\" data-mfp-src=\"https:\/\/ef.bardziejkreatywnie.pl\/wp-content\/uploads\/2025\/12\/V-FORM-3-768x576.jpeg\" class=\"ha-image-grid__item ha-js-lightbox __fltr-1\">\n\t\t\t\t\t<img loading=\"lazy\" decoding=\"async\" width=\"2000\" height=\"1500\" src=\"https:\/\/ef.bardziejkreatywnie.pl\/wp-content\/uploads\/2025\/12\/V-FORM-3.jpeg\" class=\"elementor-animation-grow\" alt=\"\" srcset=\"https:\/\/ef.bardziejkreatywnie.pl\/wp-content\/uploads\/2025\/12\/V-FORM-3.jpeg 2000w, https:\/\/ef.bardziejkreatywnie.pl\/wp-content\/uploads\/2025\/12\/V-FORM-3-300x225.jpeg 300w, https:\/\/ef.bardziejkreatywnie.pl\/wp-content\/uploads\/2025\/12\/V-FORM-3-1024x768.jpeg 1024w, https:\/\/ef.bardziejkreatywnie.pl\/wp-content\/uploads\/2025\/12\/V-FORM-3-768x576.jpeg 768w, https:\/\/ef.bardziejkreatywnie.pl\/wp-content\/uploads\/2025\/12\/V-FORM-3-1536x1152.jpeg 1536w\" sizes=\"(max-width: 2000px) 100vw, 2000px\" \/>\t\t\t\t<\/a>\n\t\t\t\t\t\t\t\n\t\t\t\t<a href=\"#\" data-mfp-src=\"https:\/\/ef.bardziejkreatywnie.pl\/wp-content\/uploads\/2025\/12\/V-FORM-3-1024x768-1-768x576.webp\" class=\"ha-image-grid__item ha-js-lightbox __fltr-1\">\n\t\t\t\t\t<img loading=\"lazy\" decoding=\"async\" width=\"1024\" height=\"768\" src=\"https:\/\/ef.bardziejkreatywnie.pl\/wp-content\/uploads\/2025\/12\/V-FORM-3-1024x768-1.webp\" class=\"elementor-animation-grow\" alt=\"\" srcset=\"https:\/\/ef.bardziejkreatywnie.pl\/wp-content\/uploads\/2025\/12\/V-FORM-3-1024x768-1.webp 1024w, https:\/\/ef.bardziejkreatywnie.pl\/wp-content\/uploads\/2025\/12\/V-FORM-3-1024x768-1-300x225.webp 300w, https:\/\/ef.bardziejkreatywnie.pl\/wp-content\/uploads\/2025\/12\/V-FORM-3-1024x768-1-768x576.webp 768w\" sizes=\"(max-width: 1024px) 100vw, 1024px\" \/>\t\t\t\t<\/a>\n\t\t\t\t\t\t\t\n\t\t\t\t<a href=\"#\" data-mfp-src=\"https:\/\/ef.bardziejkreatywnie.pl\/wp-content\/uploads\/2025\/12\/V-FORM-4-768x576.jpeg\" class=\"ha-image-grid__item ha-js-lightbox __fltr-1\">\n\t\t\t\t\t<img loading=\"lazy\" decoding=\"async\" width=\"2000\" height=\"1500\" src=\"https:\/\/ef.bardziejkreatywnie.pl\/wp-content\/uploads\/2025\/12\/V-FORM-4.jpeg\" class=\"elementor-animation-grow\" alt=\"\" srcset=\"https:\/\/ef.bardziejkreatywnie.pl\/wp-content\/uploads\/2025\/12\/V-FORM-4.jpeg 2000w, https:\/\/ef.bardziejkreatywnie.pl\/wp-content\/uploads\/2025\/12\/V-FORM-4-300x225.jpeg 300w, https:\/\/ef.bardziejkreatywnie.pl\/wp-content\/uploads\/2025\/12\/V-FORM-4-1024x768.jpeg 1024w, https:\/\/ef.bardziejkreatywnie.pl\/wp-content\/uploads\/2025\/12\/V-FORM-4-768x576.jpeg 768w, https:\/\/ef.bardziejkreatywnie.pl\/wp-content\/uploads\/2025\/12\/V-FORM-4-1536x1152.jpeg 1536w\" sizes=\"(max-width: 2000px) 100vw, 2000px\" \/>\t\t\t\t<\/a>\n\t\t\t\t\t\t\t\n\t\t\t\t<a href=\"#\" data-mfp-src=\"https:\/\/ef.bardziejkreatywnie.pl\/wp-content\/uploads\/2025\/12\/V-FORM-8-1-768x576.jpeg\" class=\"ha-image-grid__item ha-js-lightbox __fltr-1\">\n\t\t\t\t\t<img loading=\"lazy\" decoding=\"async\" width=\"2000\" height=\"1500\" src=\"https:\/\/ef.bardziejkreatywnie.pl\/wp-content\/uploads\/2025\/12\/V-FORM-8-1.jpeg\" class=\"elementor-animation-grow\" alt=\"\" srcset=\"https:\/\/ef.bardziejkreatywnie.pl\/wp-content\/uploads\/2025\/12\/V-FORM-8-1.jpeg 2000w, https:\/\/ef.bardziejkreatywnie.pl\/wp-content\/uploads\/2025\/12\/V-FORM-8-1-300x225.jpeg 300w, https:\/\/ef.bardziejkreatywnie.pl\/wp-content\/uploads\/2025\/12\/V-FORM-8-1-1024x768.jpeg 1024w, https:\/\/ef.bardziejkreatywnie.pl\/wp-content\/uploads\/2025\/12\/V-FORM-8-1-768x576.jpeg 768w, https:\/\/ef.bardziejkreatywnie.pl\/wp-content\/uploads\/2025\/12\/V-FORM-8-1-1536x1152.jpeg 1536w\" sizes=\"(max-width: 2000px) 100vw, 2000px\" \/>\t\t\t\t<\/a>\n\t\t\t\t\t<\/div>\n\n\t\t\t\t\t\t<\/div>\n\t\t\t\t\t<\/div>\n\t\t\t\t<\/div>\n\t\t\t\t<\/div>\n\t\t","protected":false},"excerpt":{"rendered":"<p>Model V-FORM Model V \u2013 FORM wykonany z \u0142at aluminiowych o wymiarach 80 x 20 oraz 100 x 20. Ogrodzenie [&hellip;]<\/p>\n","protected":false},"author":1,"featured_media":0,"parent":0,"menu_order":0,"comment_status":"closed","ping_status":"closed","template":"","meta":{"site-sidebar-layout":"no-sidebar","site-content-layout":"","ast-site-content-layout":"full-width-container","site-content-style":"default","site-sidebar-style":"default","ast-global-header-display":"","ast-banner-title-visibility":"","ast-main-header-display":"","ast-hfb-above-header-display":"","ast-hfb-below-header-display":"","ast-hfb-mobile-header-display":"","site-post-title":"disabled","ast-breadcrumbs-content":"","ast-featured-img":"disabled","footer-sml-layout":"","ast-disable-related-posts":"","theme-transparent-header-meta":"","adv-header-id-meta":"","stick-header-meta":"","header-above-stick-meta":"","header-main-stick-meta":"","header-below-stick-meta":"","astra-migrate-meta-layouts":"default","ast-page-background-enabled":"default","ast-page-background-meta":{"desktop":{"background-color":"var(--ast-global-color-5)","background-image":"","background-repeat":"repeat","background-position":"center center","background-size":"auto","background-attachment":"scroll","background-type":"","background-media":"","overlay-type":"","overlay-color":"","overlay-opacity":"","overlay-gradient":""},"tablet":{"background-color":"","background-image":"","background-repeat":"repeat","background-position":"center center","background-size":"auto","background-attachment":"scroll","background-type":"","background-media":"","overlay-type":"","overlay-color":"","overlay-opacity":"","overlay-gradient":""},"mobile":{"background-color":"","background-image":"","background-repeat":"repeat","background-position":"center center","background-size":"auto","background-attachment":"scroll","background-type":"","background-media":"","overlay-type":"","overlay-color":"","overlay-opacity":"","overlay-gradient":""}},"ast-content-background-meta":{"desktop":{"background-color":"var(--ast-global-color-4)","background-image":"","background-repeat":"repeat","background-position":"center center","background-size":"auto","background-attachment":"scroll","background-type":"","background-media":"","overlay-type":"","overlay-color":"","overlay-opacity":"","overlay-gradient":""},"tablet":{"background-color":"var(--ast-global-color-4)","background-image":"","background-repeat":"repeat","background-position":"center center","background-size":"auto","background-attachment":"scroll","background-type":"","background-media":"","overlay-type":"","overlay-color":"","overlay-opacity":"","overlay-gradient":""},"mobile":{"background-color":"var(--ast-global-color-4)","background-image":"","background-repeat":"repeat","background-position":"center center","background-size":"auto","background-attachment":"scroll","background-type":"","background-media":"","overlay-type":"","overlay-color":"","overlay-opacity":"","overlay-gradient":""}},"footnotes":""},"class_list":["post-559","page","type-page","status-publish","hentry"],"_links":{"self":[{"href":"https:\/\/ef.bardziejkreatywnie.pl\/index.php\/wp-json\/wp\/v2\/pages\/559","targetHints":{"allow":["GET"]}}],"collection":[{"href":"https:\/\/ef.bardziejkreatywnie.pl\/index.php\/wp-json\/wp\/v2\/pages"}],"about":[{"href":"https:\/\/ef.bardziejkreatywnie.pl\/index.php\/wp-json\/wp\/v2\/types\/page"}],"author":[{"embeddable":true,"href":"https:\/\/ef.bardziejkreatywnie.pl\/index.php\/wp-json\/wp\/v2\/users\/1"}],"replies":[{"embeddable":true,"href":"https:\/\/ef.bardziejkreatywnie.pl\/index.php\/wp-json\/wp\/v2\/comments?post=559"}],"version-history":[{"count":10,"href":"https:\/\/ef.bardziejkreatywnie.pl\/index.php\/wp-json\/wp\/v2\/pages\/559\/revisions"}],"predecessor-version":[{"id":1295,"href":"https:\/\/ef.bardziejkreatywnie.pl\/index.php\/wp-json\/wp\/v2\/pages\/559\/revisions\/1295"}],"wp:attachment":[{"href":"https:\/\/ef.bardziejkreatywnie.pl\/index.php\/wp-json\/wp\/v2\/media?parent=559"}],"curies":[{"name":"wp","href":"https:\/\/api.w.org\/{rel}","templated":true}]}}