{"id":53,"date":"2025-12-22T09:49:28","date_gmt":"2025-12-22T09:49:28","guid":{"rendered":"https:\/\/ef.bardziejkreatywnie.pl\/?page_id=53"},"modified":"2026-01-14T10:40:33","modified_gmt":"2026-01-14T10:40:33","slug":"drzwi-przemyslowe","status":"publish","type":"page","link":"https:\/\/ef.bardziejkreatywnie.pl\/index.php\/drzwi-przemyslowe\/","title":{"rendered":"DRZWI PRZEMYS\u0141OWE"},"content":{"rendered":"\t\t<div data-elementor-type=\"wp-page\" data-elementor-id=\"53\" class=\"elementor elementor-53\" data-elementor-settings=\"{&quot;ha_cmc_init_switcher&quot;:&quot;no&quot;}\">\n\t\t\t\t<div class=\"elementor-element elementor-element-ab3bde3 e-flex e-con-boxed e-con e-parent\" data-id=\"ab3bde3\" data-element_type=\"container\" data-e-type=\"container\" data-settings=\"{&quot;background_background&quot;:&quot;classic&quot;,&quot;_ha_eqh_enable&quot;:false}\">\n\t\t\t\t\t<div class=\"e-con-inner\">\n\t\t<div class=\"elementor-element elementor-element-1be483a e-con-full e-flex e-con e-child\" data-id=\"1be483a\" data-element_type=\"container\" data-e-type=\"container\" data-settings=\"{&quot;_ha_eqh_enable&quot;:false}\">\n\t\t\t\t<div class=\"elementor-element elementor-element-91e5640 elementor-widget elementor-widget-heading\" data-id=\"91e5640\" data-element_type=\"widget\" data-e-type=\"widget\" data-widget_type=\"heading.default\">\n\t\t\t\t\t<h2 class=\"elementor-heading-title elementor-size-default\">DRZWI PRZEMYS\u0141OWE <\/h2>\t\t\t\t<\/div>\n\t\t\t\t<\/div>\n\t\t\t\t\t<\/div>\n\t\t\t\t<\/div>\n\t\t<div class=\"elementor-element elementor-element-d216c70 e-flex e-con-boxed e-con e-parent\" data-id=\"d216c70\" data-element_type=\"container\" data-e-type=\"container\" data-settings=\"{&quot;_ha_eqh_enable&quot;:false}\">\n\t\t\t\t\t<div class=\"e-con-inner\">\n\t\t<div class=\"elementor-element elementor-element-8e186dc e-con-full e-flex e-con e-child\" data-id=\"8e186dc\" data-element_type=\"container\" data-e-type=\"container\" data-settings=\"{&quot;_ha_eqh_enable&quot;:false}\">\n\t\t\t\t<div class=\"elementor-element elementor-element-35dcc11 elementor-widget elementor-widget-image\" data-id=\"35dcc11\" data-element_type=\"widget\" data-e-type=\"widget\" data-widget_type=\"image.default\">\n\t\t\t\t\t\t\t\t\t\t\t\t\t\t\t<img fetchpriority=\"high\" decoding=\"async\" width=\"1007\" height=\"1024\" src=\"https:\/\/ef.bardziejkreatywnie.pl\/wp-content\/uploads\/2026\/01\/drzwi-przemyslowe-scaled-2-1007x1024.webp\" class=\"attachment-large size-large wp-image-827\" alt=\"\" srcset=\"https:\/\/ef.bardziejkreatywnie.pl\/wp-content\/uploads\/2026\/01\/drzwi-przemyslowe-scaled-2-1007x1024.webp 1007w, https:\/\/ef.bardziejkreatywnie.pl\/wp-content\/uploads\/2026\/01\/drzwi-przemyslowe-scaled-2-295x300.webp 295w, https:\/\/ef.bardziejkreatywnie.pl\/wp-content\/uploads\/2026\/01\/drzwi-przemyslowe-scaled-2-768x781.webp 768w, https:\/\/ef.bardziejkreatywnie.pl\/wp-content\/uploads\/2026\/01\/drzwi-przemyslowe-scaled-2-1511x1536.webp 1511w, https:\/\/ef.bardziejkreatywnie.pl\/wp-content\/uploads\/2026\/01\/drzwi-przemyslowe-scaled-2-2014x2048.webp 2014w\" sizes=\"(max-width: 1007px) 100vw, 1007px\" \/>\t\t\t\t\t\t\t\t\t\t\t\t\t\t\t<\/div>\n\t\t\t\t<\/div>\n\t\t<div class=\"elementor-element elementor-element-d45c12d e-con-full e-flex e-con e-child\" data-id=\"d45c12d\" data-element_type=\"container\" data-e-type=\"container\" data-settings=\"{&quot;_ha_eqh_enable&quot;:false}\">\n\t\t\t\t<div class=\"elementor-element elementor-element-1552c3e elementor-widget elementor-widget-text-editor\" data-id=\"1552c3e\" data-element_type=\"widget\" data-e-type=\"widget\" data-widget_type=\"text-editor.default\">\n\t\t\t\t\t\t\t\t\t<p>Solidna konstrukcja, \u0142atwa obs\u0142uga i wysoka trwa\u0142o\u015b\u0107 sprawiaj\u0105, \u017ce nasze drzwi s\u0105 doskona\u0142ym wyborem dla ka\u017cdego przedsi\u0119biorstwa. Zainwestuj w bezpiecze\u0144stwo i efektywno\u015b\u0107 ju\u017c dzi\u015b!<\/p>\t\t\t\t\t\t\t\t<\/div>\n\t\t\t\t<\/div>\n\t\t\t\t\t<\/div>\n\t\t\t\t<\/div>\n\t\t<div class=\"elementor-element elementor-element-5e6b4a5 e-flex e-con-boxed e-con e-parent\" data-id=\"5e6b4a5\" data-element_type=\"container\" data-e-type=\"container\" data-settings=\"{&quot;_ha_eqh_enable&quot;:false}\">\n\t\t\t\t\t<div class=\"e-con-inner\">\n\t\t\t\t<div class=\"elementor-element elementor-element-b71f8c8 ha-image-grid--masonry elementor-widget elementor-widget-ha-image-grid happy-addon ha-image-grid\" data-id=\"b71f8c8\" data-element_type=\"widget\" data-e-type=\"widget\" data-settings=\"{&quot;disable_lightbox_on_tablet&quot;:&quot;yes&quot;,&quot;disable_lightbox_on_mobile&quot;:&quot;yes&quot;,&quot;layout&quot;:&quot;masonry&quot;,&quot;enable_popup&quot;:&quot;yes&quot;}\" data-widget_type=\"ha-image-grid.default\">\n\t\t\t\t\t\n\t\t<div class=\"ha-image-grid__wrap hajs-isotope ha-lightbox--has\">\n\t\t\t\t\t\t\t\n\t\t\t\t<a href=\"#\" data-mfp-src=\"https:\/\/ef.bardziejkreatywnie.pl\/wp-content\/uploads\/2026\/01\/1-1-768x1086.webp\" class=\"ha-image-grid__item ha-js-lightbox __fltr-1\">\n\t\t\t\t\t<img decoding=\"async\" width=\"1414\" height=\"2000\" src=\"https:\/\/ef.bardziejkreatywnie.pl\/wp-content\/uploads\/2026\/01\/1-1.webp\" class=\"elementor-animation-grow\" alt=\"\" srcset=\"https:\/\/ef.bardziejkreatywnie.pl\/wp-content\/uploads\/2026\/01\/1-1.webp 1414w, https:\/\/ef.bardziejkreatywnie.pl\/wp-content\/uploads\/2026\/01\/1-1-212x300.webp 212w, https:\/\/ef.bardziejkreatywnie.pl\/wp-content\/uploads\/2026\/01\/1-1-724x1024.webp 724w, https:\/\/ef.bardziejkreatywnie.pl\/wp-content\/uploads\/2026\/01\/1-1-768x1086.webp 768w, https:\/\/ef.bardziejkreatywnie.pl\/wp-content\/uploads\/2026\/01\/1-1-1086x1536.webp 1086w\" sizes=\"(max-width: 1414px) 100vw, 1414px\" \/>\t\t\t\t<\/a>\n\t\t\t\t\t\t\t\n\t\t\t\t<a href=\"#\" data-mfp-src=\"https:\/\/ef.bardziejkreatywnie.pl\/wp-content\/uploads\/2026\/01\/2-1-768x1086.webp\" class=\"ha-image-grid__item ha-js-lightbox __fltr-1\">\n\t\t\t\t\t<img decoding=\"async\" width=\"1414\" height=\"2000\" src=\"https:\/\/ef.bardziejkreatywnie.pl\/wp-content\/uploads\/2026\/01\/2-1.webp\" class=\"elementor-animation-grow\" alt=\"\" srcset=\"https:\/\/ef.bardziejkreatywnie.pl\/wp-content\/uploads\/2026\/01\/2-1.webp 1414w, https:\/\/ef.bardziejkreatywnie.pl\/wp-content\/uploads\/2026\/01\/2-1-212x300.webp 212w, https:\/\/ef.bardziejkreatywnie.pl\/wp-content\/uploads\/2026\/01\/2-1-724x1024.webp 724w, https:\/\/ef.bardziejkreatywnie.pl\/wp-content\/uploads\/2026\/01\/2-1-768x1086.webp 768w, https:\/\/ef.bardziejkreatywnie.pl\/wp-content\/uploads\/2026\/01\/2-1-1086x1536.webp 1086w\" sizes=\"(max-width: 1414px) 100vw, 1414px\" \/>\t\t\t\t<\/a>\n\t\t\t\t\t\t\t\n\t\t\t\t<a href=\"#\" data-mfp-src=\"https:\/\/ef.bardziejkreatywnie.pl\/wp-content\/uploads\/2026\/01\/2-724x1024-1.webp\" class=\"ha-image-grid__item ha-js-lightbox __fltr-1\">\n\t\t\t\t\t<img loading=\"lazy\" decoding=\"async\" width=\"724\" height=\"1024\" src=\"https:\/\/ef.bardziejkreatywnie.pl\/wp-content\/uploads\/2026\/01\/2-724x1024-1.webp\" class=\"elementor-animation-grow\" alt=\"\" srcset=\"https:\/\/ef.bardziejkreatywnie.pl\/wp-content\/uploads\/2026\/01\/2-724x1024-1.webp 724w, https:\/\/ef.bardziejkreatywnie.pl\/wp-content\/uploads\/2026\/01\/2-724x1024-1-212x300.webp 212w\" sizes=\"(max-width: 724px) 100vw, 724px\" \/>\t\t\t\t<\/a>\n\t\t\t\t\t\t\t\n\t\t\t\t<a href=\"#\" data-mfp-src=\"https:\/\/ef.bardziejkreatywnie.pl\/wp-content\/uploads\/2026\/01\/drzwi-przemyslowe-scaled-2-1-768x781.webp\" class=\"ha-image-grid__item ha-js-lightbox __fltr-1\">\n\t\t\t\t\t<img loading=\"lazy\" decoding=\"async\" width=\"2518\" height=\"2560\" src=\"https:\/\/ef.bardziejkreatywnie.pl\/wp-content\/uploads\/2026\/01\/drzwi-przemyslowe-scaled-2-1.webp\" class=\"elementor-animation-grow\" alt=\"\" srcset=\"https:\/\/ef.bardziejkreatywnie.pl\/wp-content\/uploads\/2026\/01\/drzwi-przemyslowe-scaled-2-1.webp 2518w, https:\/\/ef.bardziejkreatywnie.pl\/wp-content\/uploads\/2026\/01\/drzwi-przemyslowe-scaled-2-1-295x300.webp 295w, https:\/\/ef.bardziejkreatywnie.pl\/wp-content\/uploads\/2026\/01\/drzwi-przemyslowe-scaled-2-1-1007x1024.webp 1007w, https:\/\/ef.bardziejkreatywnie.pl\/wp-content\/uploads\/2026\/01\/drzwi-przemyslowe-scaled-2-1-768x781.webp 768w, https:\/\/ef.bardziejkreatywnie.pl\/wp-content\/uploads\/2026\/01\/drzwi-przemyslowe-scaled-2-1-1511x1536.webp 1511w, https:\/\/ef.bardziejkreatywnie.pl\/wp-content\/uploads\/2026\/01\/drzwi-przemyslowe-scaled-2-1-2014x2048.webp 2014w\" sizes=\"(max-width: 2518px) 100vw, 2518px\" \/>\t\t\t\t<\/a>\n\t\t\t\t\t<\/div>\n\n\t\t\t\t\t\t<\/div>\n\t\t\t\t\t<\/div>\n\t\t\t\t<\/div>\n\t\t\t\t<\/div>\n\t\t","protected":false},"excerpt":{"rendered":"<p>DRZWI PRZEMYS\u0141OWE Solidna konstrukcja, \u0142atwa obs\u0142uga i wysoka trwa\u0142o\u015b\u0107 sprawiaj\u0105, \u017ce nasze drzwi s\u0105 doskona\u0142ym wyborem dla ka\u017cdego przedsi\u0119biorstwa. Zainwestuj [&hellip;]<\/p>\n","protected":false},"author":1,"featured_media":0,"parent":0,"menu_order":0,"comment_status":"closed","ping_status":"closed","template":"","meta":{"site-sidebar-layout":"no-sidebar","site-content-layout":"","ast-site-content-layout":"full-width-container","site-content-style":"default","site-sidebar-style":"default","ast-global-header-display":"","ast-banner-title-visibility":"","ast-main-header-display":"","ast-hfb-above-header-display":"","ast-hfb-below-header-display":"","ast-hfb-mobile-header-display":"","site-post-title":"disabled","ast-breadcrumbs-content":"","ast-featured-img":"disabled","footer-sml-layout":"","ast-disable-related-posts":"","theme-transparent-header-meta":"","adv-header-id-meta":"","stick-header-meta":"","header-above-stick-meta":"","header-main-stick-meta":"","header-below-stick-meta":"","astra-migrate-meta-layouts":"default","ast-page-background-enabled":"default","ast-page-background-meta":{"desktop":{"background-color":"var(--ast-global-color-5)","background-image":"","background-repeat":"repeat","background-position":"center center","background-size":"auto","background-attachment":"scroll","background-type":"","background-media":"","overlay-type":"","overlay-color":"","overlay-opacity":"","overlay-gradient":""},"tablet":{"background-color":"","background-image":"","background-repeat":"repeat","background-position":"center center","background-size":"auto","background-attachment":"scroll","background-type":"","background-media":"","overlay-type":"","overlay-color":"","overlay-opacity":"","overlay-gradient":""},"mobile":{"background-color":"","background-image":"","background-repeat":"repeat","background-position":"center center","background-size":"auto","background-attachment":"scroll","background-type":"","background-media":"","overlay-type":"","overlay-color":"","overlay-opacity":"","overlay-gradient":""}},"ast-content-background-meta":{"desktop":{"background-color":"var(--ast-global-color-4)","background-image":"","background-repeat":"repeat","background-position":"center center","background-size":"auto","background-attachment":"scroll","background-type":"","background-media":"","overlay-type":"","overlay-color":"","overlay-opacity":"","overlay-gradient":""},"tablet":{"background-color":"var(--ast-global-color-4)","background-image":"","background-repeat":"repeat","background-position":"center center","background-size":"auto","background-attachment":"scroll","background-type":"","background-media":"","overlay-type":"","overlay-color":"","overlay-opacity":"","overlay-gradient":""},"mobile":{"background-color":"var(--ast-global-color-4)","background-image":"","background-repeat":"repeat","background-position":"center center","background-size":"auto","background-attachment":"scroll","background-type":"","background-media":"","overlay-type":"","overlay-color":"","overlay-opacity":"","overlay-gradient":""}},"footnotes":""},"class_list":["post-53","page","type-page","status-publish","hentry"],"_links":{"self":[{"href":"https:\/\/ef.bardziejkreatywnie.pl\/index.php\/wp-json\/wp\/v2\/pages\/53","targetHints":{"allow":["GET"]}}],"collection":[{"href":"https:\/\/ef.bardziejkreatywnie.pl\/index.php\/wp-json\/wp\/v2\/pages"}],"about":[{"href":"https:\/\/ef.bardziejkreatywnie.pl\/index.php\/wp-json\/wp\/v2\/types\/page"}],"author":[{"embeddable":true,"href":"https:\/\/ef.bardziejkreatywnie.pl\/index.php\/wp-json\/wp\/v2\/users\/1"}],"replies":[{"embeddable":true,"href":"https:\/\/ef.bardziejkreatywnie.pl\/index.php\/wp-json\/wp\/v2\/comments?post=53"}],"version-history":[{"count":7,"href":"https:\/\/ef.bardziejkreatywnie.pl\/index.php\/wp-json\/wp\/v2\/pages\/53\/revisions"}],"predecessor-version":[{"id":1241,"href":"https:\/\/ef.bardziejkreatywnie.pl\/index.php\/wp-json\/wp\/v2\/pages\/53\/revisions\/1241"}],"wp:attachment":[{"href":"https:\/\/ef.bardziejkreatywnie.pl\/index.php\/wp-json\/wp\/v2\/media?parent=53"}],"curies":[{"name":"wp","href":"https:\/\/api.w.org\/{rel}","templated":true}]}}