{"id":493,"date":"2025-12-23T12:17:44","date_gmt":"2025-12-23T12:17:44","guid":{"rendered":"https:\/\/ef.bardziejkreatywnie.pl\/?page_id=493"},"modified":"2026-01-14T10:46:44","modified_gmt":"2026-01-14T10:46:44","slug":"oval","status":"publish","type":"page","link":"https:\/\/ef.bardziejkreatywnie.pl\/index.php\/oval\/","title":{"rendered":"Oval"},"content":{"rendered":"\t\t<div data-elementor-type=\"wp-page\" data-elementor-id=\"493\" class=\"elementor elementor-493\" data-elementor-settings=\"{&quot;ha_cmc_init_switcher&quot;:&quot;no&quot;}\">\n\t\t\t\t<div class=\"elementor-element elementor-element-50c822a e-flex e-con-boxed e-con e-parent\" data-id=\"50c822a\" data-element_type=\"container\" data-e-type=\"container\" data-settings=\"{&quot;background_background&quot;:&quot;classic&quot;,&quot;_ha_eqh_enable&quot;:false}\">\n\t\t\t\t\t<div class=\"e-con-inner\">\n\t\t<div class=\"elementor-element elementor-element-219e230 e-con-full e-flex e-con e-child\" data-id=\"219e230\" data-element_type=\"container\" data-e-type=\"container\" data-settings=\"{&quot;_ha_eqh_enable&quot;:false}\">\n\t\t\t\t<div class=\"elementor-element elementor-element-3964506 elementor-widget elementor-widget-heading\" data-id=\"3964506\" data-element_type=\"widget\" data-e-type=\"widget\" data-widget_type=\"heading.default\">\n\t\t\t\t\t<h2 class=\"elementor-heading-title elementor-size-default\">Model OVAL<\/h2>\t\t\t\t<\/div>\n\t\t\t\t<\/div>\n\t\t\t\t\t<\/div>\n\t\t\t\t<\/div>\n\t\t<div class=\"elementor-element elementor-element-92dae52 e-flex e-con-boxed e-con e-parent\" data-id=\"92dae52\" data-element_type=\"container\" data-e-type=\"container\" data-settings=\"{&quot;_ha_eqh_enable&quot;:false}\">\n\t\t\t\t\t<div class=\"e-con-inner\">\n\t\t<div class=\"elementor-element elementor-element-6f42587 e-con-full e-flex e-con e-child\" data-id=\"6f42587\" data-element_type=\"container\" data-e-type=\"container\" data-settings=\"{&quot;_ha_eqh_enable&quot;:false}\">\n\t\t\t\t<div class=\"elementor-element elementor-element-24737f3 elementor-widget elementor-widget-image\" data-id=\"24737f3\" data-element_type=\"widget\" data-e-type=\"widget\" data-widget_type=\"image.default\">\n\t\t\t\t\t\t\t\t\t\t\t\t\t\t\t<img fetchpriority=\"high\" decoding=\"async\" width=\"1024\" height=\"1024\" src=\"https:\/\/ef.bardziejkreatywnie.pl\/wp-content\/uploads\/2025\/12\/Oval-1024x1024.webp\" class=\"attachment-large size-large wp-image-495\" alt=\"\" srcset=\"https:\/\/ef.bardziejkreatywnie.pl\/wp-content\/uploads\/2025\/12\/Oval-1024x1024.webp 1024w, https:\/\/ef.bardziejkreatywnie.pl\/wp-content\/uploads\/2025\/12\/Oval-300x300.webp 300w, https:\/\/ef.bardziejkreatywnie.pl\/wp-content\/uploads\/2025\/12\/Oval-150x150.webp 150w, https:\/\/ef.bardziejkreatywnie.pl\/wp-content\/uploads\/2025\/12\/Oval-768x768.webp 768w, https:\/\/ef.bardziejkreatywnie.pl\/wp-content\/uploads\/2025\/12\/Oval.webp 1368w\" sizes=\"(max-width: 1024px) 100vw, 1024px\" \/>\t\t\t\t\t\t\t\t\t\t\t\t\t\t\t<\/div>\n\t\t\t\t<\/div>\n\t\t<div class=\"elementor-element elementor-element-6639a07 e-con-full e-flex e-con e-child\" data-id=\"6639a07\" data-element_type=\"container\" data-e-type=\"container\" data-settings=\"{&quot;_ha_eqh_enable&quot;:false}\">\n\t\t\t\t<div class=\"elementor-element elementor-element-642d8fd elementor-widget elementor-widget-text-editor\" data-id=\"642d8fd\" data-element_type=\"widget\" data-e-type=\"widget\" data-widget_type=\"text-editor.default\">\n\t\t\t\t\t\t\t\t\t<p>Model wykonany z profili aluminiowych montowanych poziomo. Bardzo popularny model z panelami u\u0142o\u017conymi w kszta\u0142cie \u017caluzji o przekroju owalnym. Dost\u0119pny w bogatej gamie kolor\u00f3w z palety RAL. Idealny dla tych os\u00f3b ceni\u0105cych sobie prywatno\u015b\u0107 i cisz\u0119.<\/p>\t\t\t\t\t\t\t\t<\/div>\n\t\t\t\t<\/div>\n\t\t\t\t\t<\/div>\n\t\t\t\t<\/div>\n\t\t<div class=\"elementor-element elementor-element-eb2df7a e-flex e-con-boxed e-con e-parent\" data-id=\"eb2df7a\" data-element_type=\"container\" data-e-type=\"container\" data-settings=\"{&quot;_ha_eqh_enable&quot;:false}\">\n\t\t\t\t\t<div class=\"e-con-inner\">\n\t\t\t\t<div class=\"elementor-element elementor-element-87b5f3c ha-image-grid--masonry elementor-widget elementor-widget-ha-image-grid happy-addon ha-image-grid\" data-id=\"87b5f3c\" data-element_type=\"widget\" data-e-type=\"widget\" data-settings=\"{&quot;disable_lightbox_on_tablet&quot;:&quot;yes&quot;,&quot;disable_lightbox_on_mobile&quot;:&quot;yes&quot;,&quot;layout&quot;:&quot;masonry&quot;,&quot;enable_popup&quot;:&quot;yes&quot;}\" data-widget_type=\"ha-image-grid.default\">\n\t\t\t\t\t\n\t\t<div class=\"ha-image-grid__wrap hajs-isotope ha-lightbox--has\">\n\t\t\t\t\t\t\t\n\t\t\t\t<a href=\"#\" data-mfp-src=\"https:\/\/ef.bardziejkreatywnie.pl\/wp-content\/uploads\/2025\/12\/aluminiowe-ogrodzenie-oval-euro-fences-niechobrz-1-768x1024.webp\" class=\"ha-image-grid__item ha-js-lightbox __fltr-1\">\n\t\t\t\t\t<img decoding=\"async\" width=\"1536\" height=\"2048\" src=\"https:\/\/ef.bardziejkreatywnie.pl\/wp-content\/uploads\/2025\/12\/aluminiowe-ogrodzenie-oval-euro-fences-niechobrz-1.webp\" class=\"elementor-animation-grow\" alt=\"\" srcset=\"https:\/\/ef.bardziejkreatywnie.pl\/wp-content\/uploads\/2025\/12\/aluminiowe-ogrodzenie-oval-euro-fences-niechobrz-1.webp 1536w, https:\/\/ef.bardziejkreatywnie.pl\/wp-content\/uploads\/2025\/12\/aluminiowe-ogrodzenie-oval-euro-fences-niechobrz-1-225x300.webp 225w, https:\/\/ef.bardziejkreatywnie.pl\/wp-content\/uploads\/2025\/12\/aluminiowe-ogrodzenie-oval-euro-fences-niechobrz-1-768x1024.webp 768w, https:\/\/ef.bardziejkreatywnie.pl\/wp-content\/uploads\/2025\/12\/aluminiowe-ogrodzenie-oval-euro-fences-niechobrz-1-1152x1536.webp 1152w\" sizes=\"(max-width: 1536px) 100vw, 1536px\" \/>\t\t\t\t<\/a>\n\t\t\t\t\t\t\t\n\t\t\t\t<a href=\"#\" data-mfp-src=\"https:\/\/ef.bardziejkreatywnie.pl\/wp-content\/uploads\/2025\/12\/brama-dwuskrzydlowa-oval-euro-fences-slowacja-768x576.webp\" class=\"ha-image-grid__item ha-js-lightbox __fltr-1\">\n\t\t\t\t\t<img decoding=\"async\" width=\"1600\" height=\"1200\" src=\"https:\/\/ef.bardziejkreatywnie.pl\/wp-content\/uploads\/2025\/12\/brama-dwuskrzydlowa-oval-euro-fences-slowacja.webp\" class=\"elementor-animation-grow\" alt=\"\" srcset=\"https:\/\/ef.bardziejkreatywnie.pl\/wp-content\/uploads\/2025\/12\/brama-dwuskrzydlowa-oval-euro-fences-slowacja.webp 1600w, https:\/\/ef.bardziejkreatywnie.pl\/wp-content\/uploads\/2025\/12\/brama-dwuskrzydlowa-oval-euro-fences-slowacja-300x225.webp 300w, https:\/\/ef.bardziejkreatywnie.pl\/wp-content\/uploads\/2025\/12\/brama-dwuskrzydlowa-oval-euro-fences-slowacja-1024x768.webp 1024w, https:\/\/ef.bardziejkreatywnie.pl\/wp-content\/uploads\/2025\/12\/brama-dwuskrzydlowa-oval-euro-fences-slowacja-768x576.webp 768w, https:\/\/ef.bardziejkreatywnie.pl\/wp-content\/uploads\/2025\/12\/brama-dwuskrzydlowa-oval-euro-fences-slowacja-1536x1152.webp 1536w\" sizes=\"(max-width: 1600px) 100vw, 1600px\" \/>\t\t\t\t<\/a>\n\t\t\t\t\t\t\t\n\t\t\t\t<a href=\"#\" data-mfp-src=\"https:\/\/ef.bardziejkreatywnie.pl\/wp-content\/uploads\/2025\/12\/brama-oval-euro-fences-ogrodzenia-slowacja-768x576.jpg\" class=\"ha-image-grid__item ha-js-lightbox __fltr-1\">\n\t\t\t\t\t<img loading=\"lazy\" decoding=\"async\" width=\"2000\" height=\"1500\" src=\"https:\/\/ef.bardziejkreatywnie.pl\/wp-content\/uploads\/2025\/12\/brama-oval-euro-fences-ogrodzenia-slowacja.jpg\" class=\"elementor-animation-grow\" alt=\"\" srcset=\"https:\/\/ef.bardziejkreatywnie.pl\/wp-content\/uploads\/2025\/12\/brama-oval-euro-fences-ogrodzenia-slowacja.jpg 2000w, https:\/\/ef.bardziejkreatywnie.pl\/wp-content\/uploads\/2025\/12\/brama-oval-euro-fences-ogrodzenia-slowacja-300x225.jpg 300w, https:\/\/ef.bardziejkreatywnie.pl\/wp-content\/uploads\/2025\/12\/brama-oval-euro-fences-ogrodzenia-slowacja-1024x768.jpg 1024w, https:\/\/ef.bardziejkreatywnie.pl\/wp-content\/uploads\/2025\/12\/brama-oval-euro-fences-ogrodzenia-slowacja-768x576.jpg 768w, https:\/\/ef.bardziejkreatywnie.pl\/wp-content\/uploads\/2025\/12\/brama-oval-euro-fences-ogrodzenia-slowacja-1536x1152.jpg 1536w\" sizes=\"(max-width: 2000px) 100vw, 2000px\" \/>\t\t\t\t<\/a>\n\t\t\t\t\t\t\t\n\t\t\t\t<a href=\"#\" data-mfp-src=\"https:\/\/ef.bardziejkreatywnie.pl\/wp-content\/uploads\/2025\/12\/brama-z-aluminium-oval-euro-fences-niechobrz-1-768x1024.webp\" class=\"ha-image-grid__item ha-js-lightbox __fltr-1\">\n\t\t\t\t\t<img loading=\"lazy\" decoding=\"async\" width=\"1536\" height=\"2048\" src=\"https:\/\/ef.bardziejkreatywnie.pl\/wp-content\/uploads\/2025\/12\/brama-z-aluminium-oval-euro-fences-niechobrz-1.webp\" class=\"elementor-animation-grow\" alt=\"\" srcset=\"https:\/\/ef.bardziejkreatywnie.pl\/wp-content\/uploads\/2025\/12\/brama-z-aluminium-oval-euro-fences-niechobrz-1.webp 1536w, https:\/\/ef.bardziejkreatywnie.pl\/wp-content\/uploads\/2025\/12\/brama-z-aluminium-oval-euro-fences-niechobrz-1-225x300.webp 225w, https:\/\/ef.bardziejkreatywnie.pl\/wp-content\/uploads\/2025\/12\/brama-z-aluminium-oval-euro-fences-niechobrz-1-768x1024.webp 768w, https:\/\/ef.bardziejkreatywnie.pl\/wp-content\/uploads\/2025\/12\/brama-z-aluminium-oval-euro-fences-niechobrz-1-1152x1536.webp 1152w\" sizes=\"(max-width: 1536px) 100vw, 1536px\" \/>\t\t\t\t<\/a>\n\t\t\t\t\t\t\t\n\t\t\t\t<a href=\"#\" data-mfp-src=\"https:\/\/ef.bardziejkreatywnie.pl\/wp-content\/uploads\/2025\/12\/furtka-aluminium-oval-euro-fences-ogrodzenia-slowacja-768x1024.webp\" class=\"ha-image-grid__item ha-js-lightbox __fltr-1\">\n\t\t\t\t\t<img loading=\"lazy\" decoding=\"async\" width=\"1500\" height=\"2000\" src=\"https:\/\/ef.bardziejkreatywnie.pl\/wp-content\/uploads\/2025\/12\/furtka-aluminium-oval-euro-fences-ogrodzenia-slowacja.webp\" class=\"elementor-animation-grow\" alt=\"\" srcset=\"https:\/\/ef.bardziejkreatywnie.pl\/wp-content\/uploads\/2025\/12\/furtka-aluminium-oval-euro-fences-ogrodzenia-slowacja.webp 1500w, https:\/\/ef.bardziejkreatywnie.pl\/wp-content\/uploads\/2025\/12\/furtka-aluminium-oval-euro-fences-ogrodzenia-slowacja-225x300.webp 225w, https:\/\/ef.bardziejkreatywnie.pl\/wp-content\/uploads\/2025\/12\/furtka-aluminium-oval-euro-fences-ogrodzenia-slowacja-768x1024.webp 768w, https:\/\/ef.bardziejkreatywnie.pl\/wp-content\/uploads\/2025\/12\/furtka-aluminium-oval-euro-fences-ogrodzenia-slowacja-1152x1536.webp 1152w\" sizes=\"(max-width: 1500px) 100vw, 1500px\" \/>\t\t\t\t<\/a>\n\t\t\t\t\t\t\t\n\t\t\t\t<a href=\"#\" data-mfp-src=\"https:\/\/ef.bardziejkreatywnie.pl\/wp-content\/uploads\/2025\/12\/Furtka-Oval-768x768.webp\" class=\"ha-image-grid__item ha-js-lightbox __fltr-1\">\n\t\t\t\t\t<img loading=\"lazy\" decoding=\"async\" width=\"1496\" height=\"1496\" src=\"https:\/\/ef.bardziejkreatywnie.pl\/wp-content\/uploads\/2025\/12\/Furtka-Oval.webp\" class=\"elementor-animation-grow\" alt=\"\" srcset=\"https:\/\/ef.bardziejkreatywnie.pl\/wp-content\/uploads\/2025\/12\/Furtka-Oval.webp 1496w, https:\/\/ef.bardziejkreatywnie.pl\/wp-content\/uploads\/2025\/12\/Furtka-Oval-300x300.webp 300w, https:\/\/ef.bardziejkreatywnie.pl\/wp-content\/uploads\/2025\/12\/Furtka-Oval-1024x1024.webp 1024w, https:\/\/ef.bardziejkreatywnie.pl\/wp-content\/uploads\/2025\/12\/Furtka-Oval-150x150.webp 150w, https:\/\/ef.bardziejkreatywnie.pl\/wp-content\/uploads\/2025\/12\/Furtka-Oval-768x768.webp 768w\" sizes=\"(max-width: 1496px) 100vw, 1496px\" \/>\t\t\t\t<\/a>\n\t\t\t\t\t\t\t\n\t\t\t\t<a href=\"#\" data-mfp-src=\"https:\/\/ef.bardziejkreatywnie.pl\/wp-content\/uploads\/2025\/12\/Furtka-Oval-1024x1024-1-768x768.webp\" class=\"ha-image-grid__item ha-js-lightbox __fltr-1\">\n\t\t\t\t\t<img loading=\"lazy\" decoding=\"async\" width=\"1024\" height=\"1024\" src=\"https:\/\/ef.bardziejkreatywnie.pl\/wp-content\/uploads\/2025\/12\/Furtka-Oval-1024x1024-1.webp\" class=\"elementor-animation-grow\" alt=\"\" srcset=\"https:\/\/ef.bardziejkreatywnie.pl\/wp-content\/uploads\/2025\/12\/Furtka-Oval-1024x1024-1.webp 1024w, https:\/\/ef.bardziejkreatywnie.pl\/wp-content\/uploads\/2025\/12\/Furtka-Oval-1024x1024-1-300x300.webp 300w, https:\/\/ef.bardziejkreatywnie.pl\/wp-content\/uploads\/2025\/12\/Furtka-Oval-1024x1024-1-150x150.webp 150w, https:\/\/ef.bardziejkreatywnie.pl\/wp-content\/uploads\/2025\/12\/Furtka-Oval-1024x1024-1-768x768.webp 768w\" sizes=\"(max-width: 1024px) 100vw, 1024px\" \/>\t\t\t\t<\/a>\n\t\t\t\t\t\t\t\n\t\t\t\t<a href=\"#\" data-mfp-src=\"https:\/\/ef.bardziejkreatywnie.pl\/wp-content\/uploads\/2025\/12\/ogrodzenie-aluminiowe-euro-fences-niechobrz-1-768x1024.webp\" class=\"ha-image-grid__item ha-js-lightbox __fltr-1\">\n\t\t\t\t\t<img loading=\"lazy\" decoding=\"async\" width=\"1536\" height=\"2048\" src=\"https:\/\/ef.bardziejkreatywnie.pl\/wp-content\/uploads\/2025\/12\/ogrodzenie-aluminiowe-euro-fences-niechobrz-1.webp\" class=\"elementor-animation-grow\" alt=\"\" srcset=\"https:\/\/ef.bardziejkreatywnie.pl\/wp-content\/uploads\/2025\/12\/ogrodzenie-aluminiowe-euro-fences-niechobrz-1.webp 1536w, https:\/\/ef.bardziejkreatywnie.pl\/wp-content\/uploads\/2025\/12\/ogrodzenie-aluminiowe-euro-fences-niechobrz-1-225x300.webp 225w, https:\/\/ef.bardziejkreatywnie.pl\/wp-content\/uploads\/2025\/12\/ogrodzenie-aluminiowe-euro-fences-niechobrz-1-768x1024.webp 768w, https:\/\/ef.bardziejkreatywnie.pl\/wp-content\/uploads\/2025\/12\/ogrodzenie-aluminiowe-euro-fences-niechobrz-1-1152x1536.webp 1152w\" sizes=\"(max-width: 1536px) 100vw, 1536px\" \/>\t\t\t\t<\/a>\n\t\t\t\t\t\t\t\n\t\t\t\t<a href=\"#\" data-mfp-src=\"https:\/\/ef.bardziejkreatywnie.pl\/wp-content\/uploads\/2025\/12\/ogrodzenie-aluminiowe-oval-slowacja-euro-fences-768x576.jpg\" class=\"ha-image-grid__item ha-js-lightbox __fltr-1\">\n\t\t\t\t\t<img loading=\"lazy\" decoding=\"async\" width=\"2000\" height=\"1500\" src=\"https:\/\/ef.bardziejkreatywnie.pl\/wp-content\/uploads\/2025\/12\/ogrodzenie-aluminiowe-oval-slowacja-euro-fences.jpg\" class=\"elementor-animation-grow\" alt=\"\" srcset=\"https:\/\/ef.bardziejkreatywnie.pl\/wp-content\/uploads\/2025\/12\/ogrodzenie-aluminiowe-oval-slowacja-euro-fences.jpg 2000w, https:\/\/ef.bardziejkreatywnie.pl\/wp-content\/uploads\/2025\/12\/ogrodzenie-aluminiowe-oval-slowacja-euro-fences-300x225.jpg 300w, https:\/\/ef.bardziejkreatywnie.pl\/wp-content\/uploads\/2025\/12\/ogrodzenie-aluminiowe-oval-slowacja-euro-fences-1024x768.jpg 1024w, https:\/\/ef.bardziejkreatywnie.pl\/wp-content\/uploads\/2025\/12\/ogrodzenie-aluminiowe-oval-slowacja-euro-fences-768x576.jpg 768w, https:\/\/ef.bardziejkreatywnie.pl\/wp-content\/uploads\/2025\/12\/ogrodzenie-aluminiowe-oval-slowacja-euro-fences-1536x1152.jpg 1536w\" sizes=\"(max-width: 2000px) 100vw, 2000px\" \/>\t\t\t\t<\/a>\n\t\t\t\t\t\t\t\n\t\t\t\t<a href=\"#\" data-mfp-src=\"https:\/\/ef.bardziejkreatywnie.pl\/wp-content\/uploads\/2025\/12\/ogrodzenie-z-aluminum-euro-fences-niechobrz-1-768x1024.webp\" class=\"ha-image-grid__item ha-js-lightbox __fltr-1\">\n\t\t\t\t\t<img loading=\"lazy\" decoding=\"async\" width=\"1536\" height=\"2048\" src=\"https:\/\/ef.bardziejkreatywnie.pl\/wp-content\/uploads\/2025\/12\/ogrodzenie-z-aluminum-euro-fences-niechobrz-1.webp\" class=\"elementor-animation-grow\" alt=\"\" srcset=\"https:\/\/ef.bardziejkreatywnie.pl\/wp-content\/uploads\/2025\/12\/ogrodzenie-z-aluminum-euro-fences-niechobrz-1.webp 1536w, https:\/\/ef.bardziejkreatywnie.pl\/wp-content\/uploads\/2025\/12\/ogrodzenie-z-aluminum-euro-fences-niechobrz-1-225x300.webp 225w, https:\/\/ef.bardziejkreatywnie.pl\/wp-content\/uploads\/2025\/12\/ogrodzenie-z-aluminum-euro-fences-niechobrz-1-768x1024.webp 768w, https:\/\/ef.bardziejkreatywnie.pl\/wp-content\/uploads\/2025\/12\/ogrodzenie-z-aluminum-euro-fences-niechobrz-1-1152x1536.webp 1152w\" sizes=\"(max-width: 1536px) 100vw, 1536px\" \/>\t\t\t\t<\/a>\n\t\t\t\t\t\t\t\n\t\t\t\t<a href=\"#\" data-mfp-src=\"https:\/\/ef.bardziejkreatywnie.pl\/wp-content\/uploads\/2025\/12\/Oval-1-768x768.webp\" class=\"ha-image-grid__item ha-js-lightbox __fltr-1\">\n\t\t\t\t\t<img loading=\"lazy\" decoding=\"async\" width=\"1368\" height=\"1368\" src=\"https:\/\/ef.bardziejkreatywnie.pl\/wp-content\/uploads\/2025\/12\/Oval-1.webp\" class=\"elementor-animation-grow\" alt=\"\" srcset=\"https:\/\/ef.bardziejkreatywnie.pl\/wp-content\/uploads\/2025\/12\/Oval-1.webp 1368w, https:\/\/ef.bardziejkreatywnie.pl\/wp-content\/uploads\/2025\/12\/Oval-1-300x300.webp 300w, https:\/\/ef.bardziejkreatywnie.pl\/wp-content\/uploads\/2025\/12\/Oval-1-1024x1024.webp 1024w, https:\/\/ef.bardziejkreatywnie.pl\/wp-content\/uploads\/2025\/12\/Oval-1-150x150.webp 150w, https:\/\/ef.bardziejkreatywnie.pl\/wp-content\/uploads\/2025\/12\/Oval-1-768x768.webp 768w\" sizes=\"(max-width: 1368px) 100vw, 1368px\" \/>\t\t\t\t<\/a>\n\t\t\t\t\t\t\t\n\t\t\t\t<a href=\"#\" data-mfp-src=\"https:\/\/ef.bardziejkreatywnie.pl\/wp-content\/uploads\/2025\/12\/oval-ogrodzenie-aluminiowe-euro-fences-slowacja-rotated-1-768x576.webp\" class=\"ha-image-grid__item ha-js-lightbox __fltr-1\">\n\t\t\t\t\t<img loading=\"lazy\" decoding=\"async\" width=\"1600\" height=\"1200\" src=\"https:\/\/ef.bardziejkreatywnie.pl\/wp-content\/uploads\/2025\/12\/oval-ogrodzenie-aluminiowe-euro-fences-slowacja-rotated-1.webp\" class=\"elementor-animation-grow\" alt=\"\" srcset=\"https:\/\/ef.bardziejkreatywnie.pl\/wp-content\/uploads\/2025\/12\/oval-ogrodzenie-aluminiowe-euro-fences-slowacja-rotated-1.webp 1600w, https:\/\/ef.bardziejkreatywnie.pl\/wp-content\/uploads\/2025\/12\/oval-ogrodzenie-aluminiowe-euro-fences-slowacja-rotated-1-300x225.webp 300w, https:\/\/ef.bardziejkreatywnie.pl\/wp-content\/uploads\/2025\/12\/oval-ogrodzenie-aluminiowe-euro-fences-slowacja-rotated-1-1024x768.webp 1024w, https:\/\/ef.bardziejkreatywnie.pl\/wp-content\/uploads\/2025\/12\/oval-ogrodzenie-aluminiowe-euro-fences-slowacja-rotated-1-768x576.webp 768w, https:\/\/ef.bardziejkreatywnie.pl\/wp-content\/uploads\/2025\/12\/oval-ogrodzenie-aluminiowe-euro-fences-slowacja-rotated-1-1536x1152.webp 1536w\" sizes=\"(max-width: 1600px) 100vw, 1600px\" \/>\t\t\t\t<\/a>\n\t\t\t\t\t\t\t\n\t\t\t\t<a href=\"#\" data-mfp-src=\"https:\/\/ef.bardziejkreatywnie.pl\/wp-content\/uploads\/2025\/12\/przesla-aluminiowe-oval-euro-fences-slowacja-768x576.webp\" class=\"ha-image-grid__item ha-js-lightbox __fltr-1\">\n\t\t\t\t\t<img loading=\"lazy\" decoding=\"async\" width=\"1600\" height=\"1200\" src=\"https:\/\/ef.bardziejkreatywnie.pl\/wp-content\/uploads\/2025\/12\/przesla-aluminiowe-oval-euro-fences-slowacja.webp\" class=\"elementor-animation-grow\" alt=\"\" srcset=\"https:\/\/ef.bardziejkreatywnie.pl\/wp-content\/uploads\/2025\/12\/przesla-aluminiowe-oval-euro-fences-slowacja.webp 1600w, https:\/\/ef.bardziejkreatywnie.pl\/wp-content\/uploads\/2025\/12\/przesla-aluminiowe-oval-euro-fences-slowacja-300x225.webp 300w, https:\/\/ef.bardziejkreatywnie.pl\/wp-content\/uploads\/2025\/12\/przesla-aluminiowe-oval-euro-fences-slowacja-1024x768.webp 1024w, https:\/\/ef.bardziejkreatywnie.pl\/wp-content\/uploads\/2025\/12\/przesla-aluminiowe-oval-euro-fences-slowacja-768x576.webp 768w, https:\/\/ef.bardziejkreatywnie.pl\/wp-content\/uploads\/2025\/12\/przesla-aluminiowe-oval-euro-fences-slowacja-1536x1152.webp 1536w\" sizes=\"(max-width: 1600px) 100vw, 1600px\" \/>\t\t\t\t<\/a>\n\t\t\t\t\t\t\t\n\t\t\t\t<a href=\"#\" data-mfp-src=\"https:\/\/ef.bardziejkreatywnie.pl\/wp-content\/uploads\/2025\/12\/przesla-aluminiowe-oval-slowacja-euro-fences-ogrodzenia-768x576.jpg\" class=\"ha-image-grid__item ha-js-lightbox __fltr-1\">\n\t\t\t\t\t<img loading=\"lazy\" decoding=\"async\" width=\"1600\" height=\"1200\" src=\"https:\/\/ef.bardziejkreatywnie.pl\/wp-content\/uploads\/2025\/12\/przesla-aluminiowe-oval-slowacja-euro-fences-ogrodzenia.jpg\" class=\"elementor-animation-grow\" alt=\"\" srcset=\"https:\/\/ef.bardziejkreatywnie.pl\/wp-content\/uploads\/2025\/12\/przesla-aluminiowe-oval-slowacja-euro-fences-ogrodzenia.jpg 1600w, https:\/\/ef.bardziejkreatywnie.pl\/wp-content\/uploads\/2025\/12\/przesla-aluminiowe-oval-slowacja-euro-fences-ogrodzenia-300x225.jpg 300w, https:\/\/ef.bardziejkreatywnie.pl\/wp-content\/uploads\/2025\/12\/przesla-aluminiowe-oval-slowacja-euro-fences-ogrodzenia-1024x768.jpg 1024w, https:\/\/ef.bardziejkreatywnie.pl\/wp-content\/uploads\/2025\/12\/przesla-aluminiowe-oval-slowacja-euro-fences-ogrodzenia-768x576.jpg 768w, https:\/\/ef.bardziejkreatywnie.pl\/wp-content\/uploads\/2025\/12\/przesla-aluminiowe-oval-slowacja-euro-fences-ogrodzenia-1536x1152.jpg 1536w\" sizes=\"(max-width: 1600px) 100vw, 1600px\" \/>\t\t\t\t<\/a>\n\t\t\t\t\t\t\t\n\t\t\t\t<a href=\"#\" data-mfp-src=\"https:\/\/ef.bardziejkreatywnie.pl\/wp-content\/uploads\/2025\/12\/przeslo-aluminiowe-termodruk-model-oval-ogrodzenia-aluminiowe-euro-fences-slowacja-scaled-1-768x1024.webp\" class=\"ha-image-grid__item ha-js-lightbox __fltr-1\">\n\t\t\t\t\t<img loading=\"lazy\" decoding=\"async\" width=\"1920\" height=\"2560\" src=\"https:\/\/ef.bardziejkreatywnie.pl\/wp-content\/uploads\/2025\/12\/przeslo-aluminiowe-termodruk-model-oval-ogrodzenia-aluminiowe-euro-fences-slowacja-scaled-1.webp\" class=\"elementor-animation-grow\" alt=\"\" srcset=\"https:\/\/ef.bardziejkreatywnie.pl\/wp-content\/uploads\/2025\/12\/przeslo-aluminiowe-termodruk-model-oval-ogrodzenia-aluminiowe-euro-fences-slowacja-scaled-1.webp 1920w, https:\/\/ef.bardziejkreatywnie.pl\/wp-content\/uploads\/2025\/12\/przeslo-aluminiowe-termodruk-model-oval-ogrodzenia-aluminiowe-euro-fences-slowacja-scaled-1-225x300.webp 225w, https:\/\/ef.bardziejkreatywnie.pl\/wp-content\/uploads\/2025\/12\/przeslo-aluminiowe-termodruk-model-oval-ogrodzenia-aluminiowe-euro-fences-slowacja-scaled-1-768x1024.webp 768w, https:\/\/ef.bardziejkreatywnie.pl\/wp-content\/uploads\/2025\/12\/przeslo-aluminiowe-termodruk-model-oval-ogrodzenia-aluminiowe-euro-fences-slowacja-scaled-1-1152x1536.webp 1152w, https:\/\/ef.bardziejkreatywnie.pl\/wp-content\/uploads\/2025\/12\/przeslo-aluminiowe-termodruk-model-oval-ogrodzenia-aluminiowe-euro-fences-slowacja-scaled-1-1536x2048.webp 1536w\" sizes=\"(max-width: 1920px) 100vw, 1920px\" \/>\t\t\t\t<\/a>\n\t\t\t\t\t<\/div>\n\n\t\t\t\t\t\t<\/div>\n\t\t\t\t\t<\/div>\n\t\t\t\t<\/div>\n\t\t\t\t<\/div>\n\t\t","protected":false},"excerpt":{"rendered":"<p>Model OVAL Model wykonany z profili aluminiowych montowanych poziomo. Bardzo popularny model z panelami u\u0142o\u017conymi w kszta\u0142cie \u017caluzji o przekroju [&hellip;]<\/p>\n","protected":false},"author":1,"featured_media":0,"parent":0,"menu_order":0,"comment_status":"closed","ping_status":"closed","template":"","meta":{"site-sidebar-layout":"no-sidebar","site-content-layout":"","ast-site-content-layout":"full-width-container","site-content-style":"default","site-sidebar-style":"default","ast-global-header-display":"","ast-banner-title-visibility":"","ast-main-header-display":"","ast-hfb-above-header-display":"","ast-hfb-below-header-display":"","ast-hfb-mobile-header-display":"","site-post-title":"disabled","ast-breadcrumbs-content":"","ast-featured-img":"disabled","footer-sml-layout":"","ast-disable-related-posts":"","theme-transparent-header-meta":"","adv-header-id-meta":"","stick-header-meta":"","header-above-stick-meta":"","header-main-stick-meta":"","header-below-stick-meta":"","astra-migrate-meta-layouts":"default","ast-page-background-enabled":"default","ast-page-background-meta":{"desktop":{"background-color":"var(--ast-global-color-5)","background-image":"","background-repeat":"repeat","background-position":"center center","background-size":"auto","background-attachment":"scroll","background-type":"","background-media":"","overlay-type":"","overlay-color":"","overlay-opacity":"","overlay-gradient":""},"tablet":{"background-color":"","background-image":"","background-repeat":"repeat","background-position":"center center","background-size":"auto","background-attachment":"scroll","background-type":"","background-media":"","overlay-type":"","overlay-color":"","overlay-opacity":"","overlay-gradient":""},"mobile":{"background-color":"","background-image":"","background-repeat":"repeat","background-position":"center center","background-size":"auto","background-attachment":"scroll","background-type":"","background-media":"","overlay-type":"","overlay-color":"","overlay-opacity":"","overlay-gradient":""}},"ast-content-background-meta":{"desktop":{"background-color":"var(--ast-global-color-4)","background-image":"","background-repeat":"repeat","background-position":"center center","background-size":"auto","background-attachment":"scroll","background-type":"","background-media":"","overlay-type":"","overlay-color":"","overlay-opacity":"","overlay-gradient":""},"tablet":{"background-color":"var(--ast-global-color-4)","background-image":"","background-repeat":"repeat","background-position":"center center","background-size":"auto","background-attachment":"scroll","background-type":"","background-media":"","overlay-type":"","overlay-color":"","overlay-opacity":"","overlay-gradient":""},"mobile":{"background-color":"var(--ast-global-color-4)","background-image":"","background-repeat":"repeat","background-position":"center center","background-size":"auto","background-attachment":"scroll","background-type":"","background-media":"","overlay-type":"","overlay-color":"","overlay-opacity":"","overlay-gradient":""}},"footnotes":""},"class_list":["post-493","page","type-page","status-publish","hentry"],"_links":{"self":[{"href":"https:\/\/ef.bardziejkreatywnie.pl\/index.php\/wp-json\/wp\/v2\/pages\/493","targetHints":{"allow":["GET"]}}],"collection":[{"href":"https:\/\/ef.bardziejkreatywnie.pl\/index.php\/wp-json\/wp\/v2\/pages"}],"about":[{"href":"https:\/\/ef.bardziejkreatywnie.pl\/index.php\/wp-json\/wp\/v2\/types\/page"}],"author":[{"embeddable":true,"href":"https:\/\/ef.bardziejkreatywnie.pl\/index.php\/wp-json\/wp\/v2\/users\/1"}],"replies":[{"embeddable":true,"href":"https:\/\/ef.bardziejkreatywnie.pl\/index.php\/wp-json\/wp\/v2\/comments?post=493"}],"version-history":[{"count":7,"href":"https:\/\/ef.bardziejkreatywnie.pl\/index.php\/wp-json\/wp\/v2\/pages\/493\/revisions"}],"predecessor-version":[{"id":1280,"href":"https:\/\/ef.bardziejkreatywnie.pl\/index.php\/wp-json\/wp\/v2\/pages\/493\/revisions\/1280"}],"wp:attachment":[{"href":"https:\/\/ef.bardziejkreatywnie.pl\/index.php\/wp-json\/wp\/v2\/media?parent=493"}],"curies":[{"name":"wp","href":"https:\/\/api.w.org\/{rel}","templated":true}]}}