{"id":47,"date":"2025-12-22T09:48:22","date_gmt":"2025-12-22T09:48:22","guid":{"rendered":"https:\/\/ef.bardziejkreatywnie.pl\/?page_id=47"},"modified":"2026-01-14T09:11:05","modified_gmt":"2026-01-14T09:11:05","slug":"zaslony-na-skrzynki-gaz-prad","status":"publish","type":"page","link":"https:\/\/ef.bardziejkreatywnie.pl\/index.php\/zaslony-na-skrzynki-gaz-prad\/","title":{"rendered":"ZAS\u0141ONY NA SKRZYNKI GAZ\/PR\u0104D"},"content":{"rendered":"\t\t<div data-elementor-type=\"wp-page\" data-elementor-id=\"47\" class=\"elementor elementor-47\" data-elementor-settings=\"{&quot;ha_cmc_init_switcher&quot;:&quot;no&quot;}\">\n\t\t\t\t<div class=\"elementor-element elementor-element-e4c87d8 e-flex e-con-boxed e-con e-parent\" data-id=\"e4c87d8\" data-element_type=\"container\" data-e-type=\"container\" data-settings=\"{&quot;background_background&quot;:&quot;classic&quot;,&quot;_ha_eqh_enable&quot;:false}\">\n\t\t\t\t\t<div class=\"e-con-inner\">\n\t\t<div class=\"elementor-element elementor-element-4a477bf e-con-full e-flex e-con e-child\" data-id=\"4a477bf\" data-element_type=\"container\" data-e-type=\"container\" data-settings=\"{&quot;_ha_eqh_enable&quot;:false}\">\n\t\t\t\t<div class=\"elementor-element elementor-element-bfe0faa elementor-widget elementor-widget-heading\" data-id=\"bfe0faa\" data-element_type=\"widget\" data-e-type=\"widget\" data-widget_type=\"heading.default\">\n\t\t\t\t\t<h2 class=\"elementor-heading-title elementor-size-default\">ZAS\u0141ONY NA SKRZYNKI GAZ\/PR\u0104D<\/h2>\t\t\t\t<\/div>\n\t\t\t\t<\/div>\n\t\t\t\t\t<\/div>\n\t\t\t\t<\/div>\n\t\t<div class=\"elementor-element elementor-element-06bcbe5 e-flex e-con-boxed e-con e-parent\" data-id=\"06bcbe5\" data-element_type=\"container\" data-e-type=\"container\" data-settings=\"{&quot;_ha_eqh_enable&quot;:false}\">\n\t\t\t\t\t<div class=\"e-con-inner\">\n\t\t<div class=\"elementor-element elementor-element-c3620f8 e-con-full e-flex e-con e-child\" data-id=\"c3620f8\" data-element_type=\"container\" data-e-type=\"container\" data-settings=\"{&quot;_ha_eqh_enable&quot;:false}\">\n\t\t\t\t<div class=\"elementor-element elementor-element-07d0931 elementor-widget elementor-widget-image\" data-id=\"07d0931\" data-element_type=\"widget\" data-e-type=\"widget\" data-widget_type=\"image.default\">\n\t\t\t\t\t\t\t\t\t\t\t\t\t\t\t<img fetchpriority=\"high\" decoding=\"async\" width=\"576\" height=\"1024\" src=\"https:\/\/ef.bardziejkreatywnie.pl\/wp-content\/uploads\/2025\/12\/515537212_735425918859634_3872840729284683000_n-576x1024.webp\" class=\"attachment-large size-large wp-image-670\" alt=\"\" srcset=\"https:\/\/ef.bardziejkreatywnie.pl\/wp-content\/uploads\/2025\/12\/515537212_735425918859634_3872840729284683000_n-576x1024.webp 576w, https:\/\/ef.bardziejkreatywnie.pl\/wp-content\/uploads\/2025\/12\/515537212_735425918859634_3872840729284683000_n-169x300.webp 169w, https:\/\/ef.bardziejkreatywnie.pl\/wp-content\/uploads\/2025\/12\/515537212_735425918859634_3872840729284683000_n-768x1365.webp 768w, https:\/\/ef.bardziejkreatywnie.pl\/wp-content\/uploads\/2025\/12\/515537212_735425918859634_3872840729284683000_n-864x1536.webp 864w, https:\/\/ef.bardziejkreatywnie.pl\/wp-content\/uploads\/2025\/12\/515537212_735425918859634_3872840729284683000_n.webp 1152w\" sizes=\"(max-width: 576px) 100vw, 576px\" \/>\t\t\t\t\t\t\t\t\t\t\t\t\t\t\t<\/div>\n\t\t\t\t<\/div>\n\t\t<div class=\"elementor-element elementor-element-91ac8c5 e-con-full e-flex e-con e-child\" data-id=\"91ac8c5\" data-element_type=\"container\" data-e-type=\"container\" data-settings=\"{&quot;_ha_eqh_enable&quot;:false}\">\n\t\t\t\t<div class=\"elementor-element elementor-element-1a8f0da elementor-widget elementor-widget-text-editor\" data-id=\"1a8f0da\" data-element_type=\"widget\" data-e-type=\"widget\" data-widget_type=\"text-editor.default\">\n\t\t\t\t\t\t\t\t\t<p>Aluminiowe skrzynki rewizyjne to niezb\u0119dny element w instalacjach gazowych i elektrycznych.<\/p><p>Wykonane z aluminium, s\u0105 lekkie, trwa\u0142e i odporne na korozj\u0119. Solidna konstrukcja zapewnia d\u0142ug\u0105 \u017cywotno\u015b\u0107. Dost\u0119pne s\u0105 r\u00f3\u017cne rozmiary i kszta\u0142ty, a wygodny system otwierania i zamykania zapewnia funkcjonalno\u015b\u0107 i bezpiecze\u0144stwo.<\/p>\t\t\t\t\t\t\t\t<\/div>\n\t\t\t\t<\/div>\n\t\t\t\t\t<\/div>\n\t\t\t\t<\/div>\n\t\t<div class=\"elementor-element elementor-element-b80fcc9 e-flex e-con-boxed e-con e-parent\" data-id=\"b80fcc9\" data-element_type=\"container\" data-e-type=\"container\" data-settings=\"{&quot;_ha_eqh_enable&quot;:false}\">\n\t\t\t\t\t<div class=\"e-con-inner\">\n\t\t\t\t<div class=\"elementor-element elementor-element-ca2fdf3 ha-image-grid--masonry elementor-widget elementor-widget-ha-image-grid happy-addon ha-image-grid\" data-id=\"ca2fdf3\" data-element_type=\"widget\" data-e-type=\"widget\" data-settings=\"{&quot;disable_lightbox_on_tablet&quot;:&quot;yes&quot;,&quot;disable_lightbox_on_mobile&quot;:&quot;yes&quot;,&quot;layout&quot;:&quot;masonry&quot;,&quot;enable_popup&quot;:&quot;yes&quot;}\" data-widget_type=\"ha-image-grid.default\">\n\t\t\t\t\t\n\t\t<div class=\"ha-image-grid__wrap hajs-isotope ha-lightbox--has\">\n\t\t\t\t\t\t\t\n\t\t\t\t<a href=\"#\" data-mfp-src=\"https:\/\/ef.bardziejkreatywnie.pl\/wp-content\/uploads\/2025\/12\/515537212_735425918859634_3872840729284683000_n-1-768x1365.webp\" class=\"ha-image-grid__item ha-js-lightbox __fltr-1\">\n\t\t\t\t\t<img decoding=\"async\" width=\"1152\" height=\"2048\" src=\"https:\/\/ef.bardziejkreatywnie.pl\/wp-content\/uploads\/2025\/12\/515537212_735425918859634_3872840729284683000_n-1.webp\" class=\"elementor-animation-grow\" alt=\"\" srcset=\"https:\/\/ef.bardziejkreatywnie.pl\/wp-content\/uploads\/2025\/12\/515537212_735425918859634_3872840729284683000_n-1.webp 1152w, https:\/\/ef.bardziejkreatywnie.pl\/wp-content\/uploads\/2025\/12\/515537212_735425918859634_3872840729284683000_n-1-169x300.webp 169w, https:\/\/ef.bardziejkreatywnie.pl\/wp-content\/uploads\/2025\/12\/515537212_735425918859634_3872840729284683000_n-1-576x1024.webp 576w, https:\/\/ef.bardziejkreatywnie.pl\/wp-content\/uploads\/2025\/12\/515537212_735425918859634_3872840729284683000_n-1-768x1365.webp 768w, https:\/\/ef.bardziejkreatywnie.pl\/wp-content\/uploads\/2025\/12\/515537212_735425918859634_3872840729284683000_n-1-864x1536.webp 864w\" sizes=\"(max-width: 1152px) 100vw, 1152px\" \/>\t\t\t\t<\/a>\n\t\t\t\t\t\t\t\n\t\t\t\t<a href=\"#\" data-mfp-src=\"https:\/\/ef.bardziejkreatywnie.pl\/wp-content\/uploads\/2025\/12\/OSLONA-NA-GAZ-2024-1-768x1150.webp\" class=\"ha-image-grid__item ha-js-lightbox __fltr-1\">\n\t\t\t\t\t<img decoding=\"async\" width=\"1316\" height=\"1971\" src=\"https:\/\/ef.bardziejkreatywnie.pl\/wp-content\/uploads\/2025\/12\/OSLONA-NA-GAZ-2024-1.webp\" class=\"elementor-animation-grow\" alt=\"\" srcset=\"https:\/\/ef.bardziejkreatywnie.pl\/wp-content\/uploads\/2025\/12\/OSLONA-NA-GAZ-2024-1.webp 1316w, https:\/\/ef.bardziejkreatywnie.pl\/wp-content\/uploads\/2025\/12\/OSLONA-NA-GAZ-2024-1-200x300.webp 200w, https:\/\/ef.bardziejkreatywnie.pl\/wp-content\/uploads\/2025\/12\/OSLONA-NA-GAZ-2024-1-684x1024.webp 684w, https:\/\/ef.bardziejkreatywnie.pl\/wp-content\/uploads\/2025\/12\/OSLONA-NA-GAZ-2024-1-768x1150.webp 768w, https:\/\/ef.bardziejkreatywnie.pl\/wp-content\/uploads\/2025\/12\/OSLONA-NA-GAZ-2024-1-1026x1536.webp 1026w\" sizes=\"(max-width: 1316px) 100vw, 1316px\" \/>\t\t\t\t<\/a>\n\t\t\t\t\t\t\t\n\t\t\t\t<a href=\"#\" data-mfp-src=\"https:\/\/ef.bardziejkreatywnie.pl\/wp-content\/uploads\/2025\/12\/OSLONA-NA-GAZ-2024-3-1-768x1040.webp\" class=\"ha-image-grid__item ha-js-lightbox __fltr-1\">\n\t\t\t\t\t<img loading=\"lazy\" decoding=\"async\" width=\"1383\" height=\"1872\" src=\"https:\/\/ef.bardziejkreatywnie.pl\/wp-content\/uploads\/2025\/12\/OSLONA-NA-GAZ-2024-3-1.webp\" class=\"elementor-animation-grow\" alt=\"\" srcset=\"https:\/\/ef.bardziejkreatywnie.pl\/wp-content\/uploads\/2025\/12\/OSLONA-NA-GAZ-2024-3-1.webp 1383w, https:\/\/ef.bardziejkreatywnie.pl\/wp-content\/uploads\/2025\/12\/OSLONA-NA-GAZ-2024-3-1-222x300.webp 222w, https:\/\/ef.bardziejkreatywnie.pl\/wp-content\/uploads\/2025\/12\/OSLONA-NA-GAZ-2024-3-1-757x1024.webp 757w, https:\/\/ef.bardziejkreatywnie.pl\/wp-content\/uploads\/2025\/12\/OSLONA-NA-GAZ-2024-3-1-768x1040.webp 768w, https:\/\/ef.bardziejkreatywnie.pl\/wp-content\/uploads\/2025\/12\/OSLONA-NA-GAZ-2024-3-1-1135x1536.webp 1135w\" sizes=\"(max-width: 1383px) 100vw, 1383px\" \/>\t\t\t\t<\/a>\n\t\t\t\t\t\t\t\n\t\t\t\t<a href=\"#\" data-mfp-src=\"https:\/\/ef.bardziejkreatywnie.pl\/wp-content\/uploads\/2025\/12\/oslony-na-gaz-1-768x796.webp\" class=\"ha-image-grid__item ha-js-lightbox __fltr-1\">\n\t\t\t\t\t<img loading=\"lazy\" decoding=\"async\" width=\"1300\" height=\"1348\" src=\"https:\/\/ef.bardziejkreatywnie.pl\/wp-content\/uploads\/2025\/12\/oslony-na-gaz-1.webp\" class=\"elementor-animation-grow\" alt=\"\" srcset=\"https:\/\/ef.bardziejkreatywnie.pl\/wp-content\/uploads\/2025\/12\/oslony-na-gaz-1.webp 1300w, https:\/\/ef.bardziejkreatywnie.pl\/wp-content\/uploads\/2025\/12\/oslony-na-gaz-1-289x300.webp 289w, https:\/\/ef.bardziejkreatywnie.pl\/wp-content\/uploads\/2025\/12\/oslony-na-gaz-1-988x1024.webp 988w, https:\/\/ef.bardziejkreatywnie.pl\/wp-content\/uploads\/2025\/12\/oslony-na-gaz-1-768x796.webp 768w\" sizes=\"(max-width: 1300px) 100vw, 1300px\" \/>\t\t\t\t<\/a>\n\t\t\t\t\t\t\t\n\t\t\t\t<a href=\"#\" data-mfp-src=\"https:\/\/ef.bardziejkreatywnie.pl\/wp-content\/uploads\/2025\/12\/skrzynka-na-gaz-1-768x387.webp\" class=\"ha-image-grid__item ha-js-lightbox __fltr-1\">\n\t\t\t\t\t<img loading=\"lazy\" decoding=\"async\" width=\"1500\" height=\"755\" src=\"https:\/\/ef.bardziejkreatywnie.pl\/wp-content\/uploads\/2025\/12\/skrzynka-na-gaz-1.webp\" class=\"elementor-animation-grow\" alt=\"\" srcset=\"https:\/\/ef.bardziejkreatywnie.pl\/wp-content\/uploads\/2025\/12\/skrzynka-na-gaz-1.webp 1500w, https:\/\/ef.bardziejkreatywnie.pl\/wp-content\/uploads\/2025\/12\/skrzynka-na-gaz-1-300x151.webp 300w, https:\/\/ef.bardziejkreatywnie.pl\/wp-content\/uploads\/2025\/12\/skrzynka-na-gaz-1-1024x515.webp 1024w, https:\/\/ef.bardziejkreatywnie.pl\/wp-content\/uploads\/2025\/12\/skrzynka-na-gaz-1-768x387.webp 768w\" sizes=\"(max-width: 1500px) 100vw, 1500px\" \/>\t\t\t\t<\/a>\n\t\t\t\t\t\t\t\n\t\t\t\t<a href=\"#\" data-mfp-src=\"https:\/\/ef.bardziejkreatywnie.pl\/wp-content\/uploads\/2025\/12\/skrzynka-na-gaz-1-768x387-1.webp\" class=\"ha-image-grid__item ha-js-lightbox __fltr-1\">\n\t\t\t\t\t<img loading=\"lazy\" decoding=\"async\" width=\"768\" height=\"387\" src=\"https:\/\/ef.bardziejkreatywnie.pl\/wp-content\/uploads\/2025\/12\/skrzynka-na-gaz-1-768x387-1.webp\" class=\"elementor-animation-grow\" alt=\"\" srcset=\"https:\/\/ef.bardziejkreatywnie.pl\/wp-content\/uploads\/2025\/12\/skrzynka-na-gaz-1-768x387-1.webp 768w, https:\/\/ef.bardziejkreatywnie.pl\/wp-content\/uploads\/2025\/12\/skrzynka-na-gaz-1-768x387-1-300x151.webp 300w\" sizes=\"(max-width: 768px) 100vw, 768px\" \/>\t\t\t\t<\/a>\n\t\t\t\t\t\t\t\n\t\t\t\t<a href=\"#\" data-mfp-src=\"https:\/\/ef.bardziejkreatywnie.pl\/wp-content\/uploads\/2025\/12\/sunny-ogrodzenie-aluminiowe-euro-fences-warszawa-768x1365.webp\" class=\"ha-image-grid__item ha-js-lightbox __fltr-1\">\n\t\t\t\t\t<img loading=\"lazy\" decoding=\"async\" width=\"1152\" height=\"2048\" src=\"https:\/\/ef.bardziejkreatywnie.pl\/wp-content\/uploads\/2025\/12\/sunny-ogrodzenie-aluminiowe-euro-fences-warszawa.webp\" class=\"elementor-animation-grow\" alt=\"\" srcset=\"https:\/\/ef.bardziejkreatywnie.pl\/wp-content\/uploads\/2025\/12\/sunny-ogrodzenie-aluminiowe-euro-fences-warszawa.webp 1152w, https:\/\/ef.bardziejkreatywnie.pl\/wp-content\/uploads\/2025\/12\/sunny-ogrodzenie-aluminiowe-euro-fences-warszawa-169x300.webp 169w, https:\/\/ef.bardziejkreatywnie.pl\/wp-content\/uploads\/2025\/12\/sunny-ogrodzenie-aluminiowe-euro-fences-warszawa-576x1024.webp 576w, https:\/\/ef.bardziejkreatywnie.pl\/wp-content\/uploads\/2025\/12\/sunny-ogrodzenie-aluminiowe-euro-fences-warszawa-768x1365.webp 768w, https:\/\/ef.bardziejkreatywnie.pl\/wp-content\/uploads\/2025\/12\/sunny-ogrodzenie-aluminiowe-euro-fences-warszawa-864x1536.webp 864w\" sizes=\"(max-width: 1152px) 100vw, 1152px\" \/>\t\t\t\t<\/a>\n\t\t\t\t\t\t\t\n\t\t\t\t<a href=\"#\" data-mfp-src=\"https:\/\/ef.bardziejkreatywnie.pl\/wp-content\/uploads\/2025\/12\/zabudowa-na-prad-kluczbork-euro-fences-ogrodzenia-aluminiowe-768x1365.webp\" class=\"ha-image-grid__item ha-js-lightbox __fltr-1\">\n\t\t\t\t\t<img loading=\"lazy\" decoding=\"async\" width=\"1152\" height=\"2048\" src=\"https:\/\/ef.bardziejkreatywnie.pl\/wp-content\/uploads\/2025\/12\/zabudowa-na-prad-kluczbork-euro-fences-ogrodzenia-aluminiowe.webp\" class=\"elementor-animation-grow\" alt=\"\" srcset=\"https:\/\/ef.bardziejkreatywnie.pl\/wp-content\/uploads\/2025\/12\/zabudowa-na-prad-kluczbork-euro-fences-ogrodzenia-aluminiowe.webp 1152w, https:\/\/ef.bardziejkreatywnie.pl\/wp-content\/uploads\/2025\/12\/zabudowa-na-prad-kluczbork-euro-fences-ogrodzenia-aluminiowe-169x300.webp 169w, https:\/\/ef.bardziejkreatywnie.pl\/wp-content\/uploads\/2025\/12\/zabudowa-na-prad-kluczbork-euro-fences-ogrodzenia-aluminiowe-576x1024.webp 576w, https:\/\/ef.bardziejkreatywnie.pl\/wp-content\/uploads\/2025\/12\/zabudowa-na-prad-kluczbork-euro-fences-ogrodzenia-aluminiowe-768x1365.webp 768w, https:\/\/ef.bardziejkreatywnie.pl\/wp-content\/uploads\/2025\/12\/zabudowa-na-prad-kluczbork-euro-fences-ogrodzenia-aluminiowe-864x1536.webp 864w\" sizes=\"(max-width: 1152px) 100vw, 1152px\" \/>\t\t\t\t<\/a>\n\t\t\t\t\t\t\t\n\t\t\t\t<a href=\"#\" data-mfp-src=\"https:\/\/ef.bardziejkreatywnie.pl\/wp-content\/uploads\/2026\/01\/Comb-blacha-Zdzary-07-2025-5-768x432.jpg\" class=\"ha-image-grid__item ha-js-lightbox __fltr-1\">\n\t\t\t\t\t<img loading=\"lazy\" decoding=\"async\" width=\"1600\" height=\"900\" src=\"https:\/\/ef.bardziejkreatywnie.pl\/wp-content\/uploads\/2026\/01\/Comb-blacha-Zdzary-07-2025-5.jpg\" class=\"elementor-animation-grow\" alt=\"\" srcset=\"https:\/\/ef.bardziejkreatywnie.pl\/wp-content\/uploads\/2026\/01\/Comb-blacha-Zdzary-07-2025-5.jpg 1600w, https:\/\/ef.bardziejkreatywnie.pl\/wp-content\/uploads\/2026\/01\/Comb-blacha-Zdzary-07-2025-5-300x169.jpg 300w, https:\/\/ef.bardziejkreatywnie.pl\/wp-content\/uploads\/2026\/01\/Comb-blacha-Zdzary-07-2025-5-1024x576.jpg 1024w, https:\/\/ef.bardziejkreatywnie.pl\/wp-content\/uploads\/2026\/01\/Comb-blacha-Zdzary-07-2025-5-768x432.jpg 768w, https:\/\/ef.bardziejkreatywnie.pl\/wp-content\/uploads\/2026\/01\/Comb-blacha-Zdzary-07-2025-5-1536x864.jpg 1536w\" sizes=\"(max-width: 1600px) 100vw, 1600px\" \/>\t\t\t\t<\/a>\n\t\t\t\t\t\t\t\n\t\t\t\t<a href=\"#\" data-mfp-src=\"https:\/\/ef.bardziejkreatywnie.pl\/wp-content\/uploads\/2026\/01\/Comb-Olkusz-08-2025-11-768x432.jpg\" class=\"ha-image-grid__item ha-js-lightbox __fltr-1\">\n\t\t\t\t\t<img loading=\"lazy\" decoding=\"async\" width=\"2048\" height=\"1152\" src=\"https:\/\/ef.bardziejkreatywnie.pl\/wp-content\/uploads\/2026\/01\/Comb-Olkusz-08-2025-11.jpg\" class=\"elementor-animation-grow\" alt=\"\" srcset=\"https:\/\/ef.bardziejkreatywnie.pl\/wp-content\/uploads\/2026\/01\/Comb-Olkusz-08-2025-11.jpg 2048w, https:\/\/ef.bardziejkreatywnie.pl\/wp-content\/uploads\/2026\/01\/Comb-Olkusz-08-2025-11-300x169.jpg 300w, https:\/\/ef.bardziejkreatywnie.pl\/wp-content\/uploads\/2026\/01\/Comb-Olkusz-08-2025-11-1024x576.jpg 1024w, https:\/\/ef.bardziejkreatywnie.pl\/wp-content\/uploads\/2026\/01\/Comb-Olkusz-08-2025-11-768x432.jpg 768w, https:\/\/ef.bardziejkreatywnie.pl\/wp-content\/uploads\/2026\/01\/Comb-Olkusz-08-2025-11-1536x864.jpg 1536w\" sizes=\"(max-width: 2048px) 100vw, 2048px\" \/>\t\t\t\t<\/a>\n\t\t\t\t\t\t\t\n\t\t\t\t<a href=\"#\" data-mfp-src=\"https:\/\/ef.bardziejkreatywnie.pl\/wp-content\/uploads\/2026\/01\/zabudowa-1-768x1024.jpeg\" class=\"ha-image-grid__item ha-js-lightbox __fltr-1\">\n\t\t\t\t\t<img loading=\"lazy\" decoding=\"async\" width=\"1200\" height=\"1600\" src=\"https:\/\/ef.bardziejkreatywnie.pl\/wp-content\/uploads\/2026\/01\/zabudowa-1.jpeg\" class=\"elementor-animation-grow\" alt=\"\" srcset=\"https:\/\/ef.bardziejkreatywnie.pl\/wp-content\/uploads\/2026\/01\/zabudowa-1.jpeg 1200w, https:\/\/ef.bardziejkreatywnie.pl\/wp-content\/uploads\/2026\/01\/zabudowa-1-225x300.jpeg 225w, https:\/\/ef.bardziejkreatywnie.pl\/wp-content\/uploads\/2026\/01\/zabudowa-1-768x1024.jpeg 768w, https:\/\/ef.bardziejkreatywnie.pl\/wp-content\/uploads\/2026\/01\/zabudowa-1-1152x1536.jpeg 1152w\" sizes=\"(max-width: 1200px) 100vw, 1200px\" \/>\t\t\t\t<\/a>\n\t\t\t\t\t\t\t\n\t\t\t\t<a href=\"#\" data-mfp-src=\"https:\/\/ef.bardziejkreatywnie.pl\/wp-content\/uploads\/2026\/01\/zabudowa-skrzynki-gaz-prad-768x1365.jpg\" class=\"ha-image-grid__item ha-js-lightbox __fltr-1\">\n\t\t\t\t\t<img loading=\"lazy\" decoding=\"async\" width=\"900\" height=\"1600\" src=\"https:\/\/ef.bardziejkreatywnie.pl\/wp-content\/uploads\/2026\/01\/zabudowa-skrzynki-gaz-prad.jpg\" class=\"elementor-animation-grow\" alt=\"\" srcset=\"https:\/\/ef.bardziejkreatywnie.pl\/wp-content\/uploads\/2026\/01\/zabudowa-skrzynki-gaz-prad.jpg 900w, https:\/\/ef.bardziejkreatywnie.pl\/wp-content\/uploads\/2026\/01\/zabudowa-skrzynki-gaz-prad-169x300.jpg 169w, https:\/\/ef.bardziejkreatywnie.pl\/wp-content\/uploads\/2026\/01\/zabudowa-skrzynki-gaz-prad-576x1024.jpg 576w, https:\/\/ef.bardziejkreatywnie.pl\/wp-content\/uploads\/2026\/01\/zabudowa-skrzynki-gaz-prad-768x1365.jpg 768w, https:\/\/ef.bardziejkreatywnie.pl\/wp-content\/uploads\/2026\/01\/zabudowa-skrzynki-gaz-prad-864x1536.jpg 864w\" sizes=\"(max-width: 900px) 100vw, 900px\" \/>\t\t\t\t<\/a>\n\t\t\t\t\t<\/div>\n\n\t\t\t\t\t\t<\/div>\n\t\t\t\t\t<\/div>\n\t\t\t\t<\/div>\n\t\t\t\t<\/div>\n\t\t","protected":false},"excerpt":{"rendered":"<p>ZAS\u0141ONY NA SKRZYNKI GAZ\/PR\u0104D Aluminiowe skrzynki rewizyjne to niezb\u0119dny element w instalacjach gazowych i elektrycznych. Wykonane z aluminium, s\u0105 lekkie, [&hellip;]<\/p>\n","protected":false},"author":1,"featured_media":0,"parent":0,"menu_order":0,"comment_status":"closed","ping_status":"closed","template":"","meta":{"site-sidebar-layout":"no-sidebar","site-content-layout":"","ast-site-content-layout":"full-width-container","site-content-style":"default","site-sidebar-style":"default","ast-global-header-display":"","ast-banner-title-visibility":"","ast-main-header-display":"","ast-hfb-above-header-display":"","ast-hfb-below-header-display":"","ast-hfb-mobile-header-display":"","site-post-title":"disabled","ast-breadcrumbs-content":"","ast-featured-img":"disabled","footer-sml-layout":"","ast-disable-related-posts":"","theme-transparent-header-meta":"","adv-header-id-meta":"","stick-header-meta":"","header-above-stick-meta":"","header-main-stick-meta":"","header-below-stick-meta":"","astra-migrate-meta-layouts":"default","ast-page-background-enabled":"default","ast-page-background-meta":{"desktop":{"background-color":"var(--ast-global-color-5)","background-image":"","background-repeat":"repeat","background-position":"center center","background-size":"auto","background-attachment":"scroll","background-type":"","background-media":"","overlay-type":"","overlay-color":"","overlay-opacity":"","overlay-gradient":""},"tablet":{"background-color":"","background-image":"","background-repeat":"repeat","background-position":"center center","background-size":"auto","background-attachment":"scroll","background-type":"","background-media":"","overlay-type":"","overlay-color":"","overlay-opacity":"","overlay-gradient":""},"mobile":{"background-color":"","background-image":"","background-repeat":"repeat","background-position":"center center","background-size":"auto","background-attachment":"scroll","background-type":"","background-media":"","overlay-type":"","overlay-color":"","overlay-opacity":"","overlay-gradient":""}},"ast-content-background-meta":{"desktop":{"background-color":"var(--ast-global-color-4)","background-image":"","background-repeat":"repeat","background-position":"center center","background-size":"auto","background-attachment":"scroll","background-type":"","background-media":"","overlay-type":"","overlay-color":"","overlay-opacity":"","overlay-gradient":""},"tablet":{"background-color":"var(--ast-global-color-4)","background-image":"","background-repeat":"repeat","background-position":"center center","background-size":"auto","background-attachment":"scroll","background-type":"","background-media":"","overlay-type":"","overlay-color":"","overlay-opacity":"","overlay-gradient":""},"mobile":{"background-color":"var(--ast-global-color-4)","background-image":"","background-repeat":"repeat","background-position":"center center","background-size":"auto","background-attachment":"scroll","background-type":"","background-media":"","overlay-type":"","overlay-color":"","overlay-opacity":"","overlay-gradient":""}},"footnotes":""},"class_list":["post-47","page","type-page","status-publish","hentry"],"_links":{"self":[{"href":"https:\/\/ef.bardziejkreatywnie.pl\/index.php\/wp-json\/wp\/v2\/pages\/47","targetHints":{"allow":["GET"]}}],"collection":[{"href":"https:\/\/ef.bardziejkreatywnie.pl\/index.php\/wp-json\/wp\/v2\/pages"}],"about":[{"href":"https:\/\/ef.bardziejkreatywnie.pl\/index.php\/wp-json\/wp\/v2\/types\/page"}],"author":[{"embeddable":true,"href":"https:\/\/ef.bardziejkreatywnie.pl\/index.php\/wp-json\/wp\/v2\/users\/1"}],"replies":[{"embeddable":true,"href":"https:\/\/ef.bardziejkreatywnie.pl\/index.php\/wp-json\/wp\/v2\/comments?post=47"}],"version-history":[{"count":10,"href":"https:\/\/ef.bardziejkreatywnie.pl\/index.php\/wp-json\/wp\/v2\/pages\/47\/revisions"}],"predecessor-version":[{"id":1144,"href":"https:\/\/ef.bardziejkreatywnie.pl\/index.php\/wp-json\/wp\/v2\/pages\/47\/revisions\/1144"}],"wp:attachment":[{"href":"https:\/\/ef.bardziejkreatywnie.pl\/index.php\/wp-json\/wp\/v2\/media?parent=47"}],"curies":[{"name":"wp","href":"https:\/\/api.w.org\/{rel}","templated":true}]}}