{"id":445,"date":"2025-12-23T12:13:26","date_gmt":"2025-12-23T12:13:26","guid":{"rendered":"https:\/\/ef.bardziejkreatywnie.pl\/?page_id=445"},"modified":"2026-01-14T10:45:47","modified_gmt":"2026-01-14T10:45:47","slug":"modern","status":"publish","type":"page","link":"https:\/\/ef.bardziejkreatywnie.pl\/index.php\/modern\/","title":{"rendered":"Modern"},"content":{"rendered":"\t\t<div data-elementor-type=\"wp-page\" data-elementor-id=\"445\" class=\"elementor elementor-445\" data-elementor-settings=\"{&quot;ha_cmc_init_switcher&quot;:&quot;no&quot;}\">\n\t\t\t\t<div class=\"elementor-element elementor-element-50c822a e-flex e-con-boxed e-con e-parent\" data-id=\"50c822a\" data-element_type=\"container\" data-e-type=\"container\" data-settings=\"{&quot;background_background&quot;:&quot;classic&quot;,&quot;_ha_eqh_enable&quot;:false}\">\n\t\t\t\t\t<div class=\"e-con-inner\">\n\t\t<div class=\"elementor-element elementor-element-219e230 e-con-full e-flex e-con e-child\" data-id=\"219e230\" data-element_type=\"container\" data-e-type=\"container\" data-settings=\"{&quot;_ha_eqh_enable&quot;:false}\">\n\t\t\t\t<div class=\"elementor-element elementor-element-3964506 elementor-widget elementor-widget-heading\" data-id=\"3964506\" data-element_type=\"widget\" data-e-type=\"widget\" data-widget_type=\"heading.default\">\n\t\t\t\t\t<h2 class=\"elementor-heading-title elementor-size-default\">Model MODERN<\/h2>\t\t\t\t<\/div>\n\t\t\t\t<\/div>\n\t\t\t\t\t<\/div>\n\t\t\t\t<\/div>\n\t\t<div class=\"elementor-element elementor-element-92dae52 e-flex e-con-boxed e-con e-parent\" data-id=\"92dae52\" data-element_type=\"container\" data-e-type=\"container\" data-settings=\"{&quot;_ha_eqh_enable&quot;:false}\">\n\t\t\t\t\t<div class=\"e-con-inner\">\n\t\t<div class=\"elementor-element elementor-element-6f42587 e-con-full e-flex e-con e-child\" data-id=\"6f42587\" data-element_type=\"container\" data-e-type=\"container\" data-settings=\"{&quot;_ha_eqh_enable&quot;:false}\">\n\t\t\t\t<div class=\"elementor-element elementor-element-24737f3 elementor-widget elementor-widget-image\" data-id=\"24737f3\" data-element_type=\"widget\" data-e-type=\"widget\" data-widget_type=\"image.default\">\n\t\t\t\t\t\t\t\t\t\t\t\t\t\t\t<img fetchpriority=\"high\" decoding=\"async\" width=\"1024\" height=\"684\" src=\"https:\/\/ef.bardziejkreatywnie.pl\/wp-content\/uploads\/2025\/12\/DSC_9867-1024x684.webp\" class=\"attachment-large size-large wp-image-450\" alt=\"\" srcset=\"https:\/\/ef.bardziejkreatywnie.pl\/wp-content\/uploads\/2025\/12\/DSC_9867-1024x684.webp 1024w, https:\/\/ef.bardziejkreatywnie.pl\/wp-content\/uploads\/2025\/12\/DSC_9867-300x200.webp 300w, https:\/\/ef.bardziejkreatywnie.pl\/wp-content\/uploads\/2025\/12\/DSC_9867-768x513.webp 768w, https:\/\/ef.bardziejkreatywnie.pl\/wp-content\/uploads\/2025\/12\/DSC_9867.webp 1316w\" sizes=\"(max-width: 1024px) 100vw, 1024px\" \/>\t\t\t\t\t\t\t\t\t\t\t\t\t\t\t<\/div>\n\t\t\t\t<\/div>\n\t\t<div class=\"elementor-element elementor-element-6639a07 e-con-full e-flex e-con e-child\" data-id=\"6639a07\" data-element_type=\"container\" data-e-type=\"container\" data-settings=\"{&quot;_ha_eqh_enable&quot;:false}\">\n\t\t\t\t<div class=\"elementor-element elementor-element-642d8fd elementor-widget elementor-widget-text-editor\" data-id=\"642d8fd\" data-element_type=\"widget\" data-e-type=\"widget\" data-widget_type=\"text-editor.default\">\n\t\t\t\t\t\t\t\t\t<p>Model Modern to nowoczesne ogrodzenie aluminiowe w uk\u0142adzie poziomym pe\u0142nym, zapewniaj\u0105cym dyskrecj\u0119, prywatno\u015b\u0107 i komfort.<\/p><p>Ogrodzenia aluminiowe Modern mog\u0105 by\u0107 wykonane przy u\u017cyciu dw\u00f3ch wariant\u00f3w profili 150 x 19 mm lub 200 x 19 mm, malowanych proszkowo w dowolnych kolorach palety RAL<\/p>\t\t\t\t\t\t\t\t<\/div>\n\t\t\t\t<\/div>\n\t\t\t\t\t<\/div>\n\t\t\t\t<\/div>\n\t\t<div class=\"elementor-element elementor-element-eb2df7a e-flex e-con-boxed e-con e-parent\" data-id=\"eb2df7a\" data-element_type=\"container\" data-e-type=\"container\" data-settings=\"{&quot;_ha_eqh_enable&quot;:false}\">\n\t\t\t\t\t<div class=\"e-con-inner\">\n\t\t\t\t<div class=\"elementor-element elementor-element-87b5f3c ha-image-grid--masonry elementor-widget elementor-widget-ha-image-grid happy-addon ha-image-grid\" data-id=\"87b5f3c\" data-element_type=\"widget\" data-e-type=\"widget\" data-settings=\"{&quot;disable_lightbox_on_tablet&quot;:&quot;yes&quot;,&quot;disable_lightbox_on_mobile&quot;:&quot;yes&quot;,&quot;layout&quot;:&quot;masonry&quot;,&quot;enable_popup&quot;:&quot;yes&quot;}\" data-widget_type=\"ha-image-grid.default\">\n\t\t\t\t\t\n\t\t<div class=\"ha-image-grid__wrap hajs-isotope ha-lightbox--has\">\n\t\t\t\t\t\t\t\n\t\t\t\t<a href=\"#\" data-mfp-src=\"https:\/\/ef.bardziejkreatywnie.pl\/wp-content\/uploads\/2025\/12\/brama-aluminiowa-modern-euro-fences-ogrodzenia-mielec-768x353.webp\" class=\"ha-image-grid__item ha-js-lightbox __fltr-1\">\n\t\t\t\t\t<img decoding=\"async\" width=\"1600\" height=\"736\" src=\"https:\/\/ef.bardziejkreatywnie.pl\/wp-content\/uploads\/2025\/12\/brama-aluminiowa-modern-euro-fences-ogrodzenia-mielec.webp\" class=\"elementor-animation-grow\" alt=\"\" srcset=\"https:\/\/ef.bardziejkreatywnie.pl\/wp-content\/uploads\/2025\/12\/brama-aluminiowa-modern-euro-fences-ogrodzenia-mielec.webp 1600w, https:\/\/ef.bardziejkreatywnie.pl\/wp-content\/uploads\/2025\/12\/brama-aluminiowa-modern-euro-fences-ogrodzenia-mielec-300x138.webp 300w, https:\/\/ef.bardziejkreatywnie.pl\/wp-content\/uploads\/2025\/12\/brama-aluminiowa-modern-euro-fences-ogrodzenia-mielec-1024x471.webp 1024w, https:\/\/ef.bardziejkreatywnie.pl\/wp-content\/uploads\/2025\/12\/brama-aluminiowa-modern-euro-fences-ogrodzenia-mielec-768x353.webp 768w, https:\/\/ef.bardziejkreatywnie.pl\/wp-content\/uploads\/2025\/12\/brama-aluminiowa-modern-euro-fences-ogrodzenia-mielec-1536x707.webp 1536w\" sizes=\"(max-width: 1600px) 100vw, 1600px\" \/>\t\t\t\t<\/a>\n\t\t\t\t\t\t\t\n\t\t\t\t<a href=\"#\" data-mfp-src=\"https:\/\/ef.bardziejkreatywnie.pl\/wp-content\/uploads\/2025\/12\/brama-aluminiowa-modern-euro-fences-ogrodzenia-mielec-1024x471-1-768x353.webp\" class=\"ha-image-grid__item ha-js-lightbox __fltr-1\">\n\t\t\t\t\t<img decoding=\"async\" width=\"1024\" height=\"471\" src=\"https:\/\/ef.bardziejkreatywnie.pl\/wp-content\/uploads\/2025\/12\/brama-aluminiowa-modern-euro-fences-ogrodzenia-mielec-1024x471-1.webp\" class=\"elementor-animation-grow\" alt=\"\" srcset=\"https:\/\/ef.bardziejkreatywnie.pl\/wp-content\/uploads\/2025\/12\/brama-aluminiowa-modern-euro-fences-ogrodzenia-mielec-1024x471-1.webp 1024w, https:\/\/ef.bardziejkreatywnie.pl\/wp-content\/uploads\/2025\/12\/brama-aluminiowa-modern-euro-fences-ogrodzenia-mielec-1024x471-1-300x138.webp 300w, https:\/\/ef.bardziejkreatywnie.pl\/wp-content\/uploads\/2025\/12\/brama-aluminiowa-modern-euro-fences-ogrodzenia-mielec-1024x471-1-768x353.webp 768w\" sizes=\"(max-width: 1024px) 100vw, 1024px\" \/>\t\t\t\t<\/a>\n\t\t\t\t\t\t\t\n\t\t\t\t<a href=\"#\" data-mfp-src=\"https:\/\/ef.bardziejkreatywnie.pl\/wp-content\/uploads\/2025\/12\/DSC_9826-768x1151.webp\" class=\"ha-image-grid__item ha-js-lightbox __fltr-1\">\n\t\t\t\t\t<img loading=\"lazy\" decoding=\"async\" width=\"1616\" height=\"2421\" src=\"https:\/\/ef.bardziejkreatywnie.pl\/wp-content\/uploads\/2025\/12\/DSC_9826.webp\" class=\"elementor-animation-grow\" alt=\"\" srcset=\"https:\/\/ef.bardziejkreatywnie.pl\/wp-content\/uploads\/2025\/12\/DSC_9826.webp 1616w, https:\/\/ef.bardziejkreatywnie.pl\/wp-content\/uploads\/2025\/12\/DSC_9826-200x300.webp 200w, https:\/\/ef.bardziejkreatywnie.pl\/wp-content\/uploads\/2025\/12\/DSC_9826-684x1024.webp 684w, https:\/\/ef.bardziejkreatywnie.pl\/wp-content\/uploads\/2025\/12\/DSC_9826-768x1151.webp 768w, https:\/\/ef.bardziejkreatywnie.pl\/wp-content\/uploads\/2025\/12\/DSC_9826-1025x1536.webp 1025w, https:\/\/ef.bardziejkreatywnie.pl\/wp-content\/uploads\/2025\/12\/DSC_9826-1367x2048.webp 1367w\" sizes=\"(max-width: 1616px) 100vw, 1616px\" \/>\t\t\t\t<\/a>\n\t\t\t\t\t\t\t\n\t\t\t\t<a href=\"#\" data-mfp-src=\"https:\/\/ef.bardziejkreatywnie.pl\/wp-content\/uploads\/2025\/12\/DSC_9827-768x1150.webp\" class=\"ha-image-grid__item ha-js-lightbox __fltr-1\">\n\t\t\t\t\t<img loading=\"lazy\" decoding=\"async\" width=\"1506\" height=\"2256\" src=\"https:\/\/ef.bardziejkreatywnie.pl\/wp-content\/uploads\/2025\/12\/DSC_9827.webp\" class=\"elementor-animation-grow\" alt=\"\" srcset=\"https:\/\/ef.bardziejkreatywnie.pl\/wp-content\/uploads\/2025\/12\/DSC_9827.webp 1506w, https:\/\/ef.bardziejkreatywnie.pl\/wp-content\/uploads\/2025\/12\/DSC_9827-200x300.webp 200w, https:\/\/ef.bardziejkreatywnie.pl\/wp-content\/uploads\/2025\/12\/DSC_9827-684x1024.webp 684w, https:\/\/ef.bardziejkreatywnie.pl\/wp-content\/uploads\/2025\/12\/DSC_9827-768x1150.webp 768w, https:\/\/ef.bardziejkreatywnie.pl\/wp-content\/uploads\/2025\/12\/DSC_9827-1025x1536.webp 1025w, https:\/\/ef.bardziejkreatywnie.pl\/wp-content\/uploads\/2025\/12\/DSC_9827-1367x2048.webp 1367w\" sizes=\"(max-width: 1506px) 100vw, 1506px\" \/>\t\t\t\t<\/a>\n\t\t\t\t\t\t\t\n\t\t\t\t<a href=\"#\" data-mfp-src=\"https:\/\/ef.bardziejkreatywnie.pl\/wp-content\/uploads\/2025\/12\/DSC_9860-768x513.webp\" class=\"ha-image-grid__item ha-js-lightbox __fltr-1\">\n\t\t\t\t\t<img loading=\"lazy\" decoding=\"async\" width=\"1516\" height=\"1012\" src=\"https:\/\/ef.bardziejkreatywnie.pl\/wp-content\/uploads\/2025\/12\/DSC_9860.webp\" class=\"elementor-animation-grow\" alt=\"\" srcset=\"https:\/\/ef.bardziejkreatywnie.pl\/wp-content\/uploads\/2025\/12\/DSC_9860.webp 1516w, https:\/\/ef.bardziejkreatywnie.pl\/wp-content\/uploads\/2025\/12\/DSC_9860-300x200.webp 300w, https:\/\/ef.bardziejkreatywnie.pl\/wp-content\/uploads\/2025\/12\/DSC_9860-1024x684.webp 1024w, https:\/\/ef.bardziejkreatywnie.pl\/wp-content\/uploads\/2025\/12\/DSC_9860-768x513.webp 768w\" sizes=\"(max-width: 1516px) 100vw, 1516px\" \/>\t\t\t\t<\/a>\n\t\t\t\t\t\t\t\n\t\t\t\t<a href=\"#\" data-mfp-src=\"https:\/\/ef.bardziejkreatywnie.pl\/wp-content\/uploads\/2025\/12\/DSC_9861-768x1150.webp\" class=\"ha-image-grid__item ha-js-lightbox __fltr-1\">\n\t\t\t\t\t<img loading=\"lazy\" decoding=\"async\" width=\"1316\" height=\"1971\" src=\"https:\/\/ef.bardziejkreatywnie.pl\/wp-content\/uploads\/2025\/12\/DSC_9861.webp\" class=\"elementor-animation-grow\" alt=\"\" srcset=\"https:\/\/ef.bardziejkreatywnie.pl\/wp-content\/uploads\/2025\/12\/DSC_9861.webp 1316w, https:\/\/ef.bardziejkreatywnie.pl\/wp-content\/uploads\/2025\/12\/DSC_9861-200x300.webp 200w, https:\/\/ef.bardziejkreatywnie.pl\/wp-content\/uploads\/2025\/12\/DSC_9861-684x1024.webp 684w, https:\/\/ef.bardziejkreatywnie.pl\/wp-content\/uploads\/2025\/12\/DSC_9861-768x1150.webp 768w, https:\/\/ef.bardziejkreatywnie.pl\/wp-content\/uploads\/2025\/12\/DSC_9861-1026x1536.webp 1026w\" sizes=\"(max-width: 1316px) 100vw, 1316px\" \/>\t\t\t\t<\/a>\n\t\t\t\t\t\t\t\n\t\t\t\t<a href=\"#\" data-mfp-src=\"https:\/\/ef.bardziejkreatywnie.pl\/wp-content\/uploads\/2025\/12\/DSC_9867-1-768x513.webp\" class=\"ha-image-grid__item ha-js-lightbox __fltr-1\">\n\t\t\t\t\t<img loading=\"lazy\" decoding=\"async\" width=\"1316\" height=\"879\" src=\"https:\/\/ef.bardziejkreatywnie.pl\/wp-content\/uploads\/2025\/12\/DSC_9867-1.webp\" class=\"elementor-animation-grow\" alt=\"\" srcset=\"https:\/\/ef.bardziejkreatywnie.pl\/wp-content\/uploads\/2025\/12\/DSC_9867-1.webp 1316w, https:\/\/ef.bardziejkreatywnie.pl\/wp-content\/uploads\/2025\/12\/DSC_9867-1-300x200.webp 300w, https:\/\/ef.bardziejkreatywnie.pl\/wp-content\/uploads\/2025\/12\/DSC_9867-1-1024x684.webp 1024w, https:\/\/ef.bardziejkreatywnie.pl\/wp-content\/uploads\/2025\/12\/DSC_9867-1-768x513.webp 768w\" sizes=\"(max-width: 1316px) 100vw, 1316px\" \/>\t\t\t\t<\/a>\n\t\t\t\t\t\t\t\n\t\t\t\t<a href=\"#\" data-mfp-src=\"https:\/\/ef.bardziejkreatywnie.pl\/wp-content\/uploads\/2025\/12\/DSC_9869-768x1150.webp\" class=\"ha-image-grid__item ha-js-lightbox __fltr-1\">\n\t\t\t\t\t<img loading=\"lazy\" decoding=\"async\" width=\"1376\" height=\"2061\" src=\"https:\/\/ef.bardziejkreatywnie.pl\/wp-content\/uploads\/2025\/12\/DSC_9869.webp\" class=\"elementor-animation-grow\" alt=\"\" srcset=\"https:\/\/ef.bardziejkreatywnie.pl\/wp-content\/uploads\/2025\/12\/DSC_9869.webp 1376w, https:\/\/ef.bardziejkreatywnie.pl\/wp-content\/uploads\/2025\/12\/DSC_9869-200x300.webp 200w, https:\/\/ef.bardziejkreatywnie.pl\/wp-content\/uploads\/2025\/12\/DSC_9869-684x1024.webp 684w, https:\/\/ef.bardziejkreatywnie.pl\/wp-content\/uploads\/2025\/12\/DSC_9869-768x1150.webp 768w, https:\/\/ef.bardziejkreatywnie.pl\/wp-content\/uploads\/2025\/12\/DSC_9869-1025x1536.webp 1025w, https:\/\/ef.bardziejkreatywnie.pl\/wp-content\/uploads\/2025\/12\/DSC_9869-1367x2048.webp 1367w\" sizes=\"(max-width: 1376px) 100vw, 1376px\" \/>\t\t\t\t<\/a>\n\t\t\t\t\t\t\t\n\t\t\t\t<a href=\"#\" data-mfp-src=\"https:\/\/ef.bardziejkreatywnie.pl\/wp-content\/uploads\/2025\/12\/DSC_9871-768x1150.webp\" class=\"ha-image-grid__item ha-js-lightbox __fltr-1\">\n\t\t\t\t\t<img loading=\"lazy\" decoding=\"async\" width=\"1416\" height=\"2121\" src=\"https:\/\/ef.bardziejkreatywnie.pl\/wp-content\/uploads\/2025\/12\/DSC_9871.webp\" class=\"elementor-animation-grow\" alt=\"\" srcset=\"https:\/\/ef.bardziejkreatywnie.pl\/wp-content\/uploads\/2025\/12\/DSC_9871.webp 1416w, https:\/\/ef.bardziejkreatywnie.pl\/wp-content\/uploads\/2025\/12\/DSC_9871-200x300.webp 200w, https:\/\/ef.bardziejkreatywnie.pl\/wp-content\/uploads\/2025\/12\/DSC_9871-684x1024.webp 684w, https:\/\/ef.bardziejkreatywnie.pl\/wp-content\/uploads\/2025\/12\/DSC_9871-768x1150.webp 768w, https:\/\/ef.bardziejkreatywnie.pl\/wp-content\/uploads\/2025\/12\/DSC_9871-1025x1536.webp 1025w, https:\/\/ef.bardziejkreatywnie.pl\/wp-content\/uploads\/2025\/12\/DSC_9871-1367x2048.webp 1367w\" sizes=\"(max-width: 1416px) 100vw, 1416px\" \/>\t\t\t\t<\/a>\n\t\t\t\t\t\t\t\n\t\t\t\t<a href=\"#\" data-mfp-src=\"https:\/\/ef.bardziejkreatywnie.pl\/wp-content\/uploads\/2025\/12\/furtka-aluminiowa-modern-euro-fences-ogrodzenia-768x576.webp\" class=\"ha-image-grid__item ha-js-lightbox __fltr-1\">\n\t\t\t\t\t<img loading=\"lazy\" decoding=\"async\" width=\"2048\" height=\"1536\" src=\"https:\/\/ef.bardziejkreatywnie.pl\/wp-content\/uploads\/2025\/12\/furtka-aluminiowa-modern-euro-fences-ogrodzenia.webp\" class=\"elementor-animation-grow\" alt=\"\" srcset=\"https:\/\/ef.bardziejkreatywnie.pl\/wp-content\/uploads\/2025\/12\/furtka-aluminiowa-modern-euro-fences-ogrodzenia.webp 2048w, https:\/\/ef.bardziejkreatywnie.pl\/wp-content\/uploads\/2025\/12\/furtka-aluminiowa-modern-euro-fences-ogrodzenia-300x225.webp 300w, https:\/\/ef.bardziejkreatywnie.pl\/wp-content\/uploads\/2025\/12\/furtka-aluminiowa-modern-euro-fences-ogrodzenia-1024x768.webp 1024w, https:\/\/ef.bardziejkreatywnie.pl\/wp-content\/uploads\/2025\/12\/furtka-aluminiowa-modern-euro-fences-ogrodzenia-768x576.webp 768w, https:\/\/ef.bardziejkreatywnie.pl\/wp-content\/uploads\/2025\/12\/furtka-aluminiowa-modern-euro-fences-ogrodzenia-1536x1152.webp 1536w\" sizes=\"(max-width: 2048px) 100vw, 2048px\" \/>\t\t\t\t<\/a>\n\t\t\t\t\t\t\t\n\t\t\t\t<a href=\"#\" data-mfp-src=\"https:\/\/ef.bardziejkreatywnie.pl\/wp-content\/uploads\/2025\/12\/furtka-aluminiowa-modern-euro-fences-ogrodzenia-mielec.webp\" class=\"ha-image-grid__item ha-js-lightbox __fltr-1\">\n\t\t\t\t\t<img loading=\"lazy\" decoding=\"async\" width=\"736\" height=\"1600\" src=\"https:\/\/ef.bardziejkreatywnie.pl\/wp-content\/uploads\/2025\/12\/furtka-aluminiowa-modern-euro-fences-ogrodzenia-mielec.webp\" class=\"elementor-animation-grow\" alt=\"\" srcset=\"https:\/\/ef.bardziejkreatywnie.pl\/wp-content\/uploads\/2025\/12\/furtka-aluminiowa-modern-euro-fences-ogrodzenia-mielec.webp 736w, https:\/\/ef.bardziejkreatywnie.pl\/wp-content\/uploads\/2025\/12\/furtka-aluminiowa-modern-euro-fences-ogrodzenia-mielec-138x300.webp 138w, https:\/\/ef.bardziejkreatywnie.pl\/wp-content\/uploads\/2025\/12\/furtka-aluminiowa-modern-euro-fences-ogrodzenia-mielec-471x1024.webp 471w, https:\/\/ef.bardziejkreatywnie.pl\/wp-content\/uploads\/2025\/12\/furtka-aluminiowa-modern-euro-fences-ogrodzenia-mielec-707x1536.webp 707w\" sizes=\"(max-width: 736px) 100vw, 736px\" \/>\t\t\t\t<\/a>\n\t\t\t\t\t\t\t\n\t\t\t\t<a href=\"#\" data-mfp-src=\"https:\/\/ef.bardziejkreatywnie.pl\/wp-content\/uploads\/2025\/12\/modern-brama-aluminiowa-euro-fences-ogrodzenia-768x576.webp\" class=\"ha-image-grid__item ha-js-lightbox __fltr-1\">\n\t\t\t\t\t<img loading=\"lazy\" decoding=\"async\" width=\"2048\" height=\"1536\" src=\"https:\/\/ef.bardziejkreatywnie.pl\/wp-content\/uploads\/2025\/12\/modern-brama-aluminiowa-euro-fences-ogrodzenia.webp\" class=\"elementor-animation-grow\" alt=\"\" srcset=\"https:\/\/ef.bardziejkreatywnie.pl\/wp-content\/uploads\/2025\/12\/modern-brama-aluminiowa-euro-fences-ogrodzenia.webp 2048w, https:\/\/ef.bardziejkreatywnie.pl\/wp-content\/uploads\/2025\/12\/modern-brama-aluminiowa-euro-fences-ogrodzenia-300x225.webp 300w, https:\/\/ef.bardziejkreatywnie.pl\/wp-content\/uploads\/2025\/12\/modern-brama-aluminiowa-euro-fences-ogrodzenia-1024x768.webp 1024w, https:\/\/ef.bardziejkreatywnie.pl\/wp-content\/uploads\/2025\/12\/modern-brama-aluminiowa-euro-fences-ogrodzenia-768x576.webp 768w, https:\/\/ef.bardziejkreatywnie.pl\/wp-content\/uploads\/2025\/12\/modern-brama-aluminiowa-euro-fences-ogrodzenia-1536x1152.webp 1536w\" sizes=\"(max-width: 2048px) 100vw, 2048px\" \/>\t\t\t\t<\/a>\n\t\t\t\t\t<\/div>\n\n\t\t\t\t\t\t<\/div>\n\t\t\t\t\t<\/div>\n\t\t\t\t<\/div>\n\t\t\t\t<\/div>\n\t\t","protected":false},"excerpt":{"rendered":"<p>Model MODERN Model Modern to nowoczesne ogrodzenie aluminiowe w uk\u0142adzie poziomym pe\u0142nym, zapewniaj\u0105cym dyskrecj\u0119, prywatno\u015b\u0107 i komfort. Ogrodzenia aluminiowe Modern [&hellip;]<\/p>\n","protected":false},"author":1,"featured_media":0,"parent":0,"menu_order":0,"comment_status":"closed","ping_status":"closed","template":"","meta":{"site-sidebar-layout":"no-sidebar","site-content-layout":"","ast-site-content-layout":"full-width-container","site-content-style":"default","site-sidebar-style":"default","ast-global-header-display":"","ast-banner-title-visibility":"","ast-main-header-display":"","ast-hfb-above-header-display":"","ast-hfb-below-header-display":"","ast-hfb-mobile-header-display":"","site-post-title":"disabled","ast-breadcrumbs-content":"","ast-featured-img":"disabled","footer-sml-layout":"","ast-disable-related-posts":"","theme-transparent-header-meta":"","adv-header-id-meta":"","stick-header-meta":"","header-above-stick-meta":"","header-main-stick-meta":"","header-below-stick-meta":"","astra-migrate-meta-layouts":"default","ast-page-background-enabled":"default","ast-page-background-meta":{"desktop":{"background-color":"var(--ast-global-color-5)","background-image":"","background-repeat":"repeat","background-position":"center center","background-size":"auto","background-attachment":"scroll","background-type":"","background-media":"","overlay-type":"","overlay-color":"","overlay-opacity":"","overlay-gradient":""},"tablet":{"background-color":"","background-image":"","background-repeat":"repeat","background-position":"center center","background-size":"auto","background-attachment":"scroll","background-type":"","background-media":"","overlay-type":"","overlay-color":"","overlay-opacity":"","overlay-gradient":""},"mobile":{"background-color":"","background-image":"","background-repeat":"repeat","background-position":"center center","background-size":"auto","background-attachment":"scroll","background-type":"","background-media":"","overlay-type":"","overlay-color":"","overlay-opacity":"","overlay-gradient":""}},"ast-content-background-meta":{"desktop":{"background-color":"var(--ast-global-color-4)","background-image":"","background-repeat":"repeat","background-position":"center center","background-size":"auto","background-attachment":"scroll","background-type":"","background-media":"","overlay-type":"","overlay-color":"","overlay-opacity":"","overlay-gradient":""},"tablet":{"background-color":"var(--ast-global-color-4)","background-image":"","background-repeat":"repeat","background-position":"center center","background-size":"auto","background-attachment":"scroll","background-type":"","background-media":"","overlay-type":"","overlay-color":"","overlay-opacity":"","overlay-gradient":""},"mobile":{"background-color":"var(--ast-global-color-4)","background-image":"","background-repeat":"repeat","background-position":"center center","background-size":"auto","background-attachment":"scroll","background-type":"","background-media":"","overlay-type":"","overlay-color":"","overlay-opacity":"","overlay-gradient":""}},"footnotes":""},"class_list":["post-445","page","type-page","status-publish","hentry"],"_links":{"self":[{"href":"https:\/\/ef.bardziejkreatywnie.pl\/index.php\/wp-json\/wp\/v2\/pages\/445","targetHints":{"allow":["GET"]}}],"collection":[{"href":"https:\/\/ef.bardziejkreatywnie.pl\/index.php\/wp-json\/wp\/v2\/pages"}],"about":[{"href":"https:\/\/ef.bardziejkreatywnie.pl\/index.php\/wp-json\/wp\/v2\/types\/page"}],"author":[{"embeddable":true,"href":"https:\/\/ef.bardziejkreatywnie.pl\/index.php\/wp-json\/wp\/v2\/users\/1"}],"replies":[{"embeddable":true,"href":"https:\/\/ef.bardziejkreatywnie.pl\/index.php\/wp-json\/wp\/v2\/comments?post=445"}],"version-history":[{"count":10,"href":"https:\/\/ef.bardziejkreatywnie.pl\/index.php\/wp-json\/wp\/v2\/pages\/445\/revisions"}],"predecessor-version":[{"id":1271,"href":"https:\/\/ef.bardziejkreatywnie.pl\/index.php\/wp-json\/wp\/v2\/pages\/445\/revisions\/1271"}],"wp:attachment":[{"href":"https:\/\/ef.bardziejkreatywnie.pl\/index.php\/wp-json\/wp\/v2\/media?parent=445"}],"curies":[{"name":"wp","href":"https:\/\/api.w.org\/{rel}","templated":true}]}}