{"id":43,"date":"2025-12-22T09:47:20","date_gmt":"2025-12-22T09:47:20","guid":{"rendered":"https:\/\/ef.bardziejkreatywnie.pl\/?page_id=43"},"modified":"2026-01-14T08:52:34","modified_gmt":"2026-01-14T08:52:34","slug":"paczkoporty","status":"publish","type":"page","link":"https:\/\/ef.bardziejkreatywnie.pl\/index.php\/paczkoporty\/","title":{"rendered":"PACZKOPORTY"},"content":{"rendered":"\t\t<div data-elementor-type=\"wp-page\" data-elementor-id=\"43\" class=\"elementor elementor-43\" data-elementor-settings=\"{&quot;ha_cmc_init_switcher&quot;:&quot;no&quot;}\">\n\t\t\t\t<div class=\"elementor-element elementor-element-c9a3791 e-flex e-con-boxed e-con e-parent\" data-id=\"c9a3791\" data-element_type=\"container\" data-e-type=\"container\" data-settings=\"{&quot;background_background&quot;:&quot;classic&quot;,&quot;_ha_eqh_enable&quot;:false}\">\n\t\t\t\t\t<div class=\"e-con-inner\">\n\t\t<div class=\"elementor-element elementor-element-8ec38ee e-con-full e-flex e-con e-child\" data-id=\"8ec38ee\" data-element_type=\"container\" data-e-type=\"container\" data-settings=\"{&quot;_ha_eqh_enable&quot;:false}\">\n\t\t\t\t<div class=\"elementor-element elementor-element-5b805f7 elementor-widget elementor-widget-heading\" data-id=\"5b805f7\" data-element_type=\"widget\" data-e-type=\"widget\" data-widget_type=\"heading.default\">\n\t\t\t\t\t<h2 class=\"elementor-heading-title elementor-size-default\">PACZKOPORTY <\/h2>\t\t\t\t<\/div>\n\t\t\t\t<\/div>\n\t\t\t\t\t<\/div>\n\t\t\t\t<\/div>\n\t\t<div class=\"elementor-element elementor-element-aea1b47 e-flex e-con-boxed e-con e-parent\" data-id=\"aea1b47\" data-element_type=\"container\" data-e-type=\"container\" data-settings=\"{&quot;_ha_eqh_enable&quot;:false}\">\n\t\t\t\t\t<div class=\"e-con-inner\">\n\t\t<div class=\"elementor-element elementor-element-2fb902a e-con-full e-flex e-con e-child\" data-id=\"2fb902a\" data-element_type=\"container\" data-e-type=\"container\" data-settings=\"{&quot;_ha_eqh_enable&quot;:false}\">\n\t\t\t\t<div class=\"elementor-element elementor-element-c6c1bf7 elementor-widget elementor-widget-image\" data-id=\"c6c1bf7\" data-element_type=\"widget\" data-e-type=\"widget\" data-widget_type=\"image.default\">\n\t\t\t\t\t\t\t\t\t\t\t\t\t\t\t<img fetchpriority=\"high\" decoding=\"async\" width=\"576\" height=\"1024\" src=\"https:\/\/ef.bardziejkreatywnie.pl\/wp-content\/uploads\/2026\/01\/paczkomat-576x1024.jpg\" class=\"attachment-large size-large wp-image-1107\" alt=\"\" srcset=\"https:\/\/ef.bardziejkreatywnie.pl\/wp-content\/uploads\/2026\/01\/paczkomat-576x1024.jpg 576w, https:\/\/ef.bardziejkreatywnie.pl\/wp-content\/uploads\/2026\/01\/paczkomat-169x300.jpg 169w, https:\/\/ef.bardziejkreatywnie.pl\/wp-content\/uploads\/2026\/01\/paczkomat-768x1365.jpg 768w, https:\/\/ef.bardziejkreatywnie.pl\/wp-content\/uploads\/2026\/01\/paczkomat-864x1536.jpg 864w, https:\/\/ef.bardziejkreatywnie.pl\/wp-content\/uploads\/2026\/01\/paczkomat.jpg 1080w\" sizes=\"(max-width: 576px) 100vw, 576px\" \/>\t\t\t\t\t\t\t\t\t\t\t\t\t\t\t<\/div>\n\t\t\t\t<\/div>\n\t\t<div class=\"elementor-element elementor-element-c632162 e-con-full e-flex e-con e-child\" data-id=\"c632162\" data-element_type=\"container\" data-e-type=\"container\" data-settings=\"{&quot;_ha_eqh_enable&quot;:false}\">\n\t\t\t\t<div class=\"elementor-element elementor-element-c009e69 elementor-widget elementor-widget-text-editor\" data-id=\"c009e69\" data-element_type=\"widget\" data-e-type=\"widget\" data-widget_type=\"text-editor.default\">\n\t\t\t\t\t\t\t\t\t<p>Paczkoport w s\u0142upku multimedialnym to nowoczesne i funkcjonalne rozwi\u0105zanie, kt\u00f3re umo\u017cliwia wygodny odbi\u00f3r przesy\u0142ek kurierskich bezpo\u015brednio pod domem lub firm\u0105. Zintegrowana skrytka na paczki zapewnia bezpiecze\u0144stwo przesy\u0142ek, a estetyczna forma s\u0142upka doskonale komponuje si\u0119 z otoczeniem. Rozmiar i konfiguracja paczkomatu mog\u0105 by\u0107 w pe\u0142ni dostosowane do indywidualnych potrzeb klienta, gwarantuj\u0105c maksymaln\u0105 wygod\u0119 u\u017cytkowania.<\/p>\t\t\t\t\t\t\t\t<\/div>\n\t\t\t\t<\/div>\n\t\t\t\t\t<\/div>\n\t\t\t\t<\/div>\n\t\t<div class=\"elementor-element elementor-element-0ea254d e-flex e-con-boxed e-con e-parent\" data-id=\"0ea254d\" data-element_type=\"container\" data-e-type=\"container\" data-settings=\"{&quot;_ha_eqh_enable&quot;:false}\">\n\t\t\t\t\t<div class=\"e-con-inner\">\n\t\t\t\t<div class=\"elementor-element elementor-element-69325fe ha-image-grid--masonry elementor-widget elementor-widget-ha-image-grid happy-addon ha-image-grid\" data-id=\"69325fe\" data-element_type=\"widget\" data-e-type=\"widget\" data-settings=\"{&quot;disable_lightbox_on_tablet&quot;:&quot;yes&quot;,&quot;disable_lightbox_on_mobile&quot;:&quot;yes&quot;,&quot;layout&quot;:&quot;masonry&quot;,&quot;enable_popup&quot;:&quot;yes&quot;}\" data-widget_type=\"ha-image-grid.default\">\n\t\t\t\t\t\n\t\t<div class=\"ha-image-grid__wrap hajs-isotope ha-lightbox--has\">\n\t\t\t\t\t\t\t\n\t\t\t\t<a href=\"#\" data-mfp-src=\"https:\/\/ef.bardziejkreatywnie.pl\/wp-content\/uploads\/2026\/01\/paczkomat-1-768x1365.jpg\" class=\"ha-image-grid__item ha-js-lightbox __fltr-1\">\n\t\t\t\t\t<img decoding=\"async\" width=\"1080\" height=\"1920\" src=\"https:\/\/ef.bardziejkreatywnie.pl\/wp-content\/uploads\/2026\/01\/paczkomat-1.jpg\" class=\"elementor-animation-grow\" alt=\"\" srcset=\"https:\/\/ef.bardziejkreatywnie.pl\/wp-content\/uploads\/2026\/01\/paczkomat-1.jpg 1080w, https:\/\/ef.bardziejkreatywnie.pl\/wp-content\/uploads\/2026\/01\/paczkomat-1-169x300.jpg 169w, https:\/\/ef.bardziejkreatywnie.pl\/wp-content\/uploads\/2026\/01\/paczkomat-1-576x1024.jpg 576w, https:\/\/ef.bardziejkreatywnie.pl\/wp-content\/uploads\/2026\/01\/paczkomat-1-768x1365.jpg 768w, https:\/\/ef.bardziejkreatywnie.pl\/wp-content\/uploads\/2026\/01\/paczkomat-1-864x1536.jpg 864w\" sizes=\"(max-width: 1080px) 100vw, 1080px\" \/>\t\t\t\t<\/a>\n\t\t\t\t\t\t\t\n\t\t\t\t<a href=\"#\" data-mfp-src=\"https:\/\/ef.bardziejkreatywnie.pl\/wp-content\/uploads\/2026\/01\/pczkomat-768x1024.jpg\" class=\"ha-image-grid__item ha-js-lightbox __fltr-1\">\n\t\t\t\t\t<img decoding=\"async\" width=\"1536\" height=\"2048\" src=\"https:\/\/ef.bardziejkreatywnie.pl\/wp-content\/uploads\/2026\/01\/pczkomat.jpg\" class=\"elementor-animation-grow\" alt=\"\" srcset=\"https:\/\/ef.bardziejkreatywnie.pl\/wp-content\/uploads\/2026\/01\/pczkomat.jpg 1536w, https:\/\/ef.bardziejkreatywnie.pl\/wp-content\/uploads\/2026\/01\/pczkomat-225x300.jpg 225w, https:\/\/ef.bardziejkreatywnie.pl\/wp-content\/uploads\/2026\/01\/pczkomat-768x1024.jpg 768w, https:\/\/ef.bardziejkreatywnie.pl\/wp-content\/uploads\/2026\/01\/pczkomat-1152x1536.jpg 1152w\" sizes=\"(max-width: 1536px) 100vw, 1536px\" \/>\t\t\t\t<\/a>\n\t\t\t\t\t<\/div>\n\n\t\t\t\t\t\t<\/div>\n\t\t\t\t\t<\/div>\n\t\t\t\t<\/div>\n\t\t\t\t<\/div>\n\t\t","protected":false},"excerpt":{"rendered":"<p>PACZKOPORTY Paczkoport w s\u0142upku multimedialnym to nowoczesne i funkcjonalne rozwi\u0105zanie, kt\u00f3re umo\u017cliwia wygodny odbi\u00f3r przesy\u0142ek kurierskich bezpo\u015brednio pod domem lub [&hellip;]<\/p>\n","protected":false},"author":1,"featured_media":0,"parent":0,"menu_order":0,"comment_status":"closed","ping_status":"closed","template":"","meta":{"site-sidebar-layout":"no-sidebar","site-content-layout":"","ast-site-content-layout":"full-width-container","site-content-style":"default","site-sidebar-style":"default","ast-global-header-display":"","ast-banner-title-visibility":"","ast-main-header-display":"","ast-hfb-above-header-display":"","ast-hfb-below-header-display":"","ast-hfb-mobile-header-display":"","site-post-title":"disabled","ast-breadcrumbs-content":"","ast-featured-img":"disabled","footer-sml-layout":"","ast-disable-related-posts":"","theme-transparent-header-meta":"","adv-header-id-meta":"","stick-header-meta":"","header-above-stick-meta":"","header-main-stick-meta":"","header-below-stick-meta":"","astra-migrate-meta-layouts":"default","ast-page-background-enabled":"default","ast-page-background-meta":{"desktop":{"background-color":"var(--ast-global-color-5)","background-image":"","background-repeat":"repeat","background-position":"center center","background-size":"auto","background-attachment":"scroll","background-type":"","background-media":"","overlay-type":"","overlay-color":"","overlay-opacity":"","overlay-gradient":""},"tablet":{"background-color":"","background-image":"","background-repeat":"repeat","background-position":"center center","background-size":"auto","background-attachment":"scroll","background-type":"","background-media":"","overlay-type":"","overlay-color":"","overlay-opacity":"","overlay-gradient":""},"mobile":{"background-color":"","background-image":"","background-repeat":"repeat","background-position":"center center","background-size":"auto","background-attachment":"scroll","background-type":"","background-media":"","overlay-type":"","overlay-color":"","overlay-opacity":"","overlay-gradient":""}},"ast-content-background-meta":{"desktop":{"background-color":"var(--ast-global-color-4)","background-image":"","background-repeat":"repeat","background-position":"center center","background-size":"auto","background-attachment":"scroll","background-type":"","background-media":"","overlay-type":"","overlay-color":"","overlay-opacity":"","overlay-gradient":""},"tablet":{"background-color":"var(--ast-global-color-4)","background-image":"","background-repeat":"repeat","background-position":"center center","background-size":"auto","background-attachment":"scroll","background-type":"","background-media":"","overlay-type":"","overlay-color":"","overlay-opacity":"","overlay-gradient":""},"mobile":{"background-color":"var(--ast-global-color-4)","background-image":"","background-repeat":"repeat","background-position":"center center","background-size":"auto","background-attachment":"scroll","background-type":"","background-media":"","overlay-type":"","overlay-color":"","overlay-opacity":"","overlay-gradient":""}},"footnotes":""},"class_list":["post-43","page","type-page","status-publish","hentry"],"_links":{"self":[{"href":"https:\/\/ef.bardziejkreatywnie.pl\/index.php\/wp-json\/wp\/v2\/pages\/43","targetHints":{"allow":["GET"]}}],"collection":[{"href":"https:\/\/ef.bardziejkreatywnie.pl\/index.php\/wp-json\/wp\/v2\/pages"}],"about":[{"href":"https:\/\/ef.bardziejkreatywnie.pl\/index.php\/wp-json\/wp\/v2\/types\/page"}],"author":[{"embeddable":true,"href":"https:\/\/ef.bardziejkreatywnie.pl\/index.php\/wp-json\/wp\/v2\/users\/1"}],"replies":[{"embeddable":true,"href":"https:\/\/ef.bardziejkreatywnie.pl\/index.php\/wp-json\/wp\/v2\/comments?post=43"}],"version-history":[{"count":4,"href":"https:\/\/ef.bardziejkreatywnie.pl\/index.php\/wp-json\/wp\/v2\/pages\/43\/revisions"}],"predecessor-version":[{"id":1112,"href":"https:\/\/ef.bardziejkreatywnie.pl\/index.php\/wp-json\/wp\/v2\/pages\/43\/revisions\/1112"}],"wp:attachment":[{"href":"https:\/\/ef.bardziejkreatywnie.pl\/index.php\/wp-json\/wp\/v2\/media?parent=43"}],"curies":[{"name":"wp","href":"https:\/\/api.w.org\/{rel}","templated":true}]}}