{"id":41,"date":"2025-12-22T09:46:59","date_gmt":"2025-12-22T09:46:59","guid":{"rendered":"https:\/\/ef.bardziejkreatywnie.pl\/?page_id=41"},"modified":"2026-01-14T08:50:27","modified_gmt":"2026-01-14T08:50:27","slug":"portale","status":"publish","type":"page","link":"https:\/\/ef.bardziejkreatywnie.pl\/index.php\/portale\/","title":{"rendered":"PORTALE"},"content":{"rendered":"\t\t<div data-elementor-type=\"wp-page\" data-elementor-id=\"41\" class=\"elementor elementor-41\" data-elementor-settings=\"{&quot;ha_cmc_init_switcher&quot;:&quot;no&quot;}\">\n\t\t\t\t<div class=\"elementor-element elementor-element-9fa4215 e-flex e-con-boxed e-con e-parent\" data-id=\"9fa4215\" data-element_type=\"container\" data-e-type=\"container\" data-settings=\"{&quot;background_background&quot;:&quot;classic&quot;,&quot;_ha_eqh_enable&quot;:false}\">\n\t\t\t\t\t<div class=\"e-con-inner\">\n\t\t<div class=\"elementor-element elementor-element-74fbca4 e-con-full e-flex e-con e-child\" data-id=\"74fbca4\" data-element_type=\"container\" data-e-type=\"container\" data-settings=\"{&quot;_ha_eqh_enable&quot;:false}\">\n\t\t\t\t<div class=\"elementor-element elementor-element-433ea5e elementor-widget elementor-widget-heading\" data-id=\"433ea5e\" data-element_type=\"widget\" data-e-type=\"widget\" data-widget_type=\"heading.default\">\n\t\t\t\t\t<h2 class=\"elementor-heading-title elementor-size-default\">PORTAL DRZWIOWY <\/h2>\t\t\t\t<\/div>\n\t\t\t\t<\/div>\n\t\t\t\t\t<\/div>\n\t\t\t\t<\/div>\n\t\t<div class=\"elementor-element elementor-element-e4b2997 e-flex e-con-boxed e-con e-parent\" data-id=\"e4b2997\" data-element_type=\"container\" data-e-type=\"container\" data-settings=\"{&quot;_ha_eqh_enable&quot;:false}\">\n\t\t\t\t\t<div class=\"e-con-inner\">\n\t\t<div class=\"elementor-element elementor-element-00de826 e-con-full e-flex e-con e-child\" data-id=\"00de826\" data-element_type=\"container\" data-e-type=\"container\" data-settings=\"{&quot;_ha_eqh_enable&quot;:false}\">\n\t\t\t\t<div class=\"elementor-element elementor-element-5a5cbbf elementor-widget elementor-widget-image\" data-id=\"5a5cbbf\" data-element_type=\"widget\" data-e-type=\"widget\" data-widget_type=\"image.default\">\n\t\t\t\t\t\t\t\t\t\t\t\t\t\t\t<img fetchpriority=\"high\" decoding=\"async\" width=\"768\" height=\"1024\" src=\"https:\/\/ef.bardziejkreatywnie.pl\/wp-content\/uploads\/2026\/01\/3080_25-portal-3-768x1024.jpg\" class=\"attachment-large size-large wp-image-1097\" alt=\"\" srcset=\"https:\/\/ef.bardziejkreatywnie.pl\/wp-content\/uploads\/2026\/01\/3080_25-portal-3-768x1024.jpg 768w, https:\/\/ef.bardziejkreatywnie.pl\/wp-content\/uploads\/2026\/01\/3080_25-portal-3-225x300.jpg 225w, https:\/\/ef.bardziejkreatywnie.pl\/wp-content\/uploads\/2026\/01\/3080_25-portal-3-1152x1536.jpg 1152w, https:\/\/ef.bardziejkreatywnie.pl\/wp-content\/uploads\/2026\/01\/3080_25-portal-3.jpg 1200w\" sizes=\"(max-width: 768px) 100vw, 768px\" \/>\t\t\t\t\t\t\t\t\t\t\t\t\t\t\t<\/div>\n\t\t\t\t<\/div>\n\t\t<div class=\"elementor-element elementor-element-6f7e43a e-con-full e-flex e-con e-child\" data-id=\"6f7e43a\" data-element_type=\"container\" data-e-type=\"container\" data-settings=\"{&quot;_ha_eqh_enable&quot;:false}\">\n\t\t\t\t<div class=\"elementor-element elementor-element-3a1191e elementor-widget elementor-widget-text-editor\" data-id=\"3a1191e\" data-element_type=\"widget\" data-e-type=\"widget\" data-widget_type=\"text-editor.default\">\n\t\t\t\t\t\t\t\t\t<p>Portal drzwiowy to eleganckie i nowoczesne podkre\u015blenie strefy wej\u015bcia. Doskonale wsp\u00f3\u0142gra z modernistyczn\u0105 architektur\u0105 domu, ogrodu i ogrodzenia, tworz\u0105c sp\u00f3jn\u0105 i stylow\u0105 ca\u0142o\u015b\u0107. Dodatkowo oferuje liczne opcje personalizacji: mo\u017cliwo\u015b\u0107 wypalenia laserowego nazwy ulicy i numeru domu, przelotow\u0105 skrzynk\u0119 na listy, wyci\u0119cie pod wideodomofon oraz wbudowane pod\u015bwietlenie LED z czujnikiem zmierzchu, kt\u00f3re podkre\u015bla elegancki charakter portalu i zwi\u0119ksza widoczno\u015b\u0107 po zmroku. To po\u0142\u0105czenie designu, funkcjonalno\u015bci i bezpiecze\u0144stwa w jednym wyj\u0105tkowym elemencie, w pe\u0142ni dopasowanym do Twoich potrzeb.<\/p>\t\t\t\t\t\t\t\t<\/div>\n\t\t\t\t<\/div>\n\t\t\t\t\t<\/div>\n\t\t\t\t<\/div>\n\t\t<div class=\"elementor-element elementor-element-4a40934 e-flex e-con-boxed e-con e-parent\" data-id=\"4a40934\" data-element_type=\"container\" data-e-type=\"container\" data-settings=\"{&quot;_ha_eqh_enable&quot;:false}\">\n\t\t\t\t\t<div class=\"e-con-inner\">\n\t\t\t\t<div class=\"elementor-element elementor-element-4602fb7 ha-image-grid--masonry elementor-widget elementor-widget-ha-image-grid happy-addon ha-image-grid\" data-id=\"4602fb7\" data-element_type=\"widget\" data-e-type=\"widget\" data-settings=\"{&quot;disable_lightbox_on_tablet&quot;:&quot;yes&quot;,&quot;disable_lightbox_on_mobile&quot;:&quot;yes&quot;,&quot;layout&quot;:&quot;masonry&quot;,&quot;enable_popup&quot;:&quot;yes&quot;}\" data-widget_type=\"ha-image-grid.default\">\n\t\t\t\t\t\n\t\t<div class=\"ha-image-grid__wrap hajs-isotope ha-lightbox--has\">\n\t\t\t\t\t\t\t\n\t\t\t\t<a href=\"#\" data-mfp-src=\"https:\/\/ef.bardziejkreatywnie.pl\/wp-content\/uploads\/2026\/01\/3080_25-portal-1-768x1365.jpg\" class=\"ha-image-grid__item ha-js-lightbox __fltr-1\">\n\t\t\t\t\t<img decoding=\"async\" width=\"1080\" height=\"1920\" src=\"https:\/\/ef.bardziejkreatywnie.pl\/wp-content\/uploads\/2026\/01\/3080_25-portal-1.jpg\" class=\"elementor-animation-grow\" alt=\"\" srcset=\"https:\/\/ef.bardziejkreatywnie.pl\/wp-content\/uploads\/2026\/01\/3080_25-portal-1.jpg 1080w, https:\/\/ef.bardziejkreatywnie.pl\/wp-content\/uploads\/2026\/01\/3080_25-portal-1-169x300.jpg 169w, https:\/\/ef.bardziejkreatywnie.pl\/wp-content\/uploads\/2026\/01\/3080_25-portal-1-576x1024.jpg 576w, https:\/\/ef.bardziejkreatywnie.pl\/wp-content\/uploads\/2026\/01\/3080_25-portal-1-768x1365.jpg 768w, https:\/\/ef.bardziejkreatywnie.pl\/wp-content\/uploads\/2026\/01\/3080_25-portal-1-864x1536.jpg 864w\" sizes=\"(max-width: 1080px) 100vw, 1080px\" \/>\t\t\t\t<\/a>\n\t\t\t\t\t\t\t\n\t\t\t\t<a href=\"#\" data-mfp-src=\"https:\/\/ef.bardziejkreatywnie.pl\/wp-content\/uploads\/2026\/01\/3080_25-portal-2-768x576.jpg\" class=\"ha-image-grid__item ha-js-lightbox __fltr-1\">\n\t\t\t\t\t<img decoding=\"async\" width=\"1600\" height=\"1200\" src=\"https:\/\/ef.bardziejkreatywnie.pl\/wp-content\/uploads\/2026\/01\/3080_25-portal-2.jpg\" class=\"elementor-animation-grow\" alt=\"\" srcset=\"https:\/\/ef.bardziejkreatywnie.pl\/wp-content\/uploads\/2026\/01\/3080_25-portal-2.jpg 1600w, https:\/\/ef.bardziejkreatywnie.pl\/wp-content\/uploads\/2026\/01\/3080_25-portal-2-300x225.jpg 300w, https:\/\/ef.bardziejkreatywnie.pl\/wp-content\/uploads\/2026\/01\/3080_25-portal-2-1024x768.jpg 1024w, https:\/\/ef.bardziejkreatywnie.pl\/wp-content\/uploads\/2026\/01\/3080_25-portal-2-768x576.jpg 768w, https:\/\/ef.bardziejkreatywnie.pl\/wp-content\/uploads\/2026\/01\/3080_25-portal-2-1536x1152.jpg 1536w\" sizes=\"(max-width: 1600px) 100vw, 1600px\" \/>\t\t\t\t<\/a>\n\t\t\t\t\t\t\t\n\t\t\t\t<a href=\"#\" data-mfp-src=\"https:\/\/ef.bardziejkreatywnie.pl\/wp-content\/uploads\/2026\/01\/3080_25-portal-3-1-768x1024.jpg\" class=\"ha-image-grid__item ha-js-lightbox __fltr-1\">\n\t\t\t\t\t<img loading=\"lazy\" decoding=\"async\" width=\"1200\" height=\"1600\" src=\"https:\/\/ef.bardziejkreatywnie.pl\/wp-content\/uploads\/2026\/01\/3080_25-portal-3-1.jpg\" class=\"elementor-animation-grow\" alt=\"\" srcset=\"https:\/\/ef.bardziejkreatywnie.pl\/wp-content\/uploads\/2026\/01\/3080_25-portal-3-1.jpg 1200w, https:\/\/ef.bardziejkreatywnie.pl\/wp-content\/uploads\/2026\/01\/3080_25-portal-3-1-225x300.jpg 225w, https:\/\/ef.bardziejkreatywnie.pl\/wp-content\/uploads\/2026\/01\/3080_25-portal-3-1-768x1024.jpg 768w, https:\/\/ef.bardziejkreatywnie.pl\/wp-content\/uploads\/2026\/01\/3080_25-portal-3-1-1152x1536.jpg 1152w\" sizes=\"(max-width: 1200px) 100vw, 1200px\" \/>\t\t\t\t<\/a>\n\t\t\t\t\t\t\t\n\t\t\t\t<a href=\"#\" data-mfp-src=\"https:\/\/ef.bardziejkreatywnie.pl\/wp-content\/uploads\/2026\/01\/portal-projekt-1-768x412.jpg\" class=\"ha-image-grid__item ha-js-lightbox __fltr-1\">\n\t\t\t\t\t<img loading=\"lazy\" decoding=\"async\" width=\"1600\" height=\"859\" src=\"https:\/\/ef.bardziejkreatywnie.pl\/wp-content\/uploads\/2026\/01\/portal-projekt-1.jpg\" class=\"elementor-animation-grow\" alt=\"\" srcset=\"https:\/\/ef.bardziejkreatywnie.pl\/wp-content\/uploads\/2026\/01\/portal-projekt-1.jpg 1600w, https:\/\/ef.bardziejkreatywnie.pl\/wp-content\/uploads\/2026\/01\/portal-projekt-1-300x161.jpg 300w, https:\/\/ef.bardziejkreatywnie.pl\/wp-content\/uploads\/2026\/01\/portal-projekt-1-1024x550.jpg 1024w, https:\/\/ef.bardziejkreatywnie.pl\/wp-content\/uploads\/2026\/01\/portal-projekt-1-768x412.jpg 768w, https:\/\/ef.bardziejkreatywnie.pl\/wp-content\/uploads\/2026\/01\/portal-projekt-1-1536x825.jpg 1536w\" sizes=\"(max-width: 1600px) 100vw, 1600px\" \/>\t\t\t\t<\/a>\n\t\t\t\t\t\t\t\n\t\t\t\t<a href=\"#\" data-mfp-src=\"https:\/\/ef.bardziejkreatywnie.pl\/wp-content\/uploads\/2026\/01\/portal-projekt-2-768x412.jpg\" class=\"ha-image-grid__item ha-js-lightbox __fltr-1\">\n\t\t\t\t\t<img loading=\"lazy\" decoding=\"async\" width=\"1600\" height=\"859\" src=\"https:\/\/ef.bardziejkreatywnie.pl\/wp-content\/uploads\/2026\/01\/portal-projekt-2.jpg\" class=\"elementor-animation-grow\" alt=\"\" srcset=\"https:\/\/ef.bardziejkreatywnie.pl\/wp-content\/uploads\/2026\/01\/portal-projekt-2.jpg 1600w, https:\/\/ef.bardziejkreatywnie.pl\/wp-content\/uploads\/2026\/01\/portal-projekt-2-300x161.jpg 300w, https:\/\/ef.bardziejkreatywnie.pl\/wp-content\/uploads\/2026\/01\/portal-projekt-2-1024x550.jpg 1024w, https:\/\/ef.bardziejkreatywnie.pl\/wp-content\/uploads\/2026\/01\/portal-projekt-2-768x412.jpg 768w, https:\/\/ef.bardziejkreatywnie.pl\/wp-content\/uploads\/2026\/01\/portal-projekt-2-1536x825.jpg 1536w\" sizes=\"(max-width: 1600px) 100vw, 1600px\" \/>\t\t\t\t<\/a>\n\t\t\t\t\t\t\t\n\t\t\t\t<a href=\"#\" data-mfp-src=\"https:\/\/ef.bardziejkreatywnie.pl\/wp-content\/uploads\/2026\/01\/portal-projekt-3-768x412.jpg\" class=\"ha-image-grid__item ha-js-lightbox __fltr-1\">\n\t\t\t\t\t<img loading=\"lazy\" decoding=\"async\" width=\"1600\" height=\"859\" src=\"https:\/\/ef.bardziejkreatywnie.pl\/wp-content\/uploads\/2026\/01\/portal-projekt-3.jpg\" class=\"elementor-animation-grow\" alt=\"\" srcset=\"https:\/\/ef.bardziejkreatywnie.pl\/wp-content\/uploads\/2026\/01\/portal-projekt-3.jpg 1600w, https:\/\/ef.bardziejkreatywnie.pl\/wp-content\/uploads\/2026\/01\/portal-projekt-3-300x161.jpg 300w, https:\/\/ef.bardziejkreatywnie.pl\/wp-content\/uploads\/2026\/01\/portal-projekt-3-1024x550.jpg 1024w, https:\/\/ef.bardziejkreatywnie.pl\/wp-content\/uploads\/2026\/01\/portal-projekt-3-768x412.jpg 768w, https:\/\/ef.bardziejkreatywnie.pl\/wp-content\/uploads\/2026\/01\/portal-projekt-3-1536x825.jpg 1536w\" sizes=\"(max-width: 1600px) 100vw, 1600px\" \/>\t\t\t\t<\/a>\n\t\t\t\t\t<\/div>\n\n\t\t\t\t\t\t<\/div>\n\t\t\t\t\t<\/div>\n\t\t\t\t<\/div>\n\t\t\t\t<\/div>\n\t\t","protected":false},"excerpt":{"rendered":"<p>PORTAL DRZWIOWY Portal drzwiowy to eleganckie i nowoczesne podkre\u015blenie strefy wej\u015bcia. Doskonale wsp\u00f3\u0142gra z modernistyczn\u0105 architektur\u0105 domu, ogrodu i ogrodzenia, [&hellip;]<\/p>\n","protected":false},"author":1,"featured_media":0,"parent":0,"menu_order":0,"comment_status":"closed","ping_status":"closed","template":"","meta":{"site-sidebar-layout":"no-sidebar","site-content-layout":"","ast-site-content-layout":"full-width-container","site-content-style":"default","site-sidebar-style":"default","ast-global-header-display":"","ast-banner-title-visibility":"","ast-main-header-display":"","ast-hfb-above-header-display":"","ast-hfb-below-header-display":"","ast-hfb-mobile-header-display":"","site-post-title":"disabled","ast-breadcrumbs-content":"","ast-featured-img":"disabled","footer-sml-layout":"","ast-disable-related-posts":"","theme-transparent-header-meta":"","adv-header-id-meta":"","stick-header-meta":"","header-above-stick-meta":"","header-main-stick-meta":"","header-below-stick-meta":"","astra-migrate-meta-layouts":"default","ast-page-background-enabled":"default","ast-page-background-meta":{"desktop":{"background-color":"var(--ast-global-color-5)","background-image":"","background-repeat":"repeat","background-position":"center center","background-size":"auto","background-attachment":"scroll","background-type":"","background-media":"","overlay-type":"","overlay-color":"","overlay-opacity":"","overlay-gradient":""},"tablet":{"background-color":"","background-image":"","background-repeat":"repeat","background-position":"center center","background-size":"auto","background-attachment":"scroll","background-type":"","background-media":"","overlay-type":"","overlay-color":"","overlay-opacity":"","overlay-gradient":""},"mobile":{"background-color":"","background-image":"","background-repeat":"repeat","background-position":"center center","background-size":"auto","background-attachment":"scroll","background-type":"","background-media":"","overlay-type":"","overlay-color":"","overlay-opacity":"","overlay-gradient":""}},"ast-content-background-meta":{"desktop":{"background-color":"var(--ast-global-color-4)","background-image":"","background-repeat":"repeat","background-position":"center center","background-size":"auto","background-attachment":"scroll","background-type":"","background-media":"","overlay-type":"","overlay-color":"","overlay-opacity":"","overlay-gradient":""},"tablet":{"background-color":"var(--ast-global-color-4)","background-image":"","background-repeat":"repeat","background-position":"center center","background-size":"auto","background-attachment":"scroll","background-type":"","background-media":"","overlay-type":"","overlay-color":"","overlay-opacity":"","overlay-gradient":""},"mobile":{"background-color":"var(--ast-global-color-4)","background-image":"","background-repeat":"repeat","background-position":"center center","background-size":"auto","background-attachment":"scroll","background-type":"","background-media":"","overlay-type":"","overlay-color":"","overlay-opacity":"","overlay-gradient":""}},"footnotes":""},"class_list":["post-41","page","type-page","status-publish","hentry"],"_links":{"self":[{"href":"https:\/\/ef.bardziejkreatywnie.pl\/index.php\/wp-json\/wp\/v2\/pages\/41","targetHints":{"allow":["GET"]}}],"collection":[{"href":"https:\/\/ef.bardziejkreatywnie.pl\/index.php\/wp-json\/wp\/v2\/pages"}],"about":[{"href":"https:\/\/ef.bardziejkreatywnie.pl\/index.php\/wp-json\/wp\/v2\/types\/page"}],"author":[{"embeddable":true,"href":"https:\/\/ef.bardziejkreatywnie.pl\/index.php\/wp-json\/wp\/v2\/users\/1"}],"replies":[{"embeddable":true,"href":"https:\/\/ef.bardziejkreatywnie.pl\/index.php\/wp-json\/wp\/v2\/comments?post=41"}],"version-history":[{"count":4,"href":"https:\/\/ef.bardziejkreatywnie.pl\/index.php\/wp-json\/wp\/v2\/pages\/41\/revisions"}],"predecessor-version":[{"id":1106,"href":"https:\/\/ef.bardziejkreatywnie.pl\/index.php\/wp-json\/wp\/v2\/pages\/41\/revisions\/1106"}],"wp:attachment":[{"href":"https:\/\/ef.bardziejkreatywnie.pl\/index.php\/wp-json\/wp\/v2\/media?parent=41"}],"curies":[{"name":"wp","href":"https:\/\/api.w.org\/{rel}","templated":true}]}}